{"id":8673,"date":"2021-11-15T16:59:43","date_gmt":"2021-11-15T15:59:43","guid":{"rendered":"https:\/\/pigouille.com\/WP\/diaporama-3\/"},"modified":"2021-11-16T09:58:50","modified_gmt":"2021-11-16T08:58:50","slug":"12-07-2021-avec-algaia-sur-l-ile-stagadon","status":"publish","type":"page","link":"https:\/\/pigouille.com\/WP\/12-07-2021-avec-algaia-sur-l-ile-stagadon\/","title":{"rendered":"12-07-2021 Avec ALGAIA sur l&rsquo;\u00eele Stagadon"},"content":{"rendered":"\n<div class=\"wp-block-qubely-wrapper qubely-block-32fa4e\"><div class=\"qubely-block-wrapper-block \">\n<div class=\"wp-block-columns is-layout-flex wp-container-core-columns-is-layout-28f84493 wp-block-columns-is-layout-flex\">\n<div class=\"wp-block-column is-layout-flow wp-block-column-is-layout-flow\" style=\"flex-basis:95%\">\n<h4 class=\"has-text-align-center wp-block-heading\" id=\"quelques-employes-de-algaia-apres-une-visite-de-notre-chantier-ont-partage-un-moment-convivial-avec-nous-sur-l-ile-stagadon\"><strong>Quelques employ\u00e9s de ALGAIA, apr\u00e8s une visite de notre chantier ont partag\u00e9 un moment convivial avec nous sur l&rsquo;\u00eele Stagadon   <\/strong><\/h4>\n<\/div>\n\n\n\n<div class=\"wp-block-column is-layout-flow wp-block-column-is-layout-flow\" style=\"flex-basis:5%\">\n<figure class=\"wp-block-image is-resized\"><a href=\"javascript:history.back()\"><img loading=\"lazy\" decoding=\"async\" src=\"https:\/\/pigouille.com\/WP\/wp-content\/uploads\/2021\/03\/close5.png\" alt=\"Retour \u00e0 la page pr\u00e9c\u00e9dente\" class=\"wp-image-18\" width=\"30\" height=\"30\" title=\"Retour \u00e0 la page pr\u00e9c\u00e9dente\"\/><\/a><\/figure>\n<\/div>\n<\/div>\n<\/div><\/div>\n\n\n\n<div class=\"wp-block-qubely-wrapper qubely-block-e8a89d\"><div class=\"qubely-block-wrapper-block \">\n<h4 class=\"wp-block-heading\" id=\"mais-en-premier-lieu-voila-ce-qui-arrive-quand-on-sous-estime-la-maree\"><strong>Mais en premier lieu, voil\u00e0 ce qui arrive quand on sous estime la mar\u00e9e\u2026 <\/strong><\/h4>\n\n\n\n<figure class=\"wp-block-video\"><video height=\"1080\" style=\"aspect-ratio: 1920 \/ 1080;\" width=\"1920\" controls src=\"https:\/\/pigouille.com\/WP\/wp-content\/uploads\/2021\/11\/2021-09-11_Stagadon_ALGAIA (1).mp4\"><\/video><\/figure>\n\n\n\n<h4 class=\"wp-block-heading\" id=\"par-contre-heureusement-la-main-d-oeuvre-ne-manque-pas\"><strong>\u2026 par contre, heureusement, la main d&rsquo;oeuvre ne manque pas<\/strong><\/h4>\n\n\n\n<figure class=\"wp-block-video\"><video height=\"1080\" style=\"aspect-ratio: 1920 \/ 1080;\" width=\"1920\" controls src=\"https:\/\/pigouille.com\/WP\/wp-content\/uploads\/2021\/11\/2021-09-11_Stagadon_ALGAIA (2).mp4\"><\/video><\/figure>\n\n\n\n<div class=\"wp-block-columns is-layout-flex wp-container-core-columns-is-layout-28f84493 wp-block-columns-is-layout-flex\">\n<div class=\"wp-block-column is-layout-flow wp-block-column-is-layout-flow\">\n<h5 class=\"wp-block-heading\" id=\"votre-diaporama-de-111-photosun-reportage-de-notre-ami-gerard-girod\"><br><br><br><a href=\"https:\/\/pigouille.com\/WP\/diaporama-avec-algaia-sur-lile-guenioc\/\">Votre diaporama de 111 photos<br>Un reportage de notre ami G\u00e9rard GIROD<\/a><\/h5>\n<\/div>\n\n\n\n<div class=\"wp-block-column is-layout-flow wp-block-column-is-layout-flow\">\n<figure class=\"wp-block-image size-full\"><a href=\"https:\/\/pigouille.com\/WP\/diaporama-avec-algaia-sur-lile-guenioc\/\"><img loading=\"lazy\" decoding=\"async\" width=\"800\" height=\"533\" src=\"https:\/\/pigouille.com\/WP\/wp-content\/uploads\/2021\/11\/2021-09-11_Stagadon_ALGAIA-62.jpg\" alt=\"\" class=\"wp-image-8729\" srcset=\"https:\/\/pigouille.com\/WP\/wp-content\/uploads\/2021\/11\/2021-09-11_Stagadon_ALGAIA-62.jpg 800w, https:\/\/pigouille.com\/WP\/wp-content\/uploads\/2021\/11\/2021-09-11_Stagadon_ALGAIA-62-300x200.jpg 300w, https:\/\/pigouille.com\/WP\/wp-content\/uploads\/2021\/11\/2021-09-11_Stagadon_ALGAIA-62-768x512.jpg 768w\" sizes=\"auto, (max-width: 800px) 100vw, 800px\" \/><\/a><\/figure>\n<\/div>\n<\/div>\n<\/div><\/div>\n","protected":false},"excerpt":{"rendered":"","protected":false},"author":1,"featured_media":0,"parent":0,"menu_order":0,"comment_status":"closed","ping_status":"closed","template":"","meta":{"qubely_global_settings":"","qubely_interactions":"","footnotes":""},"class_list":["post-8673","page","type-page","status-publish","hentry"],"blocksy_meta":{"styles_descriptor":{"styles":{"desktop":"","tablet":"","mobile":""},"google_fonts":[],"version":6}},"yoast_head":"<!-- This site is optimized with the Yoast SEO plugin v27.3 - https:\/\/yoast.com\/product\/yoast-seo-wordpress\/ -->\n<title>12-07-2021 Avec ALGAIA sur l&#039;\u00eele Stagadon - Pigouille Site de Association Martine Goemoniers<\/title>\n<meta name=\"robots\" content=\"index, follow, max-snippet:-1, max-image-preview:large, max-video-preview:-1\" \/>\n<link rel=\"canonical\" href=\"https:\/\/pigouille.com\/WP\/12-07-2021-avec-algaia-sur-l-ile-stagadon\/\" \/>\n<meta property=\"og:locale\" content=\"fr_FR\" \/>\n<meta property=\"og:type\" content=\"article\" \/>\n<meta property=\"og:title\" content=\"12-07-2021 Avec ALGAIA sur l&#039;\u00eele Stagadon - Pigouille Site de Association Martine Goemoniers\" \/>\n<meta property=\"og:url\" content=\"https:\/\/pigouille.com\/WP\/12-07-2021-avec-algaia-sur-l-ile-stagadon\/\" \/>\n<meta property=\"og:site_name\" content=\"Pigouille Site de Association Martine Goemoniers\" \/>\n<meta property=\"article:modified_time\" content=\"2021-11-16T08:58:50+00:00\" \/>\n<meta property=\"og:image\" content=\"https:\/\/pigouille.com\/WP\/wp-content\/uploads\/2021\/03\/close5.png\" \/>\n<meta name=\"twitter:card\" content=\"summary_large_image\" \/>\n<meta name=\"twitter:label1\" content=\"Dur\u00e9e de lecture estim\u00e9e\" \/>\n\t<meta name=\"twitter:data1\" content=\"1 minute\" \/>\n<script type=\"application\/ld+json\" class=\"yoast-schema-graph\">{\"@context\":\"https:\\\/\\\/schema.org\",\"@graph\":[{\"@type\":\"WebPage\",\"@id\":\"https:\\\/\\\/pigouille.com\\\/WP\\\/12-07-2021-avec-algaia-sur-l-ile-stagadon\\\/\",\"url\":\"https:\\\/\\\/pigouille.com\\\/WP\\\/12-07-2021-avec-algaia-sur-l-ile-stagadon\\\/\",\"name\":\"12-07-2021 Avec ALGAIA sur l'\u00eele Stagadon - Pigouille Site de Association Martine Goemoniers\",\"isPartOf\":{\"@id\":\"https:\\\/\\\/pigouille.com\\\/WP\\\/#website\"},\"primaryImageOfPage\":{\"@id\":\"https:\\\/\\\/pigouille.com\\\/WP\\\/12-07-2021-avec-algaia-sur-l-ile-stagadon\\\/#primaryimage\"},\"image\":{\"@id\":\"https:\\\/\\\/pigouille.com\\\/WP\\\/12-07-2021-avec-algaia-sur-l-ile-stagadon\\\/#primaryimage\"},\"thumbnailUrl\":\"https:\\\/\\\/pigouille.com\\\/WP\\\/wp-content\\\/uploads\\\/2021\\\/03\\\/close5.png\",\"datePublished\":\"2021-11-15T15:59:43+00:00\",\"dateModified\":\"2021-11-16T08:58:50+00:00\",\"breadcrumb\":{\"@id\":\"https:\\\/\\\/pigouille.com\\\/WP\\\/12-07-2021-avec-algaia-sur-l-ile-stagadon\\\/#breadcrumb\"},\"inLanguage\":\"fr-FR\",\"potentialAction\":[{\"@type\":\"ReadAction\",\"target\":[\"https:\\\/\\\/pigouille.com\\\/WP\\\/12-07-2021-avec-algaia-sur-l-ile-stagadon\\\/\"]}]},{\"@type\":\"ImageObject\",\"inLanguage\":\"fr-FR\",\"@id\":\"https:\\\/\\\/pigouille.com\\\/WP\\\/12-07-2021-avec-algaia-sur-l-ile-stagadon\\\/#primaryimage\",\"url\":\"https:\\\/\\\/pigouille.com\\\/WP\\\/wp-content\\\/uploads\\\/2021\\\/03\\\/close5.png\",\"contentUrl\":\"https:\\\/\\\/pigouille.com\\\/WP\\\/wp-content\\\/uploads\\\/2021\\\/03\\\/close5.png\",\"width\":48,\"height\":48},{\"@type\":\"BreadcrumbList\",\"@id\":\"https:\\\/\\\/pigouille.com\\\/WP\\\/12-07-2021-avec-algaia-sur-l-ile-stagadon\\\/#breadcrumb\",\"itemListElement\":[{\"@type\":\"ListItem\",\"position\":1,\"name\":\"Accueil\",\"item\":\"https:\\\/\\\/pigouille.com\\\/WP\\\/\"},{\"@type\":\"ListItem\",\"position\":2,\"name\":\"12-07-2021 Avec ALGAIA sur l&rsquo;\u00eele Stagadon\"}]},{\"@type\":\"WebSite\",\"@id\":\"https:\\\/\\\/pigouille.com\\\/WP\\\/#website\",\"url\":\"https:\\\/\\\/pigouille.com\\\/WP\\\/\",\"name\":\"Pigouille Site de Association Martine Goemoniers\",\"description\":\"Cotre Goemonier \u00e0 Landeda\",\"publisher\":{\"@id\":\"https:\\\/\\\/pigouille.com\\\/WP\\\/#organization\"},\"potentialAction\":[{\"@type\":\"SearchAction\",\"target\":{\"@type\":\"EntryPoint\",\"urlTemplate\":\"https:\\\/\\\/pigouille.com\\\/WP\\\/?s={search_term_string}\"},\"query-input\":{\"@type\":\"PropertyValueSpecification\",\"valueRequired\":true,\"valueName\":\"search_term_string\"}}],\"inLanguage\":\"fr-FR\"},{\"@type\":\"Organization\",\"@id\":\"https:\\\/\\\/pigouille.com\\\/WP\\\/#organization\",\"name\":\"Pigouille Site de Association Martine Goemoniers\",\"url\":\"https:\\\/\\\/pigouille.com\\\/WP\\\/\",\"logo\":{\"@type\":\"ImageObject\",\"inLanguage\":\"fr-FR\",\"@id\":\"https:\\\/\\\/pigouille.com\\\/WP\\\/#\\\/schema\\\/logo\\\/image\\\/\",\"url\":\"https:\\\/\\\/pigouille.com\\\/WP\\\/wp-content\\\/uploads\\\/2021\\\/03\\\/Logo_M.png\",\"contentUrl\":\"https:\\\/\\\/pigouille.com\\\/WP\\\/wp-content\\\/uploads\\\/2021\\\/03\\\/Logo_M.png\",\"width\":52,\"height\":48,\"caption\":\"Pigouille Site de Association Martine Goemoniers\"},\"image\":{\"@id\":\"https:\\\/\\\/pigouille.com\\\/WP\\\/#\\\/schema\\\/logo\\\/image\\\/\"}}]}<\/script>\n<!-- \/ Yoast SEO plugin. -->","yoast_head_json":{"title":"12-07-2021 Avec ALGAIA sur l'\u00eele Stagadon - Pigouille Site de Association Martine Goemoniers","robots":{"index":"index","follow":"follow","max-snippet":"max-snippet:-1","max-image-preview":"max-image-preview:large","max-video-preview":"max-video-preview:-1"},"canonical":"https:\/\/pigouille.com\/WP\/12-07-2021-avec-algaia-sur-l-ile-stagadon\/","og_locale":"fr_FR","og_type":"article","og_title":"12-07-2021 Avec ALGAIA sur l'\u00eele Stagadon - Pigouille Site de Association Martine Goemoniers","og_url":"https:\/\/pigouille.com\/WP\/12-07-2021-avec-algaia-sur-l-ile-stagadon\/","og_site_name":"Pigouille Site de Association Martine Goemoniers","article_modified_time":"2021-11-16T08:58:50+00:00","og_image":[{"url":"https:\/\/pigouille.com\/WP\/wp-content\/uploads\/2021\/03\/close5.png","type":"","width":"","height":""}],"twitter_card":"summary_large_image","twitter_misc":{"Dur\u00e9e de lecture estim\u00e9e":"1 minute"},"schema":{"@context":"https:\/\/schema.org","@graph":[{"@type":"WebPage","@id":"https:\/\/pigouille.com\/WP\/12-07-2021-avec-algaia-sur-l-ile-stagadon\/","url":"https:\/\/pigouille.com\/WP\/12-07-2021-avec-algaia-sur-l-ile-stagadon\/","name":"12-07-2021 Avec ALGAIA sur l'\u00eele Stagadon - Pigouille Site de Association Martine Goemoniers","isPartOf":{"@id":"https:\/\/pigouille.com\/WP\/#website"},"primaryImageOfPage":{"@id":"https:\/\/pigouille.com\/WP\/12-07-2021-avec-algaia-sur-l-ile-stagadon\/#primaryimage"},"image":{"@id":"https:\/\/pigouille.com\/WP\/12-07-2021-avec-algaia-sur-l-ile-stagadon\/#primaryimage"},"thumbnailUrl":"https:\/\/pigouille.com\/WP\/wp-content\/uploads\/2021\/03\/close5.png","datePublished":"2021-11-15T15:59:43+00:00","dateModified":"2021-11-16T08:58:50+00:00","breadcrumb":{"@id":"https:\/\/pigouille.com\/WP\/12-07-2021-avec-algaia-sur-l-ile-stagadon\/#breadcrumb"},"inLanguage":"fr-FR","potentialAction":[{"@type":"ReadAction","target":["https:\/\/pigouille.com\/WP\/12-07-2021-avec-algaia-sur-l-ile-stagadon\/"]}]},{"@type":"ImageObject","inLanguage":"fr-FR","@id":"https:\/\/pigouille.com\/WP\/12-07-2021-avec-algaia-sur-l-ile-stagadon\/#primaryimage","url":"https:\/\/pigouille.com\/WP\/wp-content\/uploads\/2021\/03\/close5.png","contentUrl":"https:\/\/pigouille.com\/WP\/wp-content\/uploads\/2021\/03\/close5.png","width":48,"height":48},{"@type":"BreadcrumbList","@id":"https:\/\/pigouille.com\/WP\/12-07-2021-avec-algaia-sur-l-ile-stagadon\/#breadcrumb","itemListElement":[{"@type":"ListItem","position":1,"name":"Accueil","item":"https:\/\/pigouille.com\/WP\/"},{"@type":"ListItem","position":2,"name":"12-07-2021 Avec ALGAIA sur l&rsquo;\u00eele Stagadon"}]},{"@type":"WebSite","@id":"https:\/\/pigouille.com\/WP\/#website","url":"https:\/\/pigouille.com\/WP\/","name":"Pigouille Site de Association Martine Goemoniers","description":"Cotre Goemonier \u00e0 Landeda","publisher":{"@id":"https:\/\/pigouille.com\/WP\/#organization"},"potentialAction":[{"@type":"SearchAction","target":{"@type":"EntryPoint","urlTemplate":"https:\/\/pigouille.com\/WP\/?s={search_term_string}"},"query-input":{"@type":"PropertyValueSpecification","valueRequired":true,"valueName":"search_term_string"}}],"inLanguage":"fr-FR"},{"@type":"Organization","@id":"https:\/\/pigouille.com\/WP\/#organization","name":"Pigouille Site de Association Martine Goemoniers","url":"https:\/\/pigouille.com\/WP\/","logo":{"@type":"ImageObject","inLanguage":"fr-FR","@id":"https:\/\/pigouille.com\/WP\/#\/schema\/logo\/image\/","url":"https:\/\/pigouille.com\/WP\/wp-content\/uploads\/2021\/03\/Logo_M.png","contentUrl":"https:\/\/pigouille.com\/WP\/wp-content\/uploads\/2021\/03\/Logo_M.png","width":52,"height":48,"caption":"Pigouille Site de Association Martine Goemoniers"},"image":{"@id":"https:\/\/pigouille.com\/WP\/#\/schema\/logo\/image\/"}}]}},"_links":{"self":[{"href":"https:\/\/pigouille.com\/WP\/wp-json\/wp\/v2\/pages\/8673","targetHints":{"allow":["GET"]}}],"collection":[{"href":"https:\/\/pigouille.com\/WP\/wp-json\/wp\/v2\/pages"}],"about":[{"href":"https:\/\/pigouille.com\/WP\/wp-json\/wp\/v2\/types\/page"}],"author":[{"embeddable":true,"href":"https:\/\/pigouille.com\/WP\/wp-json\/wp\/v2\/users\/1"}],"replies":[{"embeddable":true,"href":"https:\/\/pigouille.com\/WP\/wp-json\/wp\/v2\/comments?post=8673"}],"version-history":[{"count":12,"href":"https:\/\/pigouille.com\/WP\/wp-json\/wp\/v2\/pages\/8673\/revisions"}],"predecessor-version":[{"id":8855,"href":"https:\/\/pigouille.com\/WP\/wp-json\/wp\/v2\/pages\/8673\/revisions\/8855"}],"wp:attachment":[{"href":"https:\/\/pigouille.com\/WP\/wp-json\/wp\/v2\/media?parent=8673"}],"curies":[{"name":"wp","href":"https:\/\/api.w.org\/{rel}","templated":true}]}}