{"id":8365,"date":"2021-11-14T15:27:27","date_gmt":"2021-11-14T14:27:27","guid":{"rendered":"https:\/\/pigouille.com\/WP\/video-3\/"},"modified":"2023-11-21T08:50:05","modified_gmt":"2023-11-21T07:50:05","slug":"video-jean-rene-semaine-du-golfe-2019","status":"publish","type":"page","link":"https:\/\/pigouille.com\/WP\/video-jean-rene-semaine-du-golfe-2019\/","title":{"rendered":"VIDEO : Jean-Ren\u00e9 semaine du Golfe 2019"},"content":{"rendered":"\n<div class=\"wp-block-qubely-wrapper qubely-block-3af25b\"><div class=\"qubely-block-wrapper-block \">\n<div class=\"wp-block-columns is-layout-flex wp-container-core-columns-is-layout-28f84493 wp-block-columns-is-layout-flex\">\n<div class=\"wp-block-column is-layout-flow wp-block-column-is-layout-flow\" style=\"flex-basis:95%\">\n<h3 class=\"wp-block-heading has-text-align-center\" id=\"participation-du-jean-rene-a-la-semaine-du-golfe-dans-le-morbihan-du-lundi-27-mai-au-dimanche-02-juin-2019\"><br><strong>Participation du Jean-Ren\u00e9 \u00e0 la semaine du Golfe dans le Morbihan du lundi 27 mai au dimanche 02 Juin 2019 <\/strong><\/h3>\n<\/div>\n\n\n\n<div class=\"wp-block-column is-layout-flow wp-block-column-is-layout-flow\" style=\"flex-basis:5%\">\n<figure class=\"wp-block-image is-resized\"><a href=\"javascript:history.back()\"><img loading=\"lazy\" decoding=\"async\" width=\"48\" height=\"48\" src=\"https:\/\/pigouille.com\/WP\/wp-content\/uploads\/2021\/03\/close5.png\" alt=\"Retour \u00e0 la page pr\u00e9c\u00e9dente\" class=\"wp-image-18\" style=\"width:30px;height:30px\" title=\"Retour \u00e0 la page pr\u00e9c\u00e9dente\"\/><\/a><\/figure>\n<\/div>\n<\/div>\n<\/div><\/div>\n\n\n\n<div class=\"wp-block-qubely-wrapper qubely-block-ea68d6\"><div class=\"qubely-block-wrapper-block \">\n<div class=\"wp-block-columns is-layout-flex wp-container-core-columns-is-layout-28f84493 wp-block-columns-is-layout-flex\">\n<div class=\"wp-block-column is-layout-flow wp-block-column-is-layout-flow\" style=\"flex-basis:40%\">\n<figure class=\"wp-block-image size-full\"><img loading=\"lazy\" decoding=\"async\" width=\"586\" height=\"830\" src=\"https:\/\/pigouille.com\/WP\/wp-content\/uploads\/2021\/11\/Affiche_SDG19AURAY.jpg\" alt=\"\" class=\"wp-image-8370\" srcset=\"https:\/\/pigouille.com\/WP\/wp-content\/uploads\/2021\/11\/Affiche_SDG19AURAY.jpg 586w, https:\/\/pigouille.com\/WP\/wp-content\/uploads\/2021\/11\/Affiche_SDG19AURAY-212x300.jpg 212w\" sizes=\"auto, (max-width: 586px) 100vw, 586px\" \/><\/figure>\n<\/div>\n\n\n\n<div class=\"wp-block-column is-layout-flow wp-block-column-is-layout-flow\" style=\"flex-basis:60%\">\n<div class=\"wp-block-columns is-layout-flex wp-container-core-columns-is-layout-28f84493 wp-block-columns-is-layout-flex\">\n<div class=\"wp-block-column is-layout-flow wp-block-column-is-layout-flow\"><\/div>\n<\/div>\n\n\n\n<figure class=\"wp-block-image alignright size-full\"><img loading=\"lazy\" decoding=\"async\" width=\"1000\" height=\"447\" src=\"https:\/\/pigouille.com\/WP\/wp-content\/uploads\/2021\/11\/Semaine_du_Golfe_2019.jpg\" alt=\"\" class=\"wp-image-8371\" srcset=\"https:\/\/pigouille.com\/WP\/wp-content\/uploads\/2021\/11\/Semaine_du_Golfe_2019.jpg 1000w, https:\/\/pigouille.com\/WP\/wp-content\/uploads\/2021\/11\/Semaine_du_Golfe_2019-300x134.jpg 300w, https:\/\/pigouille.com\/WP\/wp-content\/uploads\/2021\/11\/Semaine_du_Golfe_2019-768x343.jpg 768w\" sizes=\"auto, (max-width: 1000px) 100vw, 1000px\" \/><\/figure>\n\n\n\n<h6 class=\"wp-block-heading has-text-align-center\" id=\"la-martine-a-decide-de-participer-avec-le-karreg-hir-a-la-semaine-du-golfe-dans-le-morbihan-l-association-martine-etait-animatrice-de-l-initiation-a-la-godille-a-saint-goustan\"><br><br>.<\/h6>\n\n\n\n<div class=\"wp-block-columns is-layout-flex wp-container-core-columns-is-layout-28f84493 wp-block-columns-is-layout-flex\">\n<div class=\"wp-block-column is-layout-flow wp-block-column-is-layout-flow\" style=\"flex-basis:15%\"><\/div>\n\n\n\n<div class=\"wp-block-column is-layout-flow wp-block-column-is-layout-flow\" style=\"flex-basis:85%\">\n<h6 class=\"wp-block-heading has-text-align-left\">La MARTINE a d\u00e9cid\u00e9 de participer avec le KARREG HIR \u00e0 la semaine du Golfe dans le Morbihan.<br>L&rsquo;association Martine \u00e9tait animatrice de l&rsquo;initiation \u00e0 la Godille \u00e0 Saint Goustan<\/h6>\n<\/div>\n<\/div>\n<\/div>\n<\/div>\n\n\n\n<h6 class=\"wp-block-heading\" id=\"initiation-godille-a-saint-goustan-avec-l-association-martinevideo-de-2mn29s-realisee-par-fred-barat-longitude-ouest-plouguerneau-copresident-de-l-association-du-karreg-hir\">\u2022 <font color=\"#b9402f\">Initiation godille \u00e0 Saint Goustan avec l&rsquo;association Martine<\/font><br>Vid\u00e9o de 2mn29s r\u00e9alis\u00e9e par Fred Barat ( LONGITUDE OUEST Plouguerneau ) Copr\u00e9sident de l&rsquo;association du KARREG HIR<\/h6>\n\n\n\n<div class=\"wp-block-columns is-layout-flex wp-container-core-columns-is-layout-28f84493 wp-block-columns-is-layout-flex\">\n<div class=\"wp-block-column is-layout-flow wp-block-column-is-layout-flow\" style=\"flex-basis:66.66%\">\n<figure class=\"wp-block-video\"><video height=\"1080\" style=\"aspect-ratio: 1920 \/ 1080;\" width=\"1920\" controls poster=\"https:\/\/pigouille.com\/WP\/wp-content\/uploads\/2021\/11\/Initiation_Godille_St_Goustan_film.jpg\" src=\"https:\/\/pigouille.com\/WP\/wp-content\/uploads\/2021\/11\/godille_st_goustan_FB.mp4\"><\/video><\/figure>\n<\/div>\n\n\n\n<div class=\"wp-block-column is-layout-flow wp-block-column-is-layout-flow\" style=\"flex-basis:33.33%\">\n<figure class=\"wp-block-image size-large\"><img loading=\"lazy\" decoding=\"async\" width=\"1024\" height=\"1024\" src=\"https:\/\/pigouille.com\/WP\/wp-content\/uploads\/2021\/11\/Affiche_GODILLE_SEMAINE_DU_GOLFE-1024x1024.jpg\" alt=\"\" class=\"wp-image-8376\" srcset=\"https:\/\/pigouille.com\/WP\/wp-content\/uploads\/2021\/11\/Affiche_GODILLE_SEMAINE_DU_GOLFE-1024x1024.jpg 1024w, https:\/\/pigouille.com\/WP\/wp-content\/uploads\/2021\/11\/Affiche_GODILLE_SEMAINE_DU_GOLFE-300x300.jpg 300w, https:\/\/pigouille.com\/WP\/wp-content\/uploads\/2021\/11\/Affiche_GODILLE_SEMAINE_DU_GOLFE-150x150.jpg 150w, https:\/\/pigouille.com\/WP\/wp-content\/uploads\/2021\/11\/Affiche_GODILLE_SEMAINE_DU_GOLFE-768x768.jpg 768w, https:\/\/pigouille.com\/WP\/wp-content\/uploads\/2021\/11\/Affiche_GODILLE_SEMAINE_DU_GOLFE-1536x1536.jpg 1536w, https:\/\/pigouille.com\/WP\/wp-content\/uploads\/2021\/11\/Affiche_GODILLE_SEMAINE_DU_GOLFE-2048x2048.jpg 2048w\" sizes=\"auto, (max-width: 1024px) 100vw, 1024px\" \/><\/figure>\n<\/div>\n<\/div>\n\n\n\n<div class=\"wp-block-columns is-layout-flex wp-container-core-columns-is-layout-28f84493 wp-block-columns-is-layout-flex\">\n<div class=\"wp-block-column is-layout-flow wp-block-column-is-layout-flow\" style=\"flex-basis:66.66%\">\n<h5 class=\"wp-block-heading\" id=\"diaporama-quelques-photos-de-la-semaine-du-golfe\"><br><br>\u2022 <font color=\"#b9402f\">Diaporama<\/font> : <a href=\"https:\/\/pigouille.com\/index.php?page=Semaine_du_Golfe_2019_Diaporama\">Qu<\/a><a href=\"https:\/\/pigouille.com\/WP\/diaporama-jean-rene-semaine-du-golfe\/\">elques photos de la semaine du Golfe<\/a><\/h5>\n<\/div>\n\n\n\n<div class=\"wp-block-column is-layout-flow wp-block-column-is-layout-flow\" style=\"flex-basis:33.33%\">\n<figure class=\"wp-block-image size-full\"><a href=\"https:\/\/pigouille.com\/WP\/diaporama-jean-rene-semaine-du-golfe\/\"><img loading=\"lazy\" decoding=\"async\" width=\"800\" height=\"600\" src=\"https:\/\/pigouille.com\/WP\/wp-content\/uploads\/2021\/11\/Semaine_du_Golf_2019-24-1.jpg\" alt=\"\" class=\"wp-image-8440\" srcset=\"https:\/\/pigouille.com\/WP\/wp-content\/uploads\/2021\/11\/Semaine_du_Golf_2019-24-1.jpg 800w, https:\/\/pigouille.com\/WP\/wp-content\/uploads\/2021\/11\/Semaine_du_Golf_2019-24-1-300x225.jpg 300w, https:\/\/pigouille.com\/WP\/wp-content\/uploads\/2021\/11\/Semaine_du_Golf_2019-24-1-768x576.jpg 768w\" sizes=\"auto, (max-width: 800px) 100vw, 800px\" \/><\/a><\/figure>\n<\/div>\n<\/div>\n\n\n\n<h4 class=\"wp-block-heading has-text-align-center\" id=\"reportages-de-france-3-bretagne-pays-de-la-loire\"><strong><font color=\"#b9402f\">Reportages de FRANCE 3 BRETAGNE &#8211; PAYS DE LA LOIRE :<\/font><\/strong><br><\/h4>\n\n\n\n<h6 class=\"wp-block-heading\" id=\"le-19-20-du-27-05-2019-semaine-du-golfe-video-de-7mn17s-mn\"><strong>\u2022 Le 19\/20 du 27-05-2019 : Semaine du Golfe (vid\u00e9o de 7mn17s mn)<\/strong><br><br><\/h6>\n\n\n\n<figure class=\"wp-block-video\"><video height=\"400\" style=\"aspect-ratio: 704 \/ 400;\" width=\"704\" controls poster=\"https:\/\/pigouille.com\/WP\/wp-content\/uploads\/2021\/11\/2019-05-27.jpg\" src=\"https:\/\/pigouille.com\/WP\/wp-content\/uploads\/2021\/11\/2-Bretagne_France-3_2019_05_27.mp4\"><\/video><\/figure>\n\n\n\n<h6 class=\"wp-block-heading\" id=\"le-corentin-de-0-a-3mn34schantier-du-guip-de-03mn34s-a-5mn08sle-babar-de-5mn08s-a-7mn17s\"><font color=\"#b9402f\">Le Corentin<\/font> de 0 \u00e0 3mn34s<br><font color=\"#b9402f\">Chantier du GUIP<\/font> de 03mn34s \u00e0 5mn08s<br><font color=\"#b9402f\">Le Babar<\/font> de 5mn08s \u00e0 7mn17s<br><br><\/h6>\n\n\n\n<h6 class=\"wp-block-heading\" id=\"le-19-20-du-28-05-2019-une-semaine-dans-le-golfe-video-de-7mn26s-mn\">\u2022 Le 19\/20 du 28-05-2019 : Une semaine dans le Golfe (vid\u00e9o de 7mn26s mn)<\/h6>\n\n\n\n<figure class=\"wp-block-video\"><video height=\"396\" style=\"aspect-ratio: 704 \/ 396;\" width=\"704\" controls poster=\"https:\/\/pigouille.com\/WP\/wp-content\/uploads\/2021\/11\/2019-05-28.jpg\" src=\"https:\/\/pigouille.com\/WP\/wp-content\/uploads\/2021\/11\/5-Bretagne_France-3_2019_05_28.mp4\"><\/video><\/figure>\n\n\n\n<h6 class=\"wp-block-heading\" id=\"petite-parade-de-0-a-2mn27sile-d-ar-de-2mn27s-a-4mn58sle-francais-de-4mn58s-a-7mn26s-le-19-20-du-29-05-2019-la-scandinavie-a-l-honneur-video-de-8mn\"><font color=\"#b9402f\">Petite parade<\/font> de 0 \u00e0 2mn27s<br><font color=\"#b9402f\">Ile d&rsquo;Ar<\/font> de 2mn27s \u00e0 4mn58s<br><font color=\"#b9402f\">Le Fran\u00e7ais<\/font> de 4mn58s \u00e0 7mn26s<br><br>\u2022 Le 19\/20 du 29-05-2019 : La Scandinavie \u00e0 l&rsquo;honneur (vid\u00e9o de 8mn)<\/h6>\n\n\n\n<figure class=\"wp-block-video\"><video height=\"396\" style=\"aspect-ratio: 704 \/ 396;\" width=\"704\" controls poster=\"https:\/\/pigouille.com\/WP\/wp-content\/uploads\/2021\/11\/2019-05-29.jpg\" src=\"https:\/\/pigouille.com\/WP\/wp-content\/uploads\/2021\/11\/8-Bretagne_France-3_2019_05_29.mp4\"><\/video><\/figure>\n\n\n\n<h6 class=\"wp-block-heading\" id=\"wilhem-le-viking-de-1mn20-a-3mn09syannick-favro-de-3mn09s-a-5mnil-nous-parle-des-constructions-a-clain-des-coques-scandinavesle-skeaf-de-5mn-a-8mn-le-19-20-du-29-05-2019-tout-le-monde-sur-le-pont-video-de-7mn53s\"><font color=\"#b9402f\">\u00ab\u00a0Wilhem\u00a0\u00bb le viking<\/font> de 1mn20 \u00e0 3mn09s<br><font color=\"#b9402f\">Yannick Favro<\/font> de 3mn09s \u00e0 5mn<br>Il nous parle des constructions \u00e0 clain des coques scandinaves<br><font color=\"#b9402f\">Le Skeaf<\/font> de 5mn \u00e0 8mn<br><br>\u2022 Le 19\/20 du 29-05-2019 : Tout le monde sur le pont (vid\u00e9o de 7mn53s)<\/h6>\n\n\n\n<figure class=\"wp-block-video\"><video height=\"396\" style=\"aspect-ratio: 704 \/ 396;\" width=\"704\" controls poster=\"https:\/\/pigouille.com\/WP\/wp-content\/uploads\/2021\/11\/2019-05-30.jpg\" src=\"https:\/\/pigouille.com\/WP\/wp-content\/uploads\/2021\/11\/11-Bretagne_France-3_2019_05_30.mp4\"><\/video><\/figure>\n\n\n\n<h6 id=\"tout-le-monde-sur-le-pont-de-0-a-2mn50sles-pink-ladys-de-2mn50s-a-5mn10sle-karaboudjan-bateau-a-vapeur-de-5mn10-a-7mn53s-le-19-20-du-29-05-2019-journee-venitienne-video-de-8mn18s\"><font color=\"#b9402f\">Tout le monde sur le pont<\/font> de 0 \u00e0 2mn50s<br><font color=\"#b9402f\">Les Pink Ladys<\/font> de 2mn50s \u00e0 5mn10s<br><font color=\"#b9402f\">Le Karaboudjan<\/font> bateau \u00e0 vapeur de 5mn10 \u00e0 7mn53s<br><br>\u2022 Le 19\/20 du 29-05-2019 : Journ\u00e9e v\u00e9nitienne (vid\u00e9o de 8mn18s)<\/h6>\n\n\n\n<figure class=\"wp-block-video\"><video height=\"396\" style=\"aspect-ratio: 704 \/ 396;\" width=\"704\" controls poster=\"https:\/\/pigouille.com\/WP\/wp-content\/uploads\/2021\/11\/2019-05-31.jpg\" src=\"https:\/\/pigouille.com\/WP\/wp-content\/uploads\/2021\/11\/13-Bretagne_France-3_2019_05_31.mp4\"><\/video><\/figure>\n\n\n\n<h6 class=\"wp-block-heading\" id=\"pas-que-des-gondoles-a-venise-de-0-a-2mn54sas-caravelle-de-2mn54s-a-4mn54sla-korriganez-une-peniche-hollandaise-de-112ans-qui-peut-naviguer-en-mer-de-4mn54s-a-7mn46sarrivee-du-belem-de-7mn46s-a-8mn18s-le-19-20-du-29-05-2019-toutes-voiles-dehors-video-de-7mn12s\"><font color=\"#b9402f\">Pas que des gondoles \u00e0 Venise<\/font> de 0 \u00e0 2mn54s<br>AS caravelle de 2mn54s \u00e0 4mn54s<br><font color=\"#b9402f\">La Korriganez une p\u00e9niche hollandaise de 112ans qui peut naviguer en mer<\/font> de 4mn54s \u00e0 7mn46s<br><font color=\"#b9402f\">Arriv\u00e9e du Belem<\/font> de 7mn46s \u00e0 8mn18s<br><br>\u2022 Le 19\/20 du 29-05-2019 : Toutes voiles dehors ! (vid\u00e9o de 7mn12s)<\/h6>\n\n\n\n<figure class=\"wp-block-video\"><video height=\"396\" style=\"aspect-ratio: 704 \/ 396;\" width=\"704\" controls poster=\"https:\/\/pigouille.com\/WP\/wp-content\/uploads\/2021\/11\/2019-06-01.jpg\" src=\"https:\/\/pigouille.com\/WP\/wp-content\/uploads\/2021\/11\/15-Bretagne_France-3_2019_06_01.mp4\"><\/video><\/figure>\n\n\n\n<h6 class=\"wp-block-heading\" id=\"la-grande-parade-de-0-a-5mn12sgerard-d-aboville-commissaire-de-la-semaine-du-golfe-de-5mn12s-a-7mn12s\"><font color=\"#b9402f\">La grande parade<\/font> de 0 \u00e0 5mn12s<br><font color=\"#b9402f\">G\u00e9rard D&rsquo;Aboville Commissaire de la semaine du Golfe<\/font> de 5mn12s \u00e0 7mn12s<br><br><\/h6>\n\n\n\n<h4 class=\"wp-block-heading has-text-align-center\" id=\"et-pour-clore-cette-page\"><font color=\"#b9402f\">Et pour clore cette page :<\/font><br><\/h4>\n\n\n\n<h6 class=\"wp-block-heading\" id=\"le-02-06-2019-a-la-rencontre-des-passionnes-de-bateaux-de-tradition\">\u2022 Le 02\/06\/2019 \u00e0 la rencontre des passionn\u00e9s de bateaux de tradition<\/h6>\n\n\n\n<h6 class=\"wp-block-heading\" id=\"littoral-speciale-semaine-du-golfe-2019-video-sur-youtube-de-26-mn\">&nbsp;&nbsp;&nbsp;&nbsp;&nbsp;&nbsp;&nbsp;&nbsp;&nbsp; <font color=\"#b9402f\">LITTORAL sp\u00e9ciale Semaine du Golfe 2019 :<\/font> <a href=\"https:\/\/www.youtube.com\/watch?v=s8Je9shMbPc\" target=\"_blank\" rel=\"noreferrer noopener\">(vid\u00e9o sur youtube de 26 mn)<\/a><\/h6>\n<\/div><\/div>\n","protected":false},"excerpt":{"rendered":"","protected":false},"author":1,"featured_media":0,"parent":0,"menu_order":0,"comment_status":"closed","ping_status":"closed","template":"","meta":{"qubely_global_settings":"","qubely_interactions":"","footnotes":""},"class_list":["post-8365","page","type-page","status-publish","hentry"],"blocksy_meta":{"styles_descriptor":{"styles":{"desktop":"","tablet":"","mobile":""},"google_fonts":[],"version":6}},"yoast_head":"<!-- This site is optimized with the Yoast SEO plugin v27.3 - https:\/\/yoast.com\/product\/yoast-seo-wordpress\/ -->\n<title>VIDEO : Jean-Ren\u00e9 semaine du Golfe 2019 - Pigouille Site de Association Martine Goemoniers<\/title>\n<meta name=\"robots\" content=\"index, follow, max-snippet:-1, max-image-preview:large, max-video-preview:-1\" \/>\n<link rel=\"canonical\" href=\"https:\/\/pigouille.com\/WP\/video-jean-rene-semaine-du-golfe-2019\/\" \/>\n<meta property=\"og:locale\" content=\"fr_FR\" \/>\n<meta property=\"og:type\" content=\"article\" \/>\n<meta property=\"og:title\" content=\"VIDEO : Jean-Ren\u00e9 semaine du Golfe 2019 - Pigouille Site de Association Martine Goemoniers\" \/>\n<meta property=\"og:url\" content=\"https:\/\/pigouille.com\/WP\/video-jean-rene-semaine-du-golfe-2019\/\" \/>\n<meta property=\"og:site_name\" content=\"Pigouille Site de Association Martine Goemoniers\" \/>\n<meta property=\"article:modified_time\" content=\"2023-11-21T07:50:05+00:00\" \/>\n<meta property=\"og:image\" content=\"https:\/\/pigouille.com\/WP\/wp-content\/uploads\/2021\/03\/close5.png\" \/>\n<meta name=\"twitter:card\" content=\"summary_large_image\" \/>\n<meta name=\"twitter:label1\" content=\"Dur\u00e9e de lecture estim\u00e9e\" \/>\n\t<meta name=\"twitter:data1\" content=\"3 minutes\" \/>\n<script type=\"application\/ld+json\" class=\"yoast-schema-graph\">{\"@context\":\"https:\\\/\\\/schema.org\",\"@graph\":[{\"@type\":\"WebPage\",\"@id\":\"https:\\\/\\\/pigouille.com\\\/WP\\\/video-jean-rene-semaine-du-golfe-2019\\\/\",\"url\":\"https:\\\/\\\/pigouille.com\\\/WP\\\/video-jean-rene-semaine-du-golfe-2019\\\/\",\"name\":\"VIDEO : Jean-Ren\u00e9 semaine du Golfe 2019 - Pigouille Site de Association Martine Goemoniers\",\"isPartOf\":{\"@id\":\"https:\\\/\\\/pigouille.com\\\/WP\\\/#website\"},\"primaryImageOfPage\":{\"@id\":\"https:\\\/\\\/pigouille.com\\\/WP\\\/video-jean-rene-semaine-du-golfe-2019\\\/#primaryimage\"},\"image\":{\"@id\":\"https:\\\/\\\/pigouille.com\\\/WP\\\/video-jean-rene-semaine-du-golfe-2019\\\/#primaryimage\"},\"thumbnailUrl\":\"https:\\\/\\\/pigouille.com\\\/WP\\\/wp-content\\\/uploads\\\/2021\\\/03\\\/close5.png\",\"datePublished\":\"2021-11-14T14:27:27+00:00\",\"dateModified\":\"2023-11-21T07:50:05+00:00\",\"breadcrumb\":{\"@id\":\"https:\\\/\\\/pigouille.com\\\/WP\\\/video-jean-rene-semaine-du-golfe-2019\\\/#breadcrumb\"},\"inLanguage\":\"fr-FR\",\"potentialAction\":[{\"@type\":\"ReadAction\",\"target\":[\"https:\\\/\\\/pigouille.com\\\/WP\\\/video-jean-rene-semaine-du-golfe-2019\\\/\"]}]},{\"@type\":\"ImageObject\",\"inLanguage\":\"fr-FR\",\"@id\":\"https:\\\/\\\/pigouille.com\\\/WP\\\/video-jean-rene-semaine-du-golfe-2019\\\/#primaryimage\",\"url\":\"https:\\\/\\\/pigouille.com\\\/WP\\\/wp-content\\\/uploads\\\/2021\\\/03\\\/close5.png\",\"contentUrl\":\"https:\\\/\\\/pigouille.com\\\/WP\\\/wp-content\\\/uploads\\\/2021\\\/03\\\/close5.png\",\"width\":48,\"height\":48},{\"@type\":\"BreadcrumbList\",\"@id\":\"https:\\\/\\\/pigouille.com\\\/WP\\\/video-jean-rene-semaine-du-golfe-2019\\\/#breadcrumb\",\"itemListElement\":[{\"@type\":\"ListItem\",\"position\":1,\"name\":\"Accueil\",\"item\":\"https:\\\/\\\/pigouille.com\\\/WP\\\/\"},{\"@type\":\"ListItem\",\"position\":2,\"name\":\"VIDEO : Jean-Ren\u00e9 semaine du Golfe 2019\"}]},{\"@type\":\"WebSite\",\"@id\":\"https:\\\/\\\/pigouille.com\\\/WP\\\/#website\",\"url\":\"https:\\\/\\\/pigouille.com\\\/WP\\\/\",\"name\":\"Pigouille Site de Association Martine Goemoniers\",\"description\":\"Cotre Goemonier \u00e0 Landeda\",\"publisher\":{\"@id\":\"https:\\\/\\\/pigouille.com\\\/WP\\\/#organization\"},\"potentialAction\":[{\"@type\":\"SearchAction\",\"target\":{\"@type\":\"EntryPoint\",\"urlTemplate\":\"https:\\\/\\\/pigouille.com\\\/WP\\\/?s={search_term_string}\"},\"query-input\":{\"@type\":\"PropertyValueSpecification\",\"valueRequired\":true,\"valueName\":\"search_term_string\"}}],\"inLanguage\":\"fr-FR\"},{\"@type\":\"Organization\",\"@id\":\"https:\\\/\\\/pigouille.com\\\/WP\\\/#organization\",\"name\":\"Pigouille Site de Association Martine Goemoniers\",\"url\":\"https:\\\/\\\/pigouille.com\\\/WP\\\/\",\"logo\":{\"@type\":\"ImageObject\",\"inLanguage\":\"fr-FR\",\"@id\":\"https:\\\/\\\/pigouille.com\\\/WP\\\/#\\\/schema\\\/logo\\\/image\\\/\",\"url\":\"https:\\\/\\\/pigouille.com\\\/WP\\\/wp-content\\\/uploads\\\/2021\\\/03\\\/Logo_M.png\",\"contentUrl\":\"https:\\\/\\\/pigouille.com\\\/WP\\\/wp-content\\\/uploads\\\/2021\\\/03\\\/Logo_M.png\",\"width\":52,\"height\":48,\"caption\":\"Pigouille Site de Association Martine Goemoniers\"},\"image\":{\"@id\":\"https:\\\/\\\/pigouille.com\\\/WP\\\/#\\\/schema\\\/logo\\\/image\\\/\"}}]}<\/script>\n<!-- \/ Yoast SEO plugin. -->","yoast_head_json":{"title":"VIDEO : Jean-Ren\u00e9 semaine du Golfe 2019 - Pigouille Site de Association Martine Goemoniers","robots":{"index":"index","follow":"follow","max-snippet":"max-snippet:-1","max-image-preview":"max-image-preview:large","max-video-preview":"max-video-preview:-1"},"canonical":"https:\/\/pigouille.com\/WP\/video-jean-rene-semaine-du-golfe-2019\/","og_locale":"fr_FR","og_type":"article","og_title":"VIDEO : Jean-Ren\u00e9 semaine du Golfe 2019 - Pigouille Site de Association Martine Goemoniers","og_url":"https:\/\/pigouille.com\/WP\/video-jean-rene-semaine-du-golfe-2019\/","og_site_name":"Pigouille Site de Association Martine Goemoniers","article_modified_time":"2023-11-21T07:50:05+00:00","og_image":[{"url":"https:\/\/pigouille.com\/WP\/wp-content\/uploads\/2021\/03\/close5.png","type":"","width":"","height":""}],"twitter_card":"summary_large_image","twitter_misc":{"Dur\u00e9e de lecture estim\u00e9e":"3 minutes"},"schema":{"@context":"https:\/\/schema.org","@graph":[{"@type":"WebPage","@id":"https:\/\/pigouille.com\/WP\/video-jean-rene-semaine-du-golfe-2019\/","url":"https:\/\/pigouille.com\/WP\/video-jean-rene-semaine-du-golfe-2019\/","name":"VIDEO : Jean-Ren\u00e9 semaine du Golfe 2019 - Pigouille Site de Association Martine Goemoniers","isPartOf":{"@id":"https:\/\/pigouille.com\/WP\/#website"},"primaryImageOfPage":{"@id":"https:\/\/pigouille.com\/WP\/video-jean-rene-semaine-du-golfe-2019\/#primaryimage"},"image":{"@id":"https:\/\/pigouille.com\/WP\/video-jean-rene-semaine-du-golfe-2019\/#primaryimage"},"thumbnailUrl":"https:\/\/pigouille.com\/WP\/wp-content\/uploads\/2021\/03\/close5.png","datePublished":"2021-11-14T14:27:27+00:00","dateModified":"2023-11-21T07:50:05+00:00","breadcrumb":{"@id":"https:\/\/pigouille.com\/WP\/video-jean-rene-semaine-du-golfe-2019\/#breadcrumb"},"inLanguage":"fr-FR","potentialAction":[{"@type":"ReadAction","target":["https:\/\/pigouille.com\/WP\/video-jean-rene-semaine-du-golfe-2019\/"]}]},{"@type":"ImageObject","inLanguage":"fr-FR","@id":"https:\/\/pigouille.com\/WP\/video-jean-rene-semaine-du-golfe-2019\/#primaryimage","url":"https:\/\/pigouille.com\/WP\/wp-content\/uploads\/2021\/03\/close5.png","contentUrl":"https:\/\/pigouille.com\/WP\/wp-content\/uploads\/2021\/03\/close5.png","width":48,"height":48},{"@type":"BreadcrumbList","@id":"https:\/\/pigouille.com\/WP\/video-jean-rene-semaine-du-golfe-2019\/#breadcrumb","itemListElement":[{"@type":"ListItem","position":1,"name":"Accueil","item":"https:\/\/pigouille.com\/WP\/"},{"@type":"ListItem","position":2,"name":"VIDEO : Jean-Ren\u00e9 semaine du Golfe 2019"}]},{"@type":"WebSite","@id":"https:\/\/pigouille.com\/WP\/#website","url":"https:\/\/pigouille.com\/WP\/","name":"Pigouille Site de Association Martine Goemoniers","description":"Cotre Goemonier \u00e0 Landeda","publisher":{"@id":"https:\/\/pigouille.com\/WP\/#organization"},"potentialAction":[{"@type":"SearchAction","target":{"@type":"EntryPoint","urlTemplate":"https:\/\/pigouille.com\/WP\/?s={search_term_string}"},"query-input":{"@type":"PropertyValueSpecification","valueRequired":true,"valueName":"search_term_string"}}],"inLanguage":"fr-FR"},{"@type":"Organization","@id":"https:\/\/pigouille.com\/WP\/#organization","name":"Pigouille Site de Association Martine Goemoniers","url":"https:\/\/pigouille.com\/WP\/","logo":{"@type":"ImageObject","inLanguage":"fr-FR","@id":"https:\/\/pigouille.com\/WP\/#\/schema\/logo\/image\/","url":"https:\/\/pigouille.com\/WP\/wp-content\/uploads\/2021\/03\/Logo_M.png","contentUrl":"https:\/\/pigouille.com\/WP\/wp-content\/uploads\/2021\/03\/Logo_M.png","width":52,"height":48,"caption":"Pigouille Site de Association Martine Goemoniers"},"image":{"@id":"https:\/\/pigouille.com\/WP\/#\/schema\/logo\/image\/"}}]}},"_links":{"self":[{"href":"https:\/\/pigouille.com\/WP\/wp-json\/wp\/v2\/pages\/8365","targetHints":{"allow":["GET"]}}],"collection":[{"href":"https:\/\/pigouille.com\/WP\/wp-json\/wp\/v2\/pages"}],"about":[{"href":"https:\/\/pigouille.com\/WP\/wp-json\/wp\/v2\/types\/page"}],"author":[{"embeddable":true,"href":"https:\/\/pigouille.com\/WP\/wp-json\/wp\/v2\/users\/1"}],"replies":[{"embeddable":true,"href":"https:\/\/pigouille.com\/WP\/wp-json\/wp\/v2\/comments?post=8365"}],"version-history":[{"count":33,"href":"https:\/\/pigouille.com\/WP\/wp-json\/wp\/v2\/pages\/8365\/revisions"}],"predecessor-version":[{"id":13667,"href":"https:\/\/pigouille.com\/WP\/wp-json\/wp\/v2\/pages\/8365\/revisions\/13667"}],"wp:attachment":[{"href":"https:\/\/pigouille.com\/WP\/wp-json\/wp\/v2\/media?parent=8365"}],"curies":[{"name":"wp","href":"https:\/\/api.w.org\/{rel}","templated":true}]}}