{"id":8003,"date":"2021-11-12T16:11:06","date_gmt":"2021-11-12T15:11:06","guid":{"rendered":"https:\/\/pigouille.com\/WP\/activites-diverses-2\/"},"modified":"2021-11-12T22:51:09","modified_gmt":"2021-11-12T21:51:09","slug":"balade-historique-sur-laberwrach-avec-martine","status":"publish","type":"page","link":"https:\/\/pigouille.com\/WP\/balade-historique-sur-laberwrach-avec-martine\/","title":{"rendered":"Balade historique sur l&rsquo;Aber Wrac&rsquo;h avec la Martine"},"content":{"rendered":"\n<div class=\"wp-block-qubely-wrapper qubely-block-0aa0ba\"><div class=\"qubely-block-wrapper-block \">\n<div class=\"wp-block-columns is-layout-flex wp-container-core-columns-is-layout-28f84493 wp-block-columns-is-layout-flex\">\n<div class=\"wp-block-column is-layout-flow wp-block-column-is-layout-flow\" style=\"flex-basis:95%\">\n<h3 class=\"has-text-align-center wp-block-heading\" id=\"balade-historique-sur-l-aber-wrac-h-avec-la-martine\"><br><strong>Balade historique sur l&rsquo;Aber Wrac&rsquo;h avec la Martine<\/strong><\/h3>\n<\/div>\n\n\n\n<div class=\"wp-block-column is-layout-flow wp-block-column-is-layout-flow\" style=\"flex-basis:5%\">\n<figure class=\"wp-block-image is-resized\"><a href=\"javascript:history.back()\"><img loading=\"lazy\" decoding=\"async\" src=\"https:\/\/pigouille.com\/WP\/wp-content\/uploads\/2021\/03\/close5.png\" alt=\"Retour \u00e0 la page pr\u00e9c\u00e9dente\" class=\"wp-image-18\" title=\"Retour \u00e0 la page pr\u00e9c\u00e9dente\" width=\"30\" height=\"30\"><\/a><\/figure>\n<\/div>\n<\/div>\n<\/div><\/div>\n\n\n\n<div class=\"wp-block-qubely-wrapper qubely-block-34c1f2\"><div class=\"qubely-block-wrapper-block \">\n<div class=\"wp-block-columns is-layout-flex wp-container-core-columns-is-layout-28f84493 wp-block-columns-is-layout-flex\">\n<div class=\"wp-block-column is-layout-flow wp-block-column-is-layout-flow\">\n<div class=\"wp-block-qubely-wrapper qubely-block-5cce6f\"><div class=\"qubely-block-wrapper-block \">\n<div class=\"wp-block-columns is-layout-flex wp-container-core-columns-is-layout-28f84493 wp-block-columns-is-layout-flex\">\n<div class=\"wp-block-column is-layout-flow wp-block-column-is-layout-flow\" style=\"flex-basis:35%\">\n<figure class=\"wp-block-image size-large\"><a href=\"https:\/\/pigouille.com\/WP\/wp-content\/uploads\/2021\/11\/bLb_RCF1.jpg\"><img loading=\"lazy\" decoding=\"async\" width=\"768\" height=\"1024\" src=\"https:\/\/pigouille.com\/WP\/wp-content\/uploads\/2021\/11\/bLb_RCF1-768x1024.jpg\" alt=\"\" class=\"wp-image-8008\" srcset=\"https:\/\/pigouille.com\/WP\/wp-content\/uploads\/2021\/11\/bLb_RCF1-768x1024.jpg 768w, https:\/\/pigouille.com\/WP\/wp-content\/uploads\/2021\/11\/bLb_RCF1-225x300.jpg 225w, https:\/\/pigouille.com\/WP\/wp-content\/uploads\/2021\/11\/bLb_RCF1.jpg 1000w\" sizes=\"auto, (max-width: 768px) 100vw, 768px\" \/><\/a><\/figure>\n<\/div>\n\n\n\n<div class=\"wp-block-column is-layout-flow wp-block-column-is-layout-flow\" style=\"flex-basis:65%\">\n<p><br><\/p>\n\n\n\n<div class=\"wp-block-columns is-layout-flex wp-container-core-columns-is-layout-28f84493 wp-block-columns-is-layout-flex\">\n<div class=\"wp-block-column is-layout-flow wp-block-column-is-layout-flow\" style=\"flex-basis:35%\">\n<figure class=\"wp-block-image size-full\"><img loading=\"lazy\" decoding=\"async\" width=\"400\" height=\"200\" src=\"https:\/\/pigouille.com\/WP\/wp-content\/uploads\/2021\/11\/logo.png\" alt=\"\" class=\"wp-image-8009\" srcset=\"https:\/\/pigouille.com\/WP\/wp-content\/uploads\/2021\/11\/logo.png 400w, https:\/\/pigouille.com\/WP\/wp-content\/uploads\/2021\/11\/logo-300x150.png 300w\" sizes=\"auto, (max-width: 400px) 100vw, 400px\" \/><\/figure>\n<\/div>\n\n\n\n<div class=\"wp-block-column is-layout-flow wp-block-column-is-layout-flow\" style=\"flex-basis:75%\">\n<p> <br><\/p>\n\n\n\n<figure class=\"wp-block-audio\"><audio controls src=\"https:\/\/pigouille.com\/WP\/wp-content\/uploads\/2021\/11\/RCF29_MAG_20180720.mp3\"><\/audio><\/figure>\n<\/div>\n<\/div>\n\n\n\n<div class=\"wp-block-columns is-layout-flex wp-container-core-columns-is-layout-28f84493 wp-block-columns-is-layout-flex\">\n<div class=\"wp-block-column is-layout-flow wp-block-column-is-layout-flow\">\n<p><\/p>\n\n\n\n<p><strong>Interview sur la Martine, de Bernard LE BEC Historien de<\/strong> <strong>l&rsquo;Association Patrimoine des Abers, par Pauline DANIEL de RCF, sur l&rsquo;histoire de l&rsquo;Aber Wrac&rsquo;h.<br>L&rsquo;\u00e9mission a \u00e9t\u00e9 diffus\u00e9e le vendredi 20 juillet 2018 \u00e0 16h30 et le lundi 23 juillet \u00e0 11h30<\/strong>.<\/p>\n<\/div>\n<\/div>\n<\/div>\n<\/div>\n\n\n\n<h6 class=\"has-text-align-center wp-block-heading\" id=\"cliquer-sur-l-image-pour-l-agrandir\">Cliquer sur l&rsquo;image pour l&rsquo;agrandir<\/h6>\n\n\n\n<div class=\"wp-block-columns is-layout-flex wp-container-core-columns-is-layout-28f84493 wp-block-columns-is-layout-flex\">\n<div class=\"wp-block-column is-layout-flow wp-block-column-is-layout-flow\">\n<figure class=\"wp-block-image size-full\"><a href=\"https:\/\/pigouille.com\/WP\/wp-content\/uploads\/2021\/11\/bLb_RCF-1.jpg\"><img loading=\"lazy\" decoding=\"async\" width=\"1000\" height=\"563\" src=\"https:\/\/pigouille.com\/WP\/wp-content\/uploads\/2021\/11\/bLb_RCF-1.jpg\" alt=\"\" class=\"wp-image-8019\" srcset=\"https:\/\/pigouille.com\/WP\/wp-content\/uploads\/2021\/11\/bLb_RCF-1.jpg 1000w, https:\/\/pigouille.com\/WP\/wp-content\/uploads\/2021\/11\/bLb_RCF-1-300x169.jpg 300w, https:\/\/pigouille.com\/WP\/wp-content\/uploads\/2021\/11\/bLb_RCF-1-768x432.jpg 768w\" sizes=\"auto, (max-width: 1000px) 100vw, 1000px\" \/><\/a><\/figure>\n<\/div>\n\n\n\n<div class=\"wp-block-column is-layout-flow wp-block-column-is-layout-flow\">\n<figure class=\"wp-block-image size-full\"><a href=\"https:\/\/pigouille.com\/WP\/wp-content\/uploads\/2021\/11\/bLb_RCF-2.jpg\"><img loading=\"lazy\" decoding=\"async\" width=\"1000\" height=\"563\" src=\"https:\/\/pigouille.com\/WP\/wp-content\/uploads\/2021\/11\/bLb_RCF-2.jpg\" alt=\"\" class=\"wp-image-8020\" srcset=\"https:\/\/pigouille.com\/WP\/wp-content\/uploads\/2021\/11\/bLb_RCF-2.jpg 1000w, https:\/\/pigouille.com\/WP\/wp-content\/uploads\/2021\/11\/bLb_RCF-2-300x169.jpg 300w, https:\/\/pigouille.com\/WP\/wp-content\/uploads\/2021\/11\/bLb_RCF-2-768x432.jpg 768w\" sizes=\"auto, (max-width: 1000px) 100vw, 1000px\" \/><\/a><\/figure>\n<\/div>\n<\/div>\n\n\n\n<div class=\"wp-block-columns is-layout-flex wp-container-core-columns-is-layout-28f84493 wp-block-columns-is-layout-flex\">\n<div class=\"wp-block-column is-layout-flow wp-block-column-is-layout-flow\">\n<figure class=\"wp-block-image size-full\"><a href=\"https:\/\/pigouille.com\/WP\/wp-content\/uploads\/2021\/11\/bLb_RCF-3.jpg\"><img loading=\"lazy\" decoding=\"async\" width=\"1000\" height=\"562\" src=\"https:\/\/pigouille.com\/WP\/wp-content\/uploads\/2021\/11\/bLb_RCF-3.jpg\" alt=\"\" class=\"wp-image-8021\" srcset=\"https:\/\/pigouille.com\/WP\/wp-content\/uploads\/2021\/11\/bLb_RCF-3.jpg 1000w, https:\/\/pigouille.com\/WP\/wp-content\/uploads\/2021\/11\/bLb_RCF-3-300x169.jpg 300w, https:\/\/pigouille.com\/WP\/wp-content\/uploads\/2021\/11\/bLb_RCF-3-768x432.jpg 768w\" sizes=\"auto, (max-width: 1000px) 100vw, 1000px\" \/><\/a><\/figure>\n<\/div>\n\n\n\n<div class=\"wp-block-column is-layout-flow wp-block-column-is-layout-flow\">\n<figure class=\"wp-block-image size-full\"><a href=\"https:\/\/pigouille.com\/WP\/wp-content\/uploads\/2021\/11\/bLb_RCF-4.jpg\"><img loading=\"lazy\" decoding=\"async\" width=\"1000\" height=\"563\" src=\"https:\/\/pigouille.com\/WP\/wp-content\/uploads\/2021\/11\/bLb_RCF-4.jpg\" alt=\"\" class=\"wp-image-8022\" srcset=\"https:\/\/pigouille.com\/WP\/wp-content\/uploads\/2021\/11\/bLb_RCF-4.jpg 1000w, https:\/\/pigouille.com\/WP\/wp-content\/uploads\/2021\/11\/bLb_RCF-4-300x169.jpg 300w, https:\/\/pigouille.com\/WP\/wp-content\/uploads\/2021\/11\/bLb_RCF-4-768x432.jpg 768w\" sizes=\"auto, (max-width: 1000px) 100vw, 1000px\" \/><\/a><\/figure>\n<\/div>\n<\/div>\n\n\n\n<div class=\"wp-block-columns is-layout-flex wp-container-core-columns-is-layout-28f84493 wp-block-columns-is-layout-flex\">\n<div class=\"wp-block-column is-layout-flow wp-block-column-is-layout-flow\">\n<figure class=\"wp-block-image size-full\"><a href=\"https:\/\/pigouille.com\/WP\/wp-content\/uploads\/2021\/11\/bLb_RCF-5.jpg\"><img loading=\"lazy\" decoding=\"async\" width=\"998\" height=\"561\" src=\"https:\/\/pigouille.com\/WP\/wp-content\/uploads\/2021\/11\/bLb_RCF-5.jpg\" alt=\"\" class=\"wp-image-8023\" srcset=\"https:\/\/pigouille.com\/WP\/wp-content\/uploads\/2021\/11\/bLb_RCF-5.jpg 998w, https:\/\/pigouille.com\/WP\/wp-content\/uploads\/2021\/11\/bLb_RCF-5-300x169.jpg 300w, https:\/\/pigouille.com\/WP\/wp-content\/uploads\/2021\/11\/bLb_RCF-5-768x432.jpg 768w\" sizes=\"auto, (max-width: 998px) 100vw, 998px\" \/><\/a><\/figure>\n<\/div>\n\n\n\n<div class=\"wp-block-column is-layout-flow wp-block-column-is-layout-flow\">\n<figure class=\"wp-block-image size-full\"><a href=\"https:\/\/pigouille.com\/WP\/wp-content\/uploads\/2021\/11\/bLb_RCF-6.jpg\"><img loading=\"lazy\" decoding=\"async\" width=\"1000\" height=\"563\" src=\"https:\/\/pigouille.com\/WP\/wp-content\/uploads\/2021\/11\/bLb_RCF-6.jpg\" alt=\"\" class=\"wp-image-8024\" srcset=\"https:\/\/pigouille.com\/WP\/wp-content\/uploads\/2021\/11\/bLb_RCF-6.jpg 1000w, https:\/\/pigouille.com\/WP\/wp-content\/uploads\/2021\/11\/bLb_RCF-6-300x169.jpg 300w, https:\/\/pigouille.com\/WP\/wp-content\/uploads\/2021\/11\/bLb_RCF-6-768x432.jpg 768w\" sizes=\"auto, (max-width: 1000px) 100vw, 1000px\" \/><\/a><\/figure>\n<\/div>\n<\/div>\n\n\n\n<div class=\"wp-block-columns is-layout-flex wp-container-core-columns-is-layout-28f84493 wp-block-columns-is-layout-flex\">\n<div class=\"wp-block-column is-layout-flow wp-block-column-is-layout-flow\">\n<figure class=\"wp-block-image size-full\"><a href=\"https:\/\/pigouille.com\/WP\/wp-content\/uploads\/2021\/11\/bLb_RCF-7.jpg\"><img loading=\"lazy\" decoding=\"async\" width=\"998\" height=\"561\" src=\"https:\/\/pigouille.com\/WP\/wp-content\/uploads\/2021\/11\/bLb_RCF-7.jpg\" alt=\"\" class=\"wp-image-8025\" srcset=\"https:\/\/pigouille.com\/WP\/wp-content\/uploads\/2021\/11\/bLb_RCF-7.jpg 998w, https:\/\/pigouille.com\/WP\/wp-content\/uploads\/2021\/11\/bLb_RCF-7-300x169.jpg 300w, https:\/\/pigouille.com\/WP\/wp-content\/uploads\/2021\/11\/bLb_RCF-7-768x432.jpg 768w\" sizes=\"auto, (max-width: 998px) 100vw, 998px\" \/><\/a><\/figure>\n<\/div>\n\n\n\n<div class=\"wp-block-column is-layout-flow wp-block-column-is-layout-flow\">\n<figure class=\"wp-block-image size-full\"><a href=\"https:\/\/pigouille.com\/WP\/wp-content\/uploads\/2021\/11\/bLb_RCF-8.jpg\"><img loading=\"lazy\" decoding=\"async\" width=\"1000\" height=\"563\" src=\"https:\/\/pigouille.com\/WP\/wp-content\/uploads\/2021\/11\/bLb_RCF-8.jpg\" alt=\"\" class=\"wp-image-8026\" srcset=\"https:\/\/pigouille.com\/WP\/wp-content\/uploads\/2021\/11\/bLb_RCF-8.jpg 1000w, https:\/\/pigouille.com\/WP\/wp-content\/uploads\/2021\/11\/bLb_RCF-8-300x169.jpg 300w, https:\/\/pigouille.com\/WP\/wp-content\/uploads\/2021\/11\/bLb_RCF-8-768x432.jpg 768w\" sizes=\"auto, (max-width: 1000px) 100vw, 1000px\" \/><\/a><\/figure>\n<\/div>\n<\/div>\n<\/div><\/div>\n<\/div>\n<\/div>\n<\/div><\/div>\n\n\n\n<p><\/p>\n","protected":false},"excerpt":{"rendered":"","protected":false},"author":1,"featured_media":0,"parent":0,"menu_order":0,"comment_status":"closed","ping_status":"closed","template":"","meta":{"qubely_global_settings":"","qubely_interactions":"","footnotes":""},"class_list":["post-8003","page","type-page","status-publish","hentry"],"blocksy_meta":{"styles_descriptor":{"styles":{"desktop":"","tablet":"","mobile":""},"google_fonts":[],"version":6}},"yoast_head":"<!-- This site is optimized with the Yoast SEO plugin v27.3 - https:\/\/yoast.com\/product\/yoast-seo-wordpress\/ -->\n<title>Balade historique sur l&#039;Aber Wrac&#039;h avec la Martine - Pigouille Site de Association Martine Goemoniers<\/title>\n<meta name=\"robots\" content=\"index, follow, max-snippet:-1, max-image-preview:large, max-video-preview:-1\" \/>\n<link rel=\"canonical\" href=\"https:\/\/pigouille.com\/WP\/balade-historique-sur-laberwrach-avec-martine\/\" \/>\n<meta property=\"og:locale\" content=\"fr_FR\" \/>\n<meta property=\"og:type\" content=\"article\" \/>\n<meta property=\"og:title\" content=\"Balade historique sur l&#039;Aber Wrac&#039;h avec la Martine - Pigouille Site de Association Martine Goemoniers\" \/>\n<meta property=\"og:url\" content=\"https:\/\/pigouille.com\/WP\/balade-historique-sur-laberwrach-avec-martine\/\" \/>\n<meta property=\"og:site_name\" content=\"Pigouille Site de Association Martine Goemoniers\" \/>\n<meta property=\"article:modified_time\" content=\"2021-11-12T21:51:09+00:00\" \/>\n<meta property=\"og:image\" content=\"https:\/\/pigouille.com\/WP\/wp-content\/uploads\/2021\/03\/close5.png\" \/>\n<meta name=\"twitter:card\" content=\"summary_large_image\" \/>\n<meta name=\"twitter:label1\" content=\"Dur\u00e9e de lecture estim\u00e9e\" \/>\n\t<meta name=\"twitter:data1\" content=\"3 minutes\" \/>\n<script type=\"application\/ld+json\" class=\"yoast-schema-graph\">{\"@context\":\"https:\\\/\\\/schema.org\",\"@graph\":[{\"@type\":\"WebPage\",\"@id\":\"https:\\\/\\\/pigouille.com\\\/WP\\\/balade-historique-sur-laberwrach-avec-martine\\\/\",\"url\":\"https:\\\/\\\/pigouille.com\\\/WP\\\/balade-historique-sur-laberwrach-avec-martine\\\/\",\"name\":\"Balade historique sur l'Aber Wrac'h avec la Martine - Pigouille Site de Association Martine Goemoniers\",\"isPartOf\":{\"@id\":\"https:\\\/\\\/pigouille.com\\\/WP\\\/#website\"},\"primaryImageOfPage\":{\"@id\":\"https:\\\/\\\/pigouille.com\\\/WP\\\/balade-historique-sur-laberwrach-avec-martine\\\/#primaryimage\"},\"image\":{\"@id\":\"https:\\\/\\\/pigouille.com\\\/WP\\\/balade-historique-sur-laberwrach-avec-martine\\\/#primaryimage\"},\"thumbnailUrl\":\"https:\\\/\\\/pigouille.com\\\/WP\\\/wp-content\\\/uploads\\\/2021\\\/03\\\/close5.png\",\"datePublished\":\"2021-11-12T15:11:06+00:00\",\"dateModified\":\"2021-11-12T21:51:09+00:00\",\"breadcrumb\":{\"@id\":\"https:\\\/\\\/pigouille.com\\\/WP\\\/balade-historique-sur-laberwrach-avec-martine\\\/#breadcrumb\"},\"inLanguage\":\"fr-FR\",\"potentialAction\":[{\"@type\":\"ReadAction\",\"target\":[\"https:\\\/\\\/pigouille.com\\\/WP\\\/balade-historique-sur-laberwrach-avec-martine\\\/\"]}]},{\"@type\":\"ImageObject\",\"inLanguage\":\"fr-FR\",\"@id\":\"https:\\\/\\\/pigouille.com\\\/WP\\\/balade-historique-sur-laberwrach-avec-martine\\\/#primaryimage\",\"url\":\"https:\\\/\\\/pigouille.com\\\/WP\\\/wp-content\\\/uploads\\\/2021\\\/03\\\/close5.png\",\"contentUrl\":\"https:\\\/\\\/pigouille.com\\\/WP\\\/wp-content\\\/uploads\\\/2021\\\/03\\\/close5.png\",\"width\":48,\"height\":48},{\"@type\":\"BreadcrumbList\",\"@id\":\"https:\\\/\\\/pigouille.com\\\/WP\\\/balade-historique-sur-laberwrach-avec-martine\\\/#breadcrumb\",\"itemListElement\":[{\"@type\":\"ListItem\",\"position\":1,\"name\":\"Accueil\",\"item\":\"https:\\\/\\\/pigouille.com\\\/WP\\\/\"},{\"@type\":\"ListItem\",\"position\":2,\"name\":\"Balade historique sur l&rsquo;Aber Wrac&rsquo;h avec la Martine\"}]},{\"@type\":\"WebSite\",\"@id\":\"https:\\\/\\\/pigouille.com\\\/WP\\\/#website\",\"url\":\"https:\\\/\\\/pigouille.com\\\/WP\\\/\",\"name\":\"Pigouille Site de Association Martine Goemoniers\",\"description\":\"Cotre Goemonier \u00e0 Landeda\",\"publisher\":{\"@id\":\"https:\\\/\\\/pigouille.com\\\/WP\\\/#organization\"},\"potentialAction\":[{\"@type\":\"SearchAction\",\"target\":{\"@type\":\"EntryPoint\",\"urlTemplate\":\"https:\\\/\\\/pigouille.com\\\/WP\\\/?s={search_term_string}\"},\"query-input\":{\"@type\":\"PropertyValueSpecification\",\"valueRequired\":true,\"valueName\":\"search_term_string\"}}],\"inLanguage\":\"fr-FR\"},{\"@type\":\"Organization\",\"@id\":\"https:\\\/\\\/pigouille.com\\\/WP\\\/#organization\",\"name\":\"Pigouille Site de Association Martine Goemoniers\",\"url\":\"https:\\\/\\\/pigouille.com\\\/WP\\\/\",\"logo\":{\"@type\":\"ImageObject\",\"inLanguage\":\"fr-FR\",\"@id\":\"https:\\\/\\\/pigouille.com\\\/WP\\\/#\\\/schema\\\/logo\\\/image\\\/\",\"url\":\"https:\\\/\\\/pigouille.com\\\/WP\\\/wp-content\\\/uploads\\\/2021\\\/03\\\/Logo_M.png\",\"contentUrl\":\"https:\\\/\\\/pigouille.com\\\/WP\\\/wp-content\\\/uploads\\\/2021\\\/03\\\/Logo_M.png\",\"width\":52,\"height\":48,\"caption\":\"Pigouille Site de Association Martine Goemoniers\"},\"image\":{\"@id\":\"https:\\\/\\\/pigouille.com\\\/WP\\\/#\\\/schema\\\/logo\\\/image\\\/\"}}]}<\/script>\n<!-- \/ Yoast SEO plugin. -->","yoast_head_json":{"title":"Balade historique sur l'Aber Wrac'h avec la Martine - Pigouille Site de Association Martine Goemoniers","robots":{"index":"index","follow":"follow","max-snippet":"max-snippet:-1","max-image-preview":"max-image-preview:large","max-video-preview":"max-video-preview:-1"},"canonical":"https:\/\/pigouille.com\/WP\/balade-historique-sur-laberwrach-avec-martine\/","og_locale":"fr_FR","og_type":"article","og_title":"Balade historique sur l'Aber Wrac'h avec la Martine - Pigouille Site de Association Martine Goemoniers","og_url":"https:\/\/pigouille.com\/WP\/balade-historique-sur-laberwrach-avec-martine\/","og_site_name":"Pigouille Site de Association Martine Goemoniers","article_modified_time":"2021-11-12T21:51:09+00:00","og_image":[{"url":"https:\/\/pigouille.com\/WP\/wp-content\/uploads\/2021\/03\/close5.png","type":"","width":"","height":""}],"twitter_card":"summary_large_image","twitter_misc":{"Dur\u00e9e de lecture estim\u00e9e":"3 minutes"},"schema":{"@context":"https:\/\/schema.org","@graph":[{"@type":"WebPage","@id":"https:\/\/pigouille.com\/WP\/balade-historique-sur-laberwrach-avec-martine\/","url":"https:\/\/pigouille.com\/WP\/balade-historique-sur-laberwrach-avec-martine\/","name":"Balade historique sur l'Aber Wrac'h avec la Martine - Pigouille Site de Association Martine Goemoniers","isPartOf":{"@id":"https:\/\/pigouille.com\/WP\/#website"},"primaryImageOfPage":{"@id":"https:\/\/pigouille.com\/WP\/balade-historique-sur-laberwrach-avec-martine\/#primaryimage"},"image":{"@id":"https:\/\/pigouille.com\/WP\/balade-historique-sur-laberwrach-avec-martine\/#primaryimage"},"thumbnailUrl":"https:\/\/pigouille.com\/WP\/wp-content\/uploads\/2021\/03\/close5.png","datePublished":"2021-11-12T15:11:06+00:00","dateModified":"2021-11-12T21:51:09+00:00","breadcrumb":{"@id":"https:\/\/pigouille.com\/WP\/balade-historique-sur-laberwrach-avec-martine\/#breadcrumb"},"inLanguage":"fr-FR","potentialAction":[{"@type":"ReadAction","target":["https:\/\/pigouille.com\/WP\/balade-historique-sur-laberwrach-avec-martine\/"]}]},{"@type":"ImageObject","inLanguage":"fr-FR","@id":"https:\/\/pigouille.com\/WP\/balade-historique-sur-laberwrach-avec-martine\/#primaryimage","url":"https:\/\/pigouille.com\/WP\/wp-content\/uploads\/2021\/03\/close5.png","contentUrl":"https:\/\/pigouille.com\/WP\/wp-content\/uploads\/2021\/03\/close5.png","width":48,"height":48},{"@type":"BreadcrumbList","@id":"https:\/\/pigouille.com\/WP\/balade-historique-sur-laberwrach-avec-martine\/#breadcrumb","itemListElement":[{"@type":"ListItem","position":1,"name":"Accueil","item":"https:\/\/pigouille.com\/WP\/"},{"@type":"ListItem","position":2,"name":"Balade historique sur l&rsquo;Aber Wrac&rsquo;h avec la Martine"}]},{"@type":"WebSite","@id":"https:\/\/pigouille.com\/WP\/#website","url":"https:\/\/pigouille.com\/WP\/","name":"Pigouille Site de Association Martine Goemoniers","description":"Cotre Goemonier \u00e0 Landeda","publisher":{"@id":"https:\/\/pigouille.com\/WP\/#organization"},"potentialAction":[{"@type":"SearchAction","target":{"@type":"EntryPoint","urlTemplate":"https:\/\/pigouille.com\/WP\/?s={search_term_string}"},"query-input":{"@type":"PropertyValueSpecification","valueRequired":true,"valueName":"search_term_string"}}],"inLanguage":"fr-FR"},{"@type":"Organization","@id":"https:\/\/pigouille.com\/WP\/#organization","name":"Pigouille Site de Association Martine Goemoniers","url":"https:\/\/pigouille.com\/WP\/","logo":{"@type":"ImageObject","inLanguage":"fr-FR","@id":"https:\/\/pigouille.com\/WP\/#\/schema\/logo\/image\/","url":"https:\/\/pigouille.com\/WP\/wp-content\/uploads\/2021\/03\/Logo_M.png","contentUrl":"https:\/\/pigouille.com\/WP\/wp-content\/uploads\/2021\/03\/Logo_M.png","width":52,"height":48,"caption":"Pigouille Site de Association Martine Goemoniers"},"image":{"@id":"https:\/\/pigouille.com\/WP\/#\/schema\/logo\/image\/"}}]}},"_links":{"self":[{"href":"https:\/\/pigouille.com\/WP\/wp-json\/wp\/v2\/pages\/8003","targetHints":{"allow":["GET"]}}],"collection":[{"href":"https:\/\/pigouille.com\/WP\/wp-json\/wp\/v2\/pages"}],"about":[{"href":"https:\/\/pigouille.com\/WP\/wp-json\/wp\/v2\/types\/page"}],"author":[{"embeddable":true,"href":"https:\/\/pigouille.com\/WP\/wp-json\/wp\/v2\/users\/1"}],"replies":[{"embeddable":true,"href":"https:\/\/pigouille.com\/WP\/wp-json\/wp\/v2\/comments?post=8003"}],"version-history":[{"count":17,"href":"https:\/\/pigouille.com\/WP\/wp-json\/wp\/v2\/pages\/8003\/revisions"}],"predecessor-version":[{"id":8042,"href":"https:\/\/pigouille.com\/WP\/wp-json\/wp\/v2\/pages\/8003\/revisions\/8042"}],"wp:attachment":[{"href":"https:\/\/pigouille.com\/WP\/wp-json\/wp\/v2\/media?parent=8003"}],"curies":[{"name":"wp","href":"https:\/\/api.w.org\/{rel}","templated":true}]}}