{"id":777,"date":"2021-05-06T16:06:42","date_gmt":"2021-05-06T14:06:42","guid":{"rendered":"https:\/\/pigouille.com\/WP\/?page_id=777"},"modified":"2025-12-02T10:16:13","modified_gmt":"2025-12-02T09:16:13","slug":"cahiers-de-landeda","status":"publish","type":"page","link":"https:\/\/pigouille.com\/WP\/cahiers-de-landeda\/","title":{"rendered":"Cahiers de Landeda"},"content":{"rendered":"\n<div class=\"wp-block-qubely-wrapper qubely-block-4d0580\"><div class=\"qubely-block-wrapper-block \">\n<p style=\"font-size:clamp(18.959px, 1.185rem + ((1vw - 3.2px) * 0.863), 30px);\"><strong>Les Cahiers de Landeda nous parlent de go\u00e9mon et de go\u00e9moniers<\/strong><\/p>\n<\/div><\/div>\n\n\n\n<div class=\"wp-block-qubely-wrapper qubely-block-844eaa\"><div class=\"qubely-block-wrapper-block \">\n<p><strong>Les Cahiers de Landeda ont \u00e9t\u00e9 \u00e9dit\u00e9s tous les 3 mois depuis mars 1984 jusqu&rsquo;\u00e0 d\u00e9cembre 2001 (n\u00b072) par \u00ab\u00a0L&rsquo;Amicale culturelle de Landeda\u00a0\u00bb. Au fil des cahiers nous d\u00e9couvrons l&rsquo;histoire de Landeda et l&rsquo;histoire des habitants de Landeda. Ces cahiers sont consultables et t\u00e9l\u00e9chargeable sur le site de l&rsquo;association Patrimoine des Abers.<\/strong><br><br><\/p>\n\n\n\n<p class=\"has-text-align-center\"><strong><font color=\"#b9402f\">Les cahiers de Landeda sont \u00e0 retrouver sur :<\/font> &nbsp;&nbsp; <a href=\"http:\/\/patrimoinedesabers.fr\/PdA\/www.patrimoinedesabers.fr\/landeda\/les-cahiers-de-landeda.html\">Patrimoine des Abers<\/a><\/strong><br><br><\/p>\n\n\n\n<figure class=\"wp-block-table\"><table><tbody><tr><td><strong><a href=\"https:\/\/pigouille.com\/WP\/wp-content\/uploads\/2021\/05\/CL_03-Les-goemoniers-des-Abers-1.pdf\">Les go\u00e9moniers des Abers 1<\/a>\u00a0\u00a0\u00a0\u00a0\u00a0\u00a0 Par Ren\u00e9 GEORGELIN. Cahier de Landeda n\u00b003<\/strong><br><strong><a data-type=\"page\" href=\"https:\/\/pigouille.com\/WP\/wp-content\/uploads\/2021\/05\/CL_04-Les-goemoniers-des-Abers-2.pdf\">Les go\u00e9moniers des Abers 2<\/a>\u00a0\u00a0\u00a0\u00a0\u00a0\u00a0 Par Ren\u00e9 GEORGELIN. Cahier de Landeda n\u00b004 <\/strong><br><strong><a href=\"https:\/\/pigouille.com\/WP\/wp-content\/uploads\/2021\/05\/CL_09-Traitement-des-algues.pdf\">Le traitement des algues<\/a>\u00a0\u00a0\u00a0\u00a0\u00a0\u00a0 Par Ren\u00e9 LE VERGE. Cahier de Landeda n\u00b009 <\/strong><br><strong><a href=\"https:\/\/pigouille.com\/WP\/wp-content\/uploads\/2021\/05\/CL_12 Les daviers.pdf\">Les daviers<\/a>\u00a0\u00a0\u00a0\u00a0\u00a0\u00a0 Par Georges MENUT. Cahier de Landeda n\u00b012 <\/strong><br><strong><a href=\"https:\/\/pigouille.com\/WP\/wp-content\/uploads\/2021\/05\/CL_37 Goemonier a 13 ans.pdf\">Go\u00e9monier \u00e0 13 ans<\/a>\u00a0\u00a0\u00a0\u00a0\u00a0\u00a0 Par Yves THOMAS. Cahier de Landeda n\u00b037 <\/strong><br><strong><a href=\"https:\/\/pigouille.com\/WP\/wp-content\/uploads\/2021\/05\/CL_38 Yvon le pigouiller.pdf\">Yvon le pigouiller<\/a>\u00a0\u00a0\u00a0\u00a0\u00a0\u00a0 Par Aim\u00e9 d&rsquo;AUBERVILLE. Cahier de Landeda n\u00b038<\/strong><br><strong> <a href=\"https:\/\/pigouille.com\/WP\/wp-content\/uploads\/2021\/05\/CL_54 Goemon 1.pdf\">Go\u00e9mon 1<\/a>\u00a0\u00a0\u00a0\u00a0\u00a0\u00a0 Par Jacques MICHEL. Cahier de Landeda n\u00b054 <\/strong><br><strong><a href=\"https:\/\/pigouille.com\/WP\/wp-content\/uploads\/2021\/05\/CL_55 Goemon 2.pdf\">Go\u00e9mon 2<\/a>\u00a0\u00a0\u00a0\u00a0\u00a0\u00a0 Par Jacques MICHEL. Cahier de Landeda n\u00b055 <\/strong><br><strong><a href=\"https:\/\/pigouille.com\/WP\/wp-content\/uploads\/2021\/05\/CL_57 Marins pecheurs goemoniers cultivateurs.pdf\">Les marins p\u00eacheurs go\u00e9moniers cultivateurs<\/a>\u00a0\u00a0\u00a0\u00a0\u00a0\u00a0 Par Jean PRONOST. Cahier de Landeda n\u00b057 <\/strong><br><strong><a href=\"https:\/\/pigouille.com\/WP\/wp-content\/uploads\/2021\/05\/CL_59 Le temps de l'iode.pdf\">Le temps de l&rsquo;iode<\/a>\u00a0\u00a0\u00a0\u00a0\u00a0\u00a0 par Pierre ARZEL. Cahier de Landeda n\u00b059<\/strong><br><strong><a href=\"https:\/\/pigouille.com\/WP\/wp-content\/uploads\/2021\/05\/CL_60 Les algues manne bretonne.pdf\">Les algues manne bretonne<\/a> \u00a0\u00a0\u00a0\u00a0\u00a0\u00a0 Par Gabriel SIMON. Cahier de Landeda n\u00b060 <\/strong><br><strong><a href=\"https:\/\/pigouille.com\/WP\/wp-content\/uploads\/2021\/05\/CL_61 Les algues don de la mer.pdf\">Les algues don de la mer<\/a>\u00a0\u00a0\u00a0\u00a0\u00a0\u00a0 Par Philippe PERMIN. Cahier de Landeda n\u00b061 <\/strong><br><strong><a href=\"https:\/\/pigouille.com\/WP\/wp-content\/uploads\/2021\/05\/CL_63 Complainte des goemoniers.pdf\">Complainte des go\u00e9moniers<\/a>\u00a0\u00a0\u00a0\u00a0\u00a0\u00a0 Ecrite en breton par Denez ABERNOT. Cahier de Landeda n\u00b063 <\/strong><br><strong><a href=\"https:\/\/pigouille.com\/WP\/wp-content\/uploads\/2021\/05\/CL_69 Le scoubidou.pdf\">Le scoubidou<\/a>\u00a0\u00a0\u00a0\u00a0\u00a0\u00a0 Par Pierre ARZEL. Cahier de Landeda n\u00b069 <\/strong><br><strong><a href=\"https:\/\/pigouille.com\/WP\/wp-content\/uploads\/2021\/05\/CL_72 Landeda, Lannilis...et le Goemeon.pdf\">Landeda, Lannilis&#8230;et le Goemeon<\/a>\u00a0\u00a0\u00a0\u00a0\u00a0\u00a0 Document \u00e9crit en breton traduit par Fran\u00e7ois BESCOND. Cahier de Landeda n\u00b072<\/strong><\/td><\/tr><\/tbody><\/table><\/figure>\n<\/div><\/div>\n","protected":false},"excerpt":{"rendered":"","protected":false},"author":1,"featured_media":0,"parent":0,"menu_order":0,"comment_status":"closed","ping_status":"closed","template":"","meta":{"qubely_global_settings":"","qubely_interactions":"","footnotes":""},"class_list":["post-777","page","type-page","status-publish","hentry"],"blocksy_meta":{"styles_descriptor":{"styles":{"desktop":"","tablet":"","mobile":""},"google_fonts":[],"version":6}},"yoast_head":"<!-- This site is optimized with the Yoast SEO plugin v27.3 - https:\/\/yoast.com\/product\/yoast-seo-wordpress\/ -->\n<title>Cahiers de Landeda - Pigouille Site de Association Martine Goemoniers<\/title>\n<meta name=\"robots\" content=\"index, follow, max-snippet:-1, max-image-preview:large, max-video-preview:-1\" \/>\n<link rel=\"canonical\" href=\"https:\/\/pigouille.com\/WP\/cahiers-de-landeda\/\" \/>\n<meta property=\"og:locale\" content=\"fr_FR\" \/>\n<meta property=\"og:type\" content=\"article\" \/>\n<meta property=\"og:title\" content=\"Cahiers de Landeda - Pigouille Site de Association Martine Goemoniers\" \/>\n<meta property=\"og:url\" content=\"https:\/\/pigouille.com\/WP\/cahiers-de-landeda\/\" \/>\n<meta property=\"og:site_name\" content=\"Pigouille Site de Association Martine Goemoniers\" \/>\n<meta property=\"article:modified_time\" content=\"2025-12-02T09:16:13+00:00\" \/>\n<meta name=\"twitter:card\" content=\"summary_large_image\" \/>\n<meta name=\"twitter:label1\" content=\"Dur\u00e9e de lecture estim\u00e9e\" \/>\n\t<meta name=\"twitter:data1\" content=\"2 minutes\" \/>\n<script type=\"application\/ld+json\" class=\"yoast-schema-graph\">{\"@context\":\"https:\\\/\\\/schema.org\",\"@graph\":[{\"@type\":\"WebPage\",\"@id\":\"https:\\\/\\\/pigouille.com\\\/WP\\\/cahiers-de-landeda\\\/\",\"url\":\"https:\\\/\\\/pigouille.com\\\/WP\\\/cahiers-de-landeda\\\/\",\"name\":\"Cahiers de Landeda - Pigouille Site de Association Martine Goemoniers\",\"isPartOf\":{\"@id\":\"https:\\\/\\\/pigouille.com\\\/WP\\\/#website\"},\"datePublished\":\"2021-05-06T14:06:42+00:00\",\"dateModified\":\"2025-12-02T09:16:13+00:00\",\"breadcrumb\":{\"@id\":\"https:\\\/\\\/pigouille.com\\\/WP\\\/cahiers-de-landeda\\\/#breadcrumb\"},\"inLanguage\":\"fr-FR\",\"potentialAction\":[{\"@type\":\"ReadAction\",\"target\":[\"https:\\\/\\\/pigouille.com\\\/WP\\\/cahiers-de-landeda\\\/\"]}]},{\"@type\":\"BreadcrumbList\",\"@id\":\"https:\\\/\\\/pigouille.com\\\/WP\\\/cahiers-de-landeda\\\/#breadcrumb\",\"itemListElement\":[{\"@type\":\"ListItem\",\"position\":1,\"name\":\"Accueil\",\"item\":\"https:\\\/\\\/pigouille.com\\\/WP\\\/\"},{\"@type\":\"ListItem\",\"position\":2,\"name\":\"Cahiers de Landeda\"}]},{\"@type\":\"WebSite\",\"@id\":\"https:\\\/\\\/pigouille.com\\\/WP\\\/#website\",\"url\":\"https:\\\/\\\/pigouille.com\\\/WP\\\/\",\"name\":\"Pigouille Site de Association Martine Goemoniers\",\"description\":\"Cotre Goemonier \u00e0 Landeda\",\"publisher\":{\"@id\":\"https:\\\/\\\/pigouille.com\\\/WP\\\/#organization\"},\"potentialAction\":[{\"@type\":\"SearchAction\",\"target\":{\"@type\":\"EntryPoint\",\"urlTemplate\":\"https:\\\/\\\/pigouille.com\\\/WP\\\/?s={search_term_string}\"},\"query-input\":{\"@type\":\"PropertyValueSpecification\",\"valueRequired\":true,\"valueName\":\"search_term_string\"}}],\"inLanguage\":\"fr-FR\"},{\"@type\":\"Organization\",\"@id\":\"https:\\\/\\\/pigouille.com\\\/WP\\\/#organization\",\"name\":\"Pigouille Site de Association Martine Goemoniers\",\"url\":\"https:\\\/\\\/pigouille.com\\\/WP\\\/\",\"logo\":{\"@type\":\"ImageObject\",\"inLanguage\":\"fr-FR\",\"@id\":\"https:\\\/\\\/pigouille.com\\\/WP\\\/#\\\/schema\\\/logo\\\/image\\\/\",\"url\":\"https:\\\/\\\/pigouille.com\\\/WP\\\/wp-content\\\/uploads\\\/2021\\\/03\\\/Logo_M.png\",\"contentUrl\":\"https:\\\/\\\/pigouille.com\\\/WP\\\/wp-content\\\/uploads\\\/2021\\\/03\\\/Logo_M.png\",\"width\":52,\"height\":48,\"caption\":\"Pigouille Site de Association Martine Goemoniers\"},\"image\":{\"@id\":\"https:\\\/\\\/pigouille.com\\\/WP\\\/#\\\/schema\\\/logo\\\/image\\\/\"}}]}<\/script>\n<!-- \/ Yoast SEO plugin. -->","yoast_head_json":{"title":"Cahiers de Landeda - Pigouille Site de Association Martine Goemoniers","robots":{"index":"index","follow":"follow","max-snippet":"max-snippet:-1","max-image-preview":"max-image-preview:large","max-video-preview":"max-video-preview:-1"},"canonical":"https:\/\/pigouille.com\/WP\/cahiers-de-landeda\/","og_locale":"fr_FR","og_type":"article","og_title":"Cahiers de Landeda - Pigouille Site de Association Martine Goemoniers","og_url":"https:\/\/pigouille.com\/WP\/cahiers-de-landeda\/","og_site_name":"Pigouille Site de Association Martine Goemoniers","article_modified_time":"2025-12-02T09:16:13+00:00","twitter_card":"summary_large_image","twitter_misc":{"Dur\u00e9e de lecture estim\u00e9e":"2 minutes"},"schema":{"@context":"https:\/\/schema.org","@graph":[{"@type":"WebPage","@id":"https:\/\/pigouille.com\/WP\/cahiers-de-landeda\/","url":"https:\/\/pigouille.com\/WP\/cahiers-de-landeda\/","name":"Cahiers de Landeda - Pigouille Site de Association Martine Goemoniers","isPartOf":{"@id":"https:\/\/pigouille.com\/WP\/#website"},"datePublished":"2021-05-06T14:06:42+00:00","dateModified":"2025-12-02T09:16:13+00:00","breadcrumb":{"@id":"https:\/\/pigouille.com\/WP\/cahiers-de-landeda\/#breadcrumb"},"inLanguage":"fr-FR","potentialAction":[{"@type":"ReadAction","target":["https:\/\/pigouille.com\/WP\/cahiers-de-landeda\/"]}]},{"@type":"BreadcrumbList","@id":"https:\/\/pigouille.com\/WP\/cahiers-de-landeda\/#breadcrumb","itemListElement":[{"@type":"ListItem","position":1,"name":"Accueil","item":"https:\/\/pigouille.com\/WP\/"},{"@type":"ListItem","position":2,"name":"Cahiers de Landeda"}]},{"@type":"WebSite","@id":"https:\/\/pigouille.com\/WP\/#website","url":"https:\/\/pigouille.com\/WP\/","name":"Pigouille Site de Association Martine Goemoniers","description":"Cotre Goemonier \u00e0 Landeda","publisher":{"@id":"https:\/\/pigouille.com\/WP\/#organization"},"potentialAction":[{"@type":"SearchAction","target":{"@type":"EntryPoint","urlTemplate":"https:\/\/pigouille.com\/WP\/?s={search_term_string}"},"query-input":{"@type":"PropertyValueSpecification","valueRequired":true,"valueName":"search_term_string"}}],"inLanguage":"fr-FR"},{"@type":"Organization","@id":"https:\/\/pigouille.com\/WP\/#organization","name":"Pigouille Site de Association Martine Goemoniers","url":"https:\/\/pigouille.com\/WP\/","logo":{"@type":"ImageObject","inLanguage":"fr-FR","@id":"https:\/\/pigouille.com\/WP\/#\/schema\/logo\/image\/","url":"https:\/\/pigouille.com\/WP\/wp-content\/uploads\/2021\/03\/Logo_M.png","contentUrl":"https:\/\/pigouille.com\/WP\/wp-content\/uploads\/2021\/03\/Logo_M.png","width":52,"height":48,"caption":"Pigouille Site de Association Martine Goemoniers"},"image":{"@id":"https:\/\/pigouille.com\/WP\/#\/schema\/logo\/image\/"}}]}},"_links":{"self":[{"href":"https:\/\/pigouille.com\/WP\/wp-json\/wp\/v2\/pages\/777","targetHints":{"allow":["GET"]}}],"collection":[{"href":"https:\/\/pigouille.com\/WP\/wp-json\/wp\/v2\/pages"}],"about":[{"href":"https:\/\/pigouille.com\/WP\/wp-json\/wp\/v2\/types\/page"}],"author":[{"embeddable":true,"href":"https:\/\/pigouille.com\/WP\/wp-json\/wp\/v2\/users\/1"}],"replies":[{"embeddable":true,"href":"https:\/\/pigouille.com\/WP\/wp-json\/wp\/v2\/comments?post=777"}],"version-history":[{"count":21,"href":"https:\/\/pigouille.com\/WP\/wp-json\/wp\/v2\/pages\/777\/revisions"}],"predecessor-version":[{"id":19417,"href":"https:\/\/pigouille.com\/WP\/wp-json\/wp\/v2\/pages\/777\/revisions\/19417"}],"wp:attachment":[{"href":"https:\/\/pigouille.com\/WP\/wp-json\/wp\/v2\/media?parent=777"}],"curies":[{"name":"wp","href":"https:\/\/api.w.org\/{rel}","templated":true}]}}