{"id":765,"date":"2021-05-06T15:52:51","date_gmt":"2021-05-06T13:52:51","guid":{"rendered":"https:\/\/pigouille.com\/WP\/?page_id=765"},"modified":"2021-12-03T11:01:56","modified_gmt":"2021-12-03T10:01:56","slug":"jean-rene","status":"publish","type":"page","link":"https:\/\/pigouille.com\/WP\/jean-rene\/","title":{"rendered":"Jean-Ren\u00e9"},"content":{"rendered":"\n<div class=\"wp-block-qubely-wrapper qubely-block-cba7da\"><div class=\"qubely-block-wrapper-block \">\n<p style=\"font-size:clamp(18.959px, 1.185rem + ((1vw - 3.2px) * 0.863), 30px);\"><strong>Jean-Ren\u00e9<\/strong><\/p>\n<\/div><\/div>\n\n\n\n<div class=\"wp-block-qubely-wrapper qubely-block-825a8a\"><div class=\"qubely-block-wrapper-block \">\n<div class=\"wp-block-columns is-layout-flex wp-container-core-columns-is-layout-28f84493 wp-block-columns-is-layout-flex\">\n<div class=\"wp-block-column is-layout-flow wp-block-column-is-layout-flow\" style=\"flex-basis:60%\">\n<p><br><br><strong>Le bateau Jean-Ren\u00e9 est un misainier<\/strong>.<\/p>\n\n\n\n<p><strong>Son port d\u2019attache est le port de l&rsquo;ABER WRAC&rsquo;H sur la commune de Landeda<\/strong>.<\/p>\n\n\n\n<p><strong>Il \u00e9tait utilis\u00e9 en plaisance-p\u00eache-promenade par ses anciens propri\u00e9taires.<\/strong><\/p>\n<\/div>\n\n\n\n<div class=\"wp-block-column is-layout-flow wp-block-column-is-layout-flow\" style=\"flex-basis:40%\">\n<figure class=\"wp-block-image size-large\"><img loading=\"lazy\" decoding=\"async\" width=\"768\" height=\"615\" src=\"https:\/\/pigouille.com\/WP\/wp-content\/uploads\/2021\/05\/DSCN0139.jpg\" alt=\"\" class=\"wp-image-818\" srcset=\"https:\/\/pigouille.com\/WP\/wp-content\/uploads\/2021\/05\/DSCN0139.jpg 768w, https:\/\/pigouille.com\/WP\/wp-content\/uploads\/2021\/05\/DSCN0139-300x240.jpg 300w\" sizes=\"auto, (max-width: 768px) 100vw, 768px\" \/><\/figure>\n<\/div>\n<\/div>\n\n\n\n<p class=\"has-medium-font-size\"><strong>Caract\u00e9ristiques<\/strong><br><br><\/p>\n\n\n\n<div class=\"wp-block-columns is-layout-flex wp-container-core-columns-is-layout-28f84493 wp-block-columns-is-layout-flex\">\n<div class=\"wp-block-column is-layout-flow wp-block-column-is-layout-flow\">\n<p><strong>Ann\u00e9e de construction : <font color=\"#b9402f\">1970<\/font><br>Constructeur :<font color=\"#b9402f\"> Chantier Riou Lilia<\/font><br>Longueur : <font color=\"#b9402f\">4,50 m<\/font><br>Largeur : <font color=\"#b9402f\">1,92 m<\/font><br>Tirant d&rsquo;eau :<font color=\"#b9402f\"> 0,60 m<\/font><br>Jauge : <font color=\"#b9402f\">1,72<\/font><br>Surface de voilure : <font color=\"#b9402f\">Misaine de 16 m\u00b2<\/font><br>N\u00b0d&rsquo;Immatriculation : <font color=\"#b9402f\">BR 559430<\/font><br>Motorisation : <font color=\"#b9402f\">Moteur fixe Nanni diesel 8 ch<\/font><br>Mat\u00e9riau : <font color=\"#b9402f\">Bois<\/font><\/strong><\/p>\n<\/div>\n\n\n\n<div class=\"wp-block-column is-layout-flow wp-block-column-is-layout-flow\" style=\"flex-basis:40%\">\n<figure class=\"wp-block-image size-large\"><img loading=\"lazy\" decoding=\"async\" width=\"768\" height=\"513\" src=\"https:\/\/pigouille.com\/WP\/wp-content\/uploads\/2021\/05\/Jean-Rene.jpg\" alt=\"\" class=\"wp-image-821\" srcset=\"https:\/\/pigouille.com\/WP\/wp-content\/uploads\/2021\/05\/Jean-Rene.jpg 768w, https:\/\/pigouille.com\/WP\/wp-content\/uploads\/2021\/05\/Jean-Rene-300x200.jpg 300w\" sizes=\"auto, (max-width: 768px) 100vw, 768px\" \/><\/figure>\n<\/div>\n<\/div>\n\n\n\n<p class=\"has-medium-font-size\"> <strong>Bapt\u00eame du Jean &#8211; Ren\u00e9 Juillet 2012<\/strong> <\/p>\n\n\n\n<p>         <strong>Cliquer sur l&rsquo;image pour acc\u00e9der \u00e0 la galerie de photos <strong>\u00ab&nbsp;Mise \u00e0 l&rsquo;eau du Jean-Ren\u00e9&nbsp;\u00bb<\/strong><\/strong><br><br><\/p>\n\n\n\n<figure class=\"wp-block-image size-large\"><a href=\"https:\/\/pigouille.com\/WP\/bapteme-du-jean-rene\/\"><img loading=\"lazy\" decoding=\"async\" width=\"768\" height=\"511\" src=\"https:\/\/pigouille.com\/WP\/wp-content\/uploads\/2021\/05\/Montage-bapteme-Jean-Rene.jpg\" alt=\"\" class=\"wp-image-831\" srcset=\"https:\/\/pigouille.com\/WP\/wp-content\/uploads\/2021\/05\/Montage-bapteme-Jean-Rene.jpg 768w, https:\/\/pigouille.com\/WP\/wp-content\/uploads\/2021\/05\/Montage-bapteme-Jean-Rene-300x200.jpg 300w\" sizes=\"auto, (max-width: 768px) 100vw, 768px\" \/><\/a><\/figure>\n<\/div><\/div>\n","protected":false},"excerpt":{"rendered":"","protected":false},"author":1,"featured_media":0,"parent":0,"menu_order":0,"comment_status":"closed","ping_status":"closed","template":"","meta":{"qubely_global_settings":"","qubely_interactions":"","footnotes":""},"class_list":["post-765","page","type-page","status-publish","hentry"],"blocksy_meta":{"styles_descriptor":{"styles":{"desktop":"","tablet":"","mobile":""},"google_fonts":[],"version":6}},"yoast_head":"<!-- This site is optimized with the Yoast SEO plugin v27.3 - https:\/\/yoast.com\/product\/yoast-seo-wordpress\/ -->\n<title>Jean-Ren\u00e9 - Pigouille Site de Association Martine Goemoniers<\/title>\n<meta name=\"robots\" content=\"index, follow, max-snippet:-1, max-image-preview:large, max-video-preview:-1\" \/>\n<link rel=\"canonical\" href=\"https:\/\/pigouille.com\/WP\/jean-rene\/\" \/>\n<meta property=\"og:locale\" content=\"fr_FR\" \/>\n<meta property=\"og:type\" content=\"article\" \/>\n<meta property=\"og:title\" content=\"Jean-Ren\u00e9 - Pigouille Site de Association Martine Goemoniers\" \/>\n<meta property=\"og:url\" content=\"https:\/\/pigouille.com\/WP\/jean-rene\/\" \/>\n<meta property=\"og:site_name\" content=\"Pigouille Site de Association Martine Goemoniers\" \/>\n<meta property=\"article:modified_time\" content=\"2021-12-03T10:01:56+00:00\" \/>\n<meta property=\"og:image\" content=\"https:\/\/pigouille.com\/WP\/wp-content\/uploads\/2021\/05\/DSCN0139.jpg\" \/>\n<meta name=\"twitter:card\" content=\"summary_large_image\" \/>\n<meta name=\"twitter:label1\" content=\"Dur\u00e9e de lecture estim\u00e9e\" \/>\n\t<meta name=\"twitter:data1\" content=\"1 minute\" \/>\n<script type=\"application\/ld+json\" class=\"yoast-schema-graph\">{\"@context\":\"https:\\\/\\\/schema.org\",\"@graph\":[{\"@type\":\"WebPage\",\"@id\":\"https:\\\/\\\/pigouille.com\\\/WP\\\/jean-rene\\\/\",\"url\":\"https:\\\/\\\/pigouille.com\\\/WP\\\/jean-rene\\\/\",\"name\":\"Jean-Ren\u00e9 - Pigouille Site de Association Martine Goemoniers\",\"isPartOf\":{\"@id\":\"https:\\\/\\\/pigouille.com\\\/WP\\\/#website\"},\"primaryImageOfPage\":{\"@id\":\"https:\\\/\\\/pigouille.com\\\/WP\\\/jean-rene\\\/#primaryimage\"},\"image\":{\"@id\":\"https:\\\/\\\/pigouille.com\\\/WP\\\/jean-rene\\\/#primaryimage\"},\"thumbnailUrl\":\"https:\\\/\\\/pigouille.com\\\/WP\\\/wp-content\\\/uploads\\\/2021\\\/05\\\/DSCN0139.jpg\",\"datePublished\":\"2021-05-06T13:52:51+00:00\",\"dateModified\":\"2021-12-03T10:01:56+00:00\",\"breadcrumb\":{\"@id\":\"https:\\\/\\\/pigouille.com\\\/WP\\\/jean-rene\\\/#breadcrumb\"},\"inLanguage\":\"fr-FR\",\"potentialAction\":[{\"@type\":\"ReadAction\",\"target\":[\"https:\\\/\\\/pigouille.com\\\/WP\\\/jean-rene\\\/\"]}]},{\"@type\":\"ImageObject\",\"inLanguage\":\"fr-FR\",\"@id\":\"https:\\\/\\\/pigouille.com\\\/WP\\\/jean-rene\\\/#primaryimage\",\"url\":\"https:\\\/\\\/pigouille.com\\\/WP\\\/wp-content\\\/uploads\\\/2021\\\/05\\\/DSCN0139.jpg\",\"contentUrl\":\"https:\\\/\\\/pigouille.com\\\/WP\\\/wp-content\\\/uploads\\\/2021\\\/05\\\/DSCN0139.jpg\",\"width\":768,\"height\":615},{\"@type\":\"BreadcrumbList\",\"@id\":\"https:\\\/\\\/pigouille.com\\\/WP\\\/jean-rene\\\/#breadcrumb\",\"itemListElement\":[{\"@type\":\"ListItem\",\"position\":1,\"name\":\"Accueil\",\"item\":\"https:\\\/\\\/pigouille.com\\\/WP\\\/\"},{\"@type\":\"ListItem\",\"position\":2,\"name\":\"Jean-Ren\u00e9\"}]},{\"@type\":\"WebSite\",\"@id\":\"https:\\\/\\\/pigouille.com\\\/WP\\\/#website\",\"url\":\"https:\\\/\\\/pigouille.com\\\/WP\\\/\",\"name\":\"Pigouille Site de Association Martine Goemoniers\",\"description\":\"Cotre Goemonier \u00e0 Landeda\",\"publisher\":{\"@id\":\"https:\\\/\\\/pigouille.com\\\/WP\\\/#organization\"},\"potentialAction\":[{\"@type\":\"SearchAction\",\"target\":{\"@type\":\"EntryPoint\",\"urlTemplate\":\"https:\\\/\\\/pigouille.com\\\/WP\\\/?s={search_term_string}\"},\"query-input\":{\"@type\":\"PropertyValueSpecification\",\"valueRequired\":true,\"valueName\":\"search_term_string\"}}],\"inLanguage\":\"fr-FR\"},{\"@type\":\"Organization\",\"@id\":\"https:\\\/\\\/pigouille.com\\\/WP\\\/#organization\",\"name\":\"Pigouille Site de Association Martine Goemoniers\",\"url\":\"https:\\\/\\\/pigouille.com\\\/WP\\\/\",\"logo\":{\"@type\":\"ImageObject\",\"inLanguage\":\"fr-FR\",\"@id\":\"https:\\\/\\\/pigouille.com\\\/WP\\\/#\\\/schema\\\/logo\\\/image\\\/\",\"url\":\"https:\\\/\\\/pigouille.com\\\/WP\\\/wp-content\\\/uploads\\\/2021\\\/03\\\/Logo_M.png\",\"contentUrl\":\"https:\\\/\\\/pigouille.com\\\/WP\\\/wp-content\\\/uploads\\\/2021\\\/03\\\/Logo_M.png\",\"width\":52,\"height\":48,\"caption\":\"Pigouille Site de Association Martine Goemoniers\"},\"image\":{\"@id\":\"https:\\\/\\\/pigouille.com\\\/WP\\\/#\\\/schema\\\/logo\\\/image\\\/\"}}]}<\/script>\n<!-- \/ Yoast SEO plugin. -->","yoast_head_json":{"title":"Jean-Ren\u00e9 - Pigouille Site de Association Martine Goemoniers","robots":{"index":"index","follow":"follow","max-snippet":"max-snippet:-1","max-image-preview":"max-image-preview:large","max-video-preview":"max-video-preview:-1"},"canonical":"https:\/\/pigouille.com\/WP\/jean-rene\/","og_locale":"fr_FR","og_type":"article","og_title":"Jean-Ren\u00e9 - Pigouille Site de Association Martine Goemoniers","og_url":"https:\/\/pigouille.com\/WP\/jean-rene\/","og_site_name":"Pigouille Site de Association Martine Goemoniers","article_modified_time":"2021-12-03T10:01:56+00:00","og_image":[{"url":"https:\/\/pigouille.com\/WP\/wp-content\/uploads\/2021\/05\/DSCN0139.jpg","type":"","width":"","height":""}],"twitter_card":"summary_large_image","twitter_misc":{"Dur\u00e9e de lecture estim\u00e9e":"1 minute"},"schema":{"@context":"https:\/\/schema.org","@graph":[{"@type":"WebPage","@id":"https:\/\/pigouille.com\/WP\/jean-rene\/","url":"https:\/\/pigouille.com\/WP\/jean-rene\/","name":"Jean-Ren\u00e9 - Pigouille Site de Association Martine Goemoniers","isPartOf":{"@id":"https:\/\/pigouille.com\/WP\/#website"},"primaryImageOfPage":{"@id":"https:\/\/pigouille.com\/WP\/jean-rene\/#primaryimage"},"image":{"@id":"https:\/\/pigouille.com\/WP\/jean-rene\/#primaryimage"},"thumbnailUrl":"https:\/\/pigouille.com\/WP\/wp-content\/uploads\/2021\/05\/DSCN0139.jpg","datePublished":"2021-05-06T13:52:51+00:00","dateModified":"2021-12-03T10:01:56+00:00","breadcrumb":{"@id":"https:\/\/pigouille.com\/WP\/jean-rene\/#breadcrumb"},"inLanguage":"fr-FR","potentialAction":[{"@type":"ReadAction","target":["https:\/\/pigouille.com\/WP\/jean-rene\/"]}]},{"@type":"ImageObject","inLanguage":"fr-FR","@id":"https:\/\/pigouille.com\/WP\/jean-rene\/#primaryimage","url":"https:\/\/pigouille.com\/WP\/wp-content\/uploads\/2021\/05\/DSCN0139.jpg","contentUrl":"https:\/\/pigouille.com\/WP\/wp-content\/uploads\/2021\/05\/DSCN0139.jpg","width":768,"height":615},{"@type":"BreadcrumbList","@id":"https:\/\/pigouille.com\/WP\/jean-rene\/#breadcrumb","itemListElement":[{"@type":"ListItem","position":1,"name":"Accueil","item":"https:\/\/pigouille.com\/WP\/"},{"@type":"ListItem","position":2,"name":"Jean-Ren\u00e9"}]},{"@type":"WebSite","@id":"https:\/\/pigouille.com\/WP\/#website","url":"https:\/\/pigouille.com\/WP\/","name":"Pigouille Site de Association Martine Goemoniers","description":"Cotre Goemonier \u00e0 Landeda","publisher":{"@id":"https:\/\/pigouille.com\/WP\/#organization"},"potentialAction":[{"@type":"SearchAction","target":{"@type":"EntryPoint","urlTemplate":"https:\/\/pigouille.com\/WP\/?s={search_term_string}"},"query-input":{"@type":"PropertyValueSpecification","valueRequired":true,"valueName":"search_term_string"}}],"inLanguage":"fr-FR"},{"@type":"Organization","@id":"https:\/\/pigouille.com\/WP\/#organization","name":"Pigouille Site de Association Martine Goemoniers","url":"https:\/\/pigouille.com\/WP\/","logo":{"@type":"ImageObject","inLanguage":"fr-FR","@id":"https:\/\/pigouille.com\/WP\/#\/schema\/logo\/image\/","url":"https:\/\/pigouille.com\/WP\/wp-content\/uploads\/2021\/03\/Logo_M.png","contentUrl":"https:\/\/pigouille.com\/WP\/wp-content\/uploads\/2021\/03\/Logo_M.png","width":52,"height":48,"caption":"Pigouille Site de Association Martine Goemoniers"},"image":{"@id":"https:\/\/pigouille.com\/WP\/#\/schema\/logo\/image\/"}}]}},"_links":{"self":[{"href":"https:\/\/pigouille.com\/WP\/wp-json\/wp\/v2\/pages\/765","targetHints":{"allow":["GET"]}}],"collection":[{"href":"https:\/\/pigouille.com\/WP\/wp-json\/wp\/v2\/pages"}],"about":[{"href":"https:\/\/pigouille.com\/WP\/wp-json\/wp\/v2\/types\/page"}],"author":[{"embeddable":true,"href":"https:\/\/pigouille.com\/WP\/wp-json\/wp\/v2\/users\/1"}],"replies":[{"embeddable":true,"href":"https:\/\/pigouille.com\/WP\/wp-json\/wp\/v2\/comments?post=765"}],"version-history":[{"count":22,"href":"https:\/\/pigouille.com\/WP\/wp-json\/wp\/v2\/pages\/765\/revisions"}],"predecessor-version":[{"id":9644,"href":"https:\/\/pigouille.com\/WP\/wp-json\/wp\/v2\/pages\/765\/revisions\/9644"}],"wp:attachment":[{"href":"https:\/\/pigouille.com\/WP\/wp-json\/wp\/v2\/media?parent=765"}],"curies":[{"name":"wp","href":"https:\/\/api.w.org\/{rel}","templated":true}]}}