{"id":7060,"date":"2021-10-31T18:25:48","date_gmt":"2021-10-31T17:25:48","guid":{"rendered":"https:\/\/pigouille.com\/WP\/agenda-2\/"},"modified":"2023-07-26T10:41:57","modified_gmt":"2023-07-26T08:41:57","slug":"reportage_de_france_bleu_breizh_izel","status":"publish","type":"page","link":"https:\/\/pigouille.com\/WP\/reportage_de_france_bleu_breizh_izel\/","title":{"rendered":"Reportage de France Bleu Breizh Izel"},"content":{"rendered":"\n<div class=\"wp-block-qubely-wrapper qubely-block-a0fdea\"><div class=\"qubely-block-wrapper-block \">\n<div class=\"wp-block-columns is-layout-flex wp-container-core-columns-is-layout-28f84493 wp-block-columns-is-layout-flex\">\n<div class=\"wp-block-column is-layout-flow wp-block-column-is-layout-flow\" style=\"flex-basis:95%\">\n<h3 class=\"has-text-align-center wp-block-heading\" id=\"reportage-de-france-bleu-breizh-izel\">Reportage de France Bleu Breizh Izel<\/h3>\n<\/div>\n\n\n\n<div class=\"wp-block-column is-layout-flow wp-block-column-is-layout-flow\" style=\"flex-basis:5%\">\n<figure class=\"wp-block-image is-resized\"><a href=\"javascript:history.back()\"><img loading=\"lazy\" decoding=\"async\" src=\"https:\/\/pigouille.com\/WP\/wp-content\/uploads\/2021\/03\/close5.png\" alt=\"Retour \u00e0 la page pr\u00e9c\u00e9dente\" class=\"wp-image-18\" title=\"Retour \u00e0 la page pr\u00e9c\u00e9dente\" width=\"30\" height=\"30\"><\/a><\/figure>\n<\/div>\n<\/div>\n<\/div><\/div>\n\n\n\n<div class=\"wp-block-qubely-wrapper qubely-block-d108e7\"><div class=\"qubely-block-wrapper-block \">\n<div class=\"wp-block-qubely-wrapper qubely-block-75b019\"><div class=\"qubely-block-wrapper-block \">\n<div class=\"wp-block-columns is-layout-flex wp-container-core-columns-is-layout-28f84493 wp-block-columns-is-layout-flex\">\n<div class=\"wp-block-column is-layout-flow wp-block-column-is-layout-flow\" style=\"flex-basis:40%\">\n<div class=\"wp-block-qubely-wrapper qubely-block-823339\"><div class=\"qubely-block-wrapper-block \">\n<p class=\"has-text-align-center\"><strong><a href=\"#fichier-audio\">Reportage audio en bas de la page<\/a><\/strong><\/p>\n<\/div><\/div>\n<\/div>\n\n\n\n<div class=\"wp-block-column is-layout-flow wp-block-column-is-layout-flow\"><\/div>\n<\/div>\n\n\n\n<div class=\"wp-block-columns is-layout-flex wp-container-core-columns-is-layout-28f84493 wp-block-columns-is-layout-flex\">\n<div class=\"wp-block-column is-layout-flow wp-block-column-is-layout-flow\">\n<p><br><br><\/p>\n\n\n\n<div class=\"wp-block-qubely-wrapper qubely-block-3bca7f\"><div class=\"qubely-block-wrapper-block \">\n<p class=\"has-text-align-center\"><span style=\"color: var(--qubely-color-5);\" data=\"var(--qubely-color-5)\" class=\"qubely-text-has-color\"><span data-fontsize=\"20\" style=\"font-size: 20px;\" class=\"qubely-custom-font\"><strong>Les secrets de l&rsquo;\u00eele Guenioc<\/strong><\/span><\/span><\/p>\n<\/div><\/div>\n<\/div>\n\n\n\n<div class=\"wp-block-column is-layout-flow wp-block-column-is-layout-flow\">\n<p>Land\u00e9da poss\u00e8de parmi ses \u00eeles un <strong>tr\u00e9sor arch\u00e9ologique<\/strong> !<\/p>\n\n\n\n<p>En effet, l\u2019\u00eele Guenioc est riche de <strong>4 cairns<\/strong> principaux, contenant une quinzaine de<br>dolmens, dont la construction est estim\u00e9e \u00e0 <strong>4.600 ans avant J.-C<\/strong>.<\/p>\n<\/div>\n<\/div>\n\n\n\n<div class=\"wp-block-columns is-layout-flex wp-container-core-columns-is-layout-28f84493 wp-block-columns-is-layout-flex\">\n<div class=\"wp-block-column is-layout-flow wp-block-column-is-layout-flow\">\n<figure class=\"wp-block-image size-full\"><img loading=\"lazy\" decoding=\"async\" width=\"340\" height=\"481\" src=\"https:\/\/pigouille.com\/WP\/wp-content\/uploads\/2021\/11\/Guenioc_France_Bleu.jpg\" alt=\"\" class=\"wp-image-7089\" srcset=\"https:\/\/pigouille.com\/WP\/wp-content\/uploads\/2021\/11\/Guenioc_France_Bleu.jpg 340w, https:\/\/pigouille.com\/WP\/wp-content\/uploads\/2021\/11\/Guenioc_France_Bleu-212x300.jpg 212w\" sizes=\"auto, (max-width: 340px) 100vw, 340px\" \/><\/figure>\n<\/div>\n\n\n\n<div class=\"wp-block-column is-layout-flow wp-block-column-is-layout-flow\">\n<p>La difficult\u00e9 d&rsquo;acc\u00e8s a permis de pr\u00e9server ces<br>vestiges arch\u00e9ologiques.<br>Ces cairns ont \u00e9t\u00e9 class\u00e9s Monuments Historiques<br>par arr\u00eat\u00e9 du 24 septembre 1964.<br><br><strong><font color=\"#b9402f\">L\u2019histoire<\/font><\/strong><br>De la fin de la p\u00e9riode glaciaire jusqu&rsquo;\u00e0 la p\u00e9riode romaine (XVIIIe si\u00e8cle avant notre \u00e8re) l&rsquo;\u00eele \u00e9tait <strong>rattach\u00e9e au continent<\/strong>.<br>Au N\u00e9olithique, les populations venaient y d\u00e9poser leurs morts, tandis qu&rsquo;\u00e0 la fin de l&rsquo;\u00c2ge du fer, les Gaulois y ont construit un <strong>lieu de vie et d&rsquo;artisanat<\/strong>, avec les vestiges de leurs maisons, entour\u00e9 d&rsquo;un enclos en pierre s\u00e8che et d&rsquo;un talus.<br>Cette \u00eele a \u00e9galement servi de base pour embarquer discr\u00e8tement les aviateurs anglais lors de la <strong>Seconde Guerre mondiale<\/strong> avec le soutien des r\u00e9sistants locaux.<\/p>\n<\/div>\n<\/div>\n\n\n\n<div class=\"wp-block-columns is-layout-flex wp-container-core-columns-is-layout-28f84493 wp-block-columns-is-layout-flex\">\n<div class=\"wp-block-column is-layout-flow wp-block-column-is-layout-flow\">\n<p><strong><font color=\"#b9402f\">Un chantier participatif<\/font><\/strong><br>Consciente de l&rsquo;importance de ce lieu, la municipalit\u00e9 de Land\u00e9da souhaite mettre en valeur ce patrimoine par la production d&rsquo;un <strong>support num\u00e9rique<\/strong> en 3 dimensions destin\u00e9 aux scientifiques et au grand public.<br>La premi\u00e8re phase de ce chantier participatif a eu lieu <strong>du 2 au 9 septembre<\/strong> dernier. Supervis\u00e9e par l&rsquo;arch\u00e9ologue Florian Cousseau, elle a consist\u00e9 \u00e0 nettoyer le site. La population a \u00e9t\u00e9 sollicit\u00e9e pour fournir des <strong>b\u00e9n\u00e9voles<\/strong> et travailler aupr\u00e8s des arch\u00e9ologues.<br>S\u2019en est suivi une nouvelle \u00e9tude arch\u00e9ologique sur les vestiges pr\u00e9sents sur l&rsquo;\u00eele pour \u00e9tablir des relev\u00e9s. <strong>Relev\u00e9s indispensables<\/strong> \u00e0 la r\u00e9alisation des images en 3D.<\/p>\n<\/div>\n<\/div>\n\n\n\n<div class=\"wp-block-columns is-layout-flex wp-container-core-columns-is-layout-28f84493 wp-block-columns-is-layout-flex\">\n<div class=\"wp-block-column is-layout-flow wp-block-column-is-layout-flow\">\n<h6 class=\"wp-block-heading\" id=\"pour-en-parler-laurent-le-goff-charge-de-projet-patrimoine-de-la-commun\">\u25ba Pour en parler : <strong>Laurent Le Goff<\/strong>, charg\u00e9 de projet patrimoine de la commune<\/h6>\n\n\n\n<p id=\"fichier-audio\"><\/p>\n<\/div>\n\n\n\n<div class=\"wp-block-column is-layout-flow wp-block-column-is-layout-flow\">\n<figure class=\"wp-block-audio\"><audio controls src=\"https:\/\/pigouille.com\/WP\/wp-content\/uploads\/2021\/11\/France_Bleu_Guenioc.mp3\"><\/audio><\/figure>\n<\/div>\n<\/div>\n<\/div><\/div>\n<\/div><\/div>\n","protected":false},"excerpt":{"rendered":"","protected":false},"author":1,"featured_media":0,"parent":0,"menu_order":0,"comment_status":"closed","ping_status":"closed","template":"","meta":{"qubely_global_settings":"","qubely_interactions":"","footnotes":""},"class_list":["post-7060","page","type-page","status-publish","hentry"],"blocksy_meta":{"styles_descriptor":{"styles":{"desktop":"","tablet":"","mobile":""},"google_fonts":[],"version":6}},"yoast_head":"<!-- This site is optimized with the Yoast SEO plugin v27.5 - https:\/\/yoast.com\/product\/yoast-seo-wordpress\/ -->\n<title>Reportage de France Bleu Breizh Izel - Pigouille Site de Association Martine Goemoniers<\/title>\n<meta name=\"robots\" content=\"index, follow, max-snippet:-1, max-image-preview:large, max-video-preview:-1\" \/>\n<link rel=\"canonical\" href=\"https:\/\/pigouille.com\/WP\/reportage_de_france_bleu_breizh_izel\/\" \/>\n<meta property=\"og:locale\" content=\"fr_FR\" \/>\n<meta property=\"og:type\" content=\"article\" \/>\n<meta property=\"og:title\" content=\"Reportage de France Bleu Breizh Izel - Pigouille Site de Association Martine Goemoniers\" \/>\n<meta property=\"og:url\" content=\"https:\/\/pigouille.com\/WP\/reportage_de_france_bleu_breizh_izel\/\" \/>\n<meta property=\"og:site_name\" content=\"Pigouille Site de Association Martine Goemoniers\" \/>\n<meta property=\"article:modified_time\" content=\"2023-07-26T08:41:57+00:00\" \/>\n<meta property=\"og:image\" content=\"https:\/\/pigouille.com\/WP\/wp-content\/uploads\/2021\/03\/close5.png\" \/>\n<meta name=\"twitter:card\" content=\"summary_large_image\" \/>\n<meta name=\"twitter:label1\" content=\"Dur\u00e9e de lecture estim\u00e9e\" \/>\n\t<meta name=\"twitter:data1\" content=\"2 minutes\" \/>\n<script type=\"application\/ld+json\" class=\"yoast-schema-graph\">{\"@context\":\"https:\\\/\\\/schema.org\",\"@graph\":[{\"@type\":\"WebPage\",\"@id\":\"https:\\\/\\\/pigouille.com\\\/WP\\\/reportage_de_france_bleu_breizh_izel\\\/\",\"url\":\"https:\\\/\\\/pigouille.com\\\/WP\\\/reportage_de_france_bleu_breizh_izel\\\/\",\"name\":\"Reportage de France Bleu Breizh Izel - Pigouille Site de Association Martine Goemoniers\",\"isPartOf\":{\"@id\":\"https:\\\/\\\/pigouille.com\\\/WP\\\/#website\"},\"primaryImageOfPage\":{\"@id\":\"https:\\\/\\\/pigouille.com\\\/WP\\\/reportage_de_france_bleu_breizh_izel\\\/#primaryimage\"},\"image\":{\"@id\":\"https:\\\/\\\/pigouille.com\\\/WP\\\/reportage_de_france_bleu_breizh_izel\\\/#primaryimage\"},\"thumbnailUrl\":\"https:\\\/\\\/pigouille.com\\\/WP\\\/wp-content\\\/uploads\\\/2021\\\/03\\\/close5.png\",\"datePublished\":\"2021-10-31T17:25:48+00:00\",\"dateModified\":\"2023-07-26T08:41:57+00:00\",\"breadcrumb\":{\"@id\":\"https:\\\/\\\/pigouille.com\\\/WP\\\/reportage_de_france_bleu_breizh_izel\\\/#breadcrumb\"},\"inLanguage\":\"fr-FR\",\"potentialAction\":[{\"@type\":\"ReadAction\",\"target\":[\"https:\\\/\\\/pigouille.com\\\/WP\\\/reportage_de_france_bleu_breizh_izel\\\/\"]}]},{\"@type\":\"ImageObject\",\"inLanguage\":\"fr-FR\",\"@id\":\"https:\\\/\\\/pigouille.com\\\/WP\\\/reportage_de_france_bleu_breizh_izel\\\/#primaryimage\",\"url\":\"https:\\\/\\\/pigouille.com\\\/WP\\\/wp-content\\\/uploads\\\/2021\\\/03\\\/close5.png\",\"contentUrl\":\"https:\\\/\\\/pigouille.com\\\/WP\\\/wp-content\\\/uploads\\\/2021\\\/03\\\/close5.png\",\"width\":48,\"height\":48},{\"@type\":\"BreadcrumbList\",\"@id\":\"https:\\\/\\\/pigouille.com\\\/WP\\\/reportage_de_france_bleu_breizh_izel\\\/#breadcrumb\",\"itemListElement\":[{\"@type\":\"ListItem\",\"position\":1,\"name\":\"Accueil\",\"item\":\"https:\\\/\\\/pigouille.com\\\/WP\\\/\"},{\"@type\":\"ListItem\",\"position\":2,\"name\":\"Reportage de France Bleu Breizh Izel\"}]},{\"@type\":\"WebSite\",\"@id\":\"https:\\\/\\\/pigouille.com\\\/WP\\\/#website\",\"url\":\"https:\\\/\\\/pigouille.com\\\/WP\\\/\",\"name\":\"Pigouille Site de Association Martine Goemoniers\",\"description\":\"Cotre Goemonier \u00e0 Landeda\",\"publisher\":{\"@id\":\"https:\\\/\\\/pigouille.com\\\/WP\\\/#organization\"},\"potentialAction\":[{\"@type\":\"SearchAction\",\"target\":{\"@type\":\"EntryPoint\",\"urlTemplate\":\"https:\\\/\\\/pigouille.com\\\/WP\\\/?s={search_term_string}\"},\"query-input\":{\"@type\":\"PropertyValueSpecification\",\"valueRequired\":true,\"valueName\":\"search_term_string\"}}],\"inLanguage\":\"fr-FR\"},{\"@type\":\"Organization\",\"@id\":\"https:\\\/\\\/pigouille.com\\\/WP\\\/#organization\",\"name\":\"Pigouille Site de Association Martine Goemoniers\",\"url\":\"https:\\\/\\\/pigouille.com\\\/WP\\\/\",\"logo\":{\"@type\":\"ImageObject\",\"inLanguage\":\"fr-FR\",\"@id\":\"https:\\\/\\\/pigouille.com\\\/WP\\\/#\\\/schema\\\/logo\\\/image\\\/\",\"url\":\"https:\\\/\\\/pigouille.com\\\/WP\\\/wp-content\\\/uploads\\\/2021\\\/03\\\/Logo_M.png\",\"contentUrl\":\"https:\\\/\\\/pigouille.com\\\/WP\\\/wp-content\\\/uploads\\\/2021\\\/03\\\/Logo_M.png\",\"width\":52,\"height\":48,\"caption\":\"Pigouille Site de Association Martine Goemoniers\"},\"image\":{\"@id\":\"https:\\\/\\\/pigouille.com\\\/WP\\\/#\\\/schema\\\/logo\\\/image\\\/\"}}]}<\/script>\n<!-- \/ Yoast SEO plugin. -->","yoast_head_json":{"title":"Reportage de France Bleu Breizh Izel - Pigouille Site de Association Martine Goemoniers","robots":{"index":"index","follow":"follow","max-snippet":"max-snippet:-1","max-image-preview":"max-image-preview:large","max-video-preview":"max-video-preview:-1"},"canonical":"https:\/\/pigouille.com\/WP\/reportage_de_france_bleu_breizh_izel\/","og_locale":"fr_FR","og_type":"article","og_title":"Reportage de France Bleu Breizh Izel - Pigouille Site de Association Martine Goemoniers","og_url":"https:\/\/pigouille.com\/WP\/reportage_de_france_bleu_breizh_izel\/","og_site_name":"Pigouille Site de Association Martine Goemoniers","article_modified_time":"2023-07-26T08:41:57+00:00","og_image":[{"url":"https:\/\/pigouille.com\/WP\/wp-content\/uploads\/2021\/03\/close5.png","type":"","width":"","height":""}],"twitter_card":"summary_large_image","twitter_misc":{"Dur\u00e9e de lecture estim\u00e9e":"2 minutes"},"schema":{"@context":"https:\/\/schema.org","@graph":[{"@type":"WebPage","@id":"https:\/\/pigouille.com\/WP\/reportage_de_france_bleu_breizh_izel\/","url":"https:\/\/pigouille.com\/WP\/reportage_de_france_bleu_breizh_izel\/","name":"Reportage de France Bleu Breizh Izel - Pigouille Site de Association Martine Goemoniers","isPartOf":{"@id":"https:\/\/pigouille.com\/WP\/#website"},"primaryImageOfPage":{"@id":"https:\/\/pigouille.com\/WP\/reportage_de_france_bleu_breizh_izel\/#primaryimage"},"image":{"@id":"https:\/\/pigouille.com\/WP\/reportage_de_france_bleu_breizh_izel\/#primaryimage"},"thumbnailUrl":"https:\/\/pigouille.com\/WP\/wp-content\/uploads\/2021\/03\/close5.png","datePublished":"2021-10-31T17:25:48+00:00","dateModified":"2023-07-26T08:41:57+00:00","breadcrumb":{"@id":"https:\/\/pigouille.com\/WP\/reportage_de_france_bleu_breizh_izel\/#breadcrumb"},"inLanguage":"fr-FR","potentialAction":[{"@type":"ReadAction","target":["https:\/\/pigouille.com\/WP\/reportage_de_france_bleu_breizh_izel\/"]}]},{"@type":"ImageObject","inLanguage":"fr-FR","@id":"https:\/\/pigouille.com\/WP\/reportage_de_france_bleu_breizh_izel\/#primaryimage","url":"https:\/\/pigouille.com\/WP\/wp-content\/uploads\/2021\/03\/close5.png","contentUrl":"https:\/\/pigouille.com\/WP\/wp-content\/uploads\/2021\/03\/close5.png","width":48,"height":48},{"@type":"BreadcrumbList","@id":"https:\/\/pigouille.com\/WP\/reportage_de_france_bleu_breizh_izel\/#breadcrumb","itemListElement":[{"@type":"ListItem","position":1,"name":"Accueil","item":"https:\/\/pigouille.com\/WP\/"},{"@type":"ListItem","position":2,"name":"Reportage de France Bleu Breizh Izel"}]},{"@type":"WebSite","@id":"https:\/\/pigouille.com\/WP\/#website","url":"https:\/\/pigouille.com\/WP\/","name":"Pigouille Site de Association Martine Goemoniers","description":"Cotre Goemonier \u00e0 Landeda","publisher":{"@id":"https:\/\/pigouille.com\/WP\/#organization"},"potentialAction":[{"@type":"SearchAction","target":{"@type":"EntryPoint","urlTemplate":"https:\/\/pigouille.com\/WP\/?s={search_term_string}"},"query-input":{"@type":"PropertyValueSpecification","valueRequired":true,"valueName":"search_term_string"}}],"inLanguage":"fr-FR"},{"@type":"Organization","@id":"https:\/\/pigouille.com\/WP\/#organization","name":"Pigouille Site de Association Martine Goemoniers","url":"https:\/\/pigouille.com\/WP\/","logo":{"@type":"ImageObject","inLanguage":"fr-FR","@id":"https:\/\/pigouille.com\/WP\/#\/schema\/logo\/image\/","url":"https:\/\/pigouille.com\/WP\/wp-content\/uploads\/2021\/03\/Logo_M.png","contentUrl":"https:\/\/pigouille.com\/WP\/wp-content\/uploads\/2021\/03\/Logo_M.png","width":52,"height":48,"caption":"Pigouille Site de Association Martine Goemoniers"},"image":{"@id":"https:\/\/pigouille.com\/WP\/#\/schema\/logo\/image\/"}}]}},"_links":{"self":[{"href":"https:\/\/pigouille.com\/WP\/wp-json\/wp\/v2\/pages\/7060","targetHints":{"allow":["GET"]}}],"collection":[{"href":"https:\/\/pigouille.com\/WP\/wp-json\/wp\/v2\/pages"}],"about":[{"href":"https:\/\/pigouille.com\/WP\/wp-json\/wp\/v2\/types\/page"}],"author":[{"embeddable":true,"href":"https:\/\/pigouille.com\/WP\/wp-json\/wp\/v2\/users\/1"}],"replies":[{"embeddable":true,"href":"https:\/\/pigouille.com\/WP\/wp-json\/wp\/v2\/comments?post=7060"}],"version-history":[{"count":33,"href":"https:\/\/pigouille.com\/WP\/wp-json\/wp\/v2\/pages\/7060\/revisions"}],"predecessor-version":[{"id":12789,"href":"https:\/\/pigouille.com\/WP\/wp-json\/wp\/v2\/pages\/7060\/revisions\/12789"}],"wp:attachment":[{"href":"https:\/\/pigouille.com\/WP\/wp-json\/wp\/v2\/media?parent=7060"}],"curies":[{"name":"wp","href":"https:\/\/api.w.org\/{rel}","templated":true}]}}