{"id":6681,"date":"2021-10-23T13:21:09","date_gmt":"2021-10-23T11:21:09","guid":{"rendered":"https:\/\/pigouille.com\/WP\/presse-annee-2015-2\/"},"modified":"2021-10-30T22:53:53","modified_gmt":"2021-10-30T20:53:53","slug":"presse-annee-2014","status":"publish","type":"page","link":"https:\/\/pigouille.com\/WP\/presse-annee-2014\/","title":{"rendered":"PRESSE : Ann\u00e9e 2014"},"content":{"rendered":"\n<div class=\"wp-block-qubely-wrapper qubely-block-71a081\"><div class=\"qubely-block-wrapper-block \">\n<div class=\"wp-block-columns is-layout-flex wp-container-core-columns-is-layout-28f84493 wp-block-columns-is-layout-flex\">\n<div class=\"wp-block-column is-layout-flow wp-block-column-is-layout-flow\" style=\"flex-basis:5%\">\n<figure class=\"wp-block-image size-full\"><a href=\"https:\/\/pigouille.com\/WP\/presse-annee-2015\/\"><img loading=\"lazy\" decoding=\"async\" width=\"24\" height=\"24\" src=\"https:\/\/pigouille.com\/WP\/wp-content\/uploads\/2021\/10\/arrow-left-double-2.png\" alt=\"\" class=\"wp-image-6565\" title=\"Vers Ann\u00e9e 2015\"\/><\/a><\/figure>\n<\/div>\n\n\n\n<div class=\"wp-block-column is-layout-flow wp-block-column-is-layout-flow\" style=\"flex-basis:90%\">\n<h3 class=\"has-text-align-center wp-block-heading\" id=\"Haut-de-page\"><br><strong><font color=\"#b9402f\">Ann\u00e9e 2014<\/font><\/strong><\/h3>\n<\/div>\n\n\n\n<div class=\"wp-block-column is-layout-flow wp-block-column-is-layout-flow\" style=\"flex-basis:5%\">\n<figure class=\"wp-block-image size-full\"><a href=\"https:\/\/pigouille.com\/WP\/presse-annee-2013\/\"><img loading=\"lazy\" decoding=\"async\" width=\"24\" height=\"24\" src=\"https:\/\/pigouille.com\/WP\/wp-content\/uploads\/2021\/10\/arrow-right-double-2.png\" alt=\"\" class=\"wp-image-6575\" title=\"Vers Ann\u00e9e 2013\"\/><\/a><\/figure>\n<\/div>\n<\/div>\n<\/div><\/div>\n\n\n\n<div class=\"wp-block-qubely-wrapper qubely-block-323017\"><div class=\"qubely-block-wrapper-block \">\n<div class=\"wp-block-columns is-layout-flex wp-container-core-columns-is-layout-28f84493 wp-block-columns-is-layout-flex\">\n<div class=\"wp-block-column is-layout-flow wp-block-column-is-layout-flow\">\n<div class=\"wp-block-columns is-layout-flex wp-container-core-columns-is-layout-28f84493 wp-block-columns-is-layout-flex\">\n<div class=\"wp-block-column is-layout-flow wp-block-column-is-layout-flow\" style=\"flex-basis:100%\">\n<figure class=\"wp-block-image alignwide size-full\"><img loading=\"lazy\" decoding=\"async\" width=\"768\" height=\"514\" src=\"https:\/\/pigouille.com\/WP\/wp-content\/uploads\/2021\/10\/2014_01_03_Voilier_Martine1.jpg\" alt=\"\" class=\"wp-image-6954\" srcset=\"https:\/\/pigouille.com\/WP\/wp-content\/uploads\/2021\/10\/2014_01_03_Voilier_Martine1.jpg 768w, https:\/\/pigouille.com\/WP\/wp-content\/uploads\/2021\/10\/2014_01_03_Voilier_Martine1-300x201.jpg 300w\" sizes=\"auto, (max-width: 768px) 100vw, 768px\" \/><\/figure>\n<\/div>\n<\/div>\n\n\n\n<div class=\"wp-block-columns is-layout-flex wp-container-core-columns-is-layout-28f84493 wp-block-columns-is-layout-flex\">\n<div class=\"wp-block-column is-layout-flow wp-block-column-is-layout-flow\" style=\"flex-basis:15%\">\n<p><\/p>\n<\/div>\n\n\n\n<div class=\"wp-block-column is-layout-flow wp-block-column-is-layout-flow\" style=\"flex-basis:70%\">\n<div class=\"wp-block-qubely-wrapper qubely-block-78d156\"><div class=\"qubely-block-wrapper-block \">\n<h5 class=\"has-text-align-center wp-block-heading\" id=\"le-telegramme-3-janvier-2014-voilier-martine-une-belle-reconnaissance\"><strong>Le T\u00e9l\u00e9gramme 3 janvier 2014<\/strong>\u00a0 : Voilier Martine.<br>Une belle reconnaissance<\/h5>\n<\/div><\/div>\n<\/div>\n\n\n\n<div class=\"wp-block-column is-layout-flow wp-block-column-is-layout-flow\" style=\"flex-basis:15%\">\n<p><\/p>\n<\/div>\n<\/div>\n<\/div>\n<\/div>\n\n\n\n<div class=\"wp-block-columns is-layout-flex wp-container-core-columns-is-layout-28f84493 wp-block-columns-is-layout-flex\">\n<div class=\"wp-block-column is-layout-flow wp-block-column-is-layout-flow\">\n<div class=\"wp-block-columns is-layout-flex wp-container-core-columns-is-layout-28f84493 wp-block-columns-is-layout-flex\">\n<div class=\"wp-block-column is-layout-flow wp-block-column-is-layout-flow\" style=\"flex-basis:100%\">\n<figure class=\"wp-block-image alignwide size-large\"><img loading=\"lazy\" decoding=\"async\" width=\"395\" height=\"1024\" src=\"https:\/\/pigouille.com\/WP\/wp-content\/uploads\/2021\/10\/2014_04_Le_Chasse_Maree_258-395x1024.jpg\" alt=\"\" class=\"wp-image-6955\" srcset=\"https:\/\/pigouille.com\/WP\/wp-content\/uploads\/2021\/10\/2014_04_Le_Chasse_Maree_258-395x1024.jpg 395w, https:\/\/pigouille.com\/WP\/wp-content\/uploads\/2021\/10\/2014_04_Le_Chasse_Maree_258-116x300.jpg 116w, https:\/\/pigouille.com\/WP\/wp-content\/uploads\/2021\/10\/2014_04_Le_Chasse_Maree_258-592x1536.jpg 592w, https:\/\/pigouille.com\/WP\/wp-content\/uploads\/2021\/10\/2014_04_Le_Chasse_Maree_258.jpg 768w\" sizes=\"auto, (max-width: 395px) 100vw, 395px\" \/><\/figure>\n<\/div>\n<\/div>\n\n\n\n<div class=\"wp-block-columns is-layout-flex wp-container-core-columns-is-layout-28f84493 wp-block-columns-is-layout-flex\">\n<div class=\"wp-block-column is-layout-flow wp-block-column-is-layout-flow\" style=\"flex-basis:15%\">\n<p><\/p>\n<\/div>\n\n\n\n<div class=\"wp-block-column is-layout-flow wp-block-column-is-layout-flow\" style=\"flex-basis:70%\">\n<div class=\"wp-block-qubely-wrapper qubely-block-c44977\"><div class=\"qubely-block-wrapper-block \">\n<h5 class=\"has-text-align-center wp-block-heading\" id=\"avril-2014-le-chasse-maree-n-258-martine-goemonier-du-pays-des-abers\"><strong>Avril 2014 Le chasse Mar\u00e9e n\u00b0258<\/strong>\u00a0 :<br>Martine, go\u00e9monier du pays des Abers<\/h5>\n<\/div><\/div>\n<\/div>\n\n\n\n<div class=\"wp-block-column is-layout-flow wp-block-column-is-layout-flow\" style=\"flex-basis:15%\">\n<p><\/p>\n<\/div>\n<\/div>\n<\/div>\n<\/div>\n\n\n\n<div class=\"wp-block-columns is-layout-flex wp-container-core-columns-is-layout-28f84493 wp-block-columns-is-layout-flex\">\n<div class=\"wp-block-column is-layout-flow wp-block-column-is-layout-flow\">\n<div class=\"wp-block-columns is-layout-flex wp-container-core-columns-is-layout-28f84493 wp-block-columns-is-layout-flex\">\n<div class=\"wp-block-column is-layout-flow wp-block-column-is-layout-flow\" style=\"flex-basis:100%\">\n<figure class=\"wp-block-image size-full\"><img loading=\"lazy\" decoding=\"async\" width=\"768\" height=\"325\" src=\"https:\/\/pigouille.com\/WP\/wp-content\/uploads\/2021\/10\/2014_01_27_BIP1.jpg\" alt=\"\" class=\"wp-image-6957\" srcset=\"https:\/\/pigouille.com\/WP\/wp-content\/uploads\/2021\/10\/2014_01_27_BIP1.jpg 768w, https:\/\/pigouille.com\/WP\/wp-content\/uploads\/2021\/10\/2014_01_27_BIP1-300x127.jpg 300w\" sizes=\"auto, (max-width: 768px) 100vw, 768px\" \/><\/figure>\n<\/div>\n<\/div>\n\n\n\n<div class=\"wp-block-columns is-layout-flex wp-container-core-columns-is-layout-28f84493 wp-block-columns-is-layout-flex\">\n<div class=\"wp-block-column is-layout-flow wp-block-column-is-layout-flow\" style=\"flex-basis:15%\">\n<p><\/p>\n<\/div>\n\n\n\n<div class=\"wp-block-column is-layout-flow wp-block-column-is-layout-flow\" style=\"flex-basis:70%\">\n<div class=\"wp-block-qubely-wrapper qubely-block-ec4903\"><div class=\"qubely-block-wrapper-block \">\n<h5 class=\"has-text-align-center wp-block-heading\" id=\"le-telegramme-27-juillet-2014-association-martine-remise-de-la-plaque-bip\"><strong>Le T\u00e9l\u00e9gramme 27 juillet 2014<\/strong>\u00a0 : Association Martine.<br>Remise de la plaque BIP.<\/h5>\n<\/div><\/div>\n<\/div>\n\n\n\n<div class=\"wp-block-column is-layout-flow wp-block-column-is-layout-flow\" style=\"flex-basis:15%\">\n<p><\/p>\n<\/div>\n<\/div>\n<\/div>\n<\/div>\n\n\n\n<div class=\"wp-block-columns is-layout-flex wp-container-core-columns-is-layout-28f84493 wp-block-columns-is-layout-flex\">\n<div class=\"wp-block-column is-layout-flow wp-block-column-is-layout-flow\">\n<div class=\"wp-block-columns is-layout-flex wp-container-core-columns-is-layout-28f84493 wp-block-columns-is-layout-flex\">\n<div class=\"wp-block-column is-layout-flow wp-block-column-is-layout-flow\" style=\"flex-basis:100%\">\n<figure class=\"wp-block-image alignwide size-large\"><img loading=\"lazy\" decoding=\"async\" width=\"669\" height=\"1024\" src=\"https:\/\/pigouille.com\/WP\/wp-content\/uploads\/2021\/10\/2014_08_24_Fete_Goemonier-669x1024.jpg\" alt=\"\" class=\"wp-image-6958\" srcset=\"https:\/\/pigouille.com\/WP\/wp-content\/uploads\/2021\/10\/2014_08_24_Fete_Goemonier-669x1024.jpg 669w, https:\/\/pigouille.com\/WP\/wp-content\/uploads\/2021\/10\/2014_08_24_Fete_Goemonier-196x300.jpg 196w, https:\/\/pigouille.com\/WP\/wp-content\/uploads\/2021\/10\/2014_08_24_Fete_Goemonier.jpg 768w\" sizes=\"auto, (max-width: 669px) 100vw, 669px\" \/><\/figure>\n<\/div>\n<\/div>\n\n\n\n<div class=\"wp-block-columns is-layout-flex wp-container-core-columns-is-layout-28f84493 wp-block-columns-is-layout-flex\">\n<div class=\"wp-block-column is-layout-flow wp-block-column-is-layout-flow\" style=\"flex-basis:15%\">\n<p><\/p>\n<\/div>\n\n\n\n<div class=\"wp-block-column is-layout-flow wp-block-column-is-layout-flow\" style=\"flex-basis:70%\">\n<div class=\"wp-block-qubely-wrapper qubely-block-a8f448\"><div class=\"qubely-block-wrapper-block \">\n<h5 class=\"has-text-align-center wp-block-heading\" id=\"le-telegramme-24-aout-2014-fete-des-goemoniers-a-plouguerneau-tradition-et-actualite\"><strong>Le T\u00e9l\u00e9gramme 24 Ao\u00fbt 2014<\/strong>\u00a0 :<br>F\u00eate des go\u00e9moniers \u00e0 Plouguerneau.<br>Tradition et actualit\u00e9<\/h5>\n<\/div><\/div>\n<\/div>\n\n\n\n<div class=\"wp-block-column is-layout-flow wp-block-column-is-layout-flow\" style=\"flex-basis:15%\">\n<p><\/p>\n<\/div>\n<\/div>\n<\/div>\n<\/div>\n\n\n\n<div class=\"wp-block-columns is-layout-flex wp-container-core-columns-is-layout-28f84493 wp-block-columns-is-layout-flex\">\n<div class=\"wp-block-column is-layout-flow wp-block-column-is-layout-flow\" style=\"flex-basis:5%\">\n<figure class=\"wp-block-image size-full\"><a href=\"https:\/\/pigouille.com\/WP\/presse-annee-2015\/\"><img loading=\"lazy\" decoding=\"async\" width=\"24\" height=\"24\" src=\"https:\/\/pigouille.com\/WP\/wp-content\/uploads\/2021\/10\/arrow-left-double-2.png\" alt=\"\" class=\"wp-image-6565\" title=\"Vers Ann\u00e9e 2015\"\/><\/a><\/figure>\n<\/div>\n\n\n\n<div class=\"wp-block-column is-layout-flow wp-block-column-is-layout-flow\" style=\"flex-basis:90%\">\n<div class=\"wp-block-image\"><figure class=\"aligncenter size-full\"><a href=\"#Haut-de-page\"><img loading=\"lazy\" decoding=\"async\" width=\"24\" height=\"24\" src=\"https:\/\/pigouille.com\/WP\/wp-content\/uploads\/2021\/10\/arrow-up-double-2.png\" alt=\"\" class=\"wp-image-6569\" title=\"Retour vers le haut de la page\"\/><\/a><\/figure><\/div>\n<\/div>\n\n\n\n<div class=\"wp-block-column is-layout-flow wp-block-column-is-layout-flow\" style=\"flex-basis:5%\">\n<figure class=\"wp-block-image size-full\"><a href=\"https:\/\/pigouille.com\/WP\/presse-annee-2013\/\"><img loading=\"lazy\" decoding=\"async\" width=\"24\" height=\"24\" src=\"https:\/\/pigouille.com\/WP\/wp-content\/uploads\/2021\/10\/arrow-right-double-2.png\" alt=\"Vers Ann\u00e9e 2013\" class=\"wp-image-6575\" title=\"Vers Ann\u00e9e 2013\"\/><\/a><\/figure>\n<\/div>\n<\/div>\n<\/div><\/div>\n","protected":false},"excerpt":{"rendered":"","protected":false},"author":1,"featured_media":0,"parent":0,"menu_order":0,"comment_status":"closed","ping_status":"closed","template":"","meta":{"qubely_global_settings":"","qubely_interactions":"","footnotes":""},"class_list":["post-6681","page","type-page","status-publish","hentry"],"blocksy_meta":{"styles_descriptor":{"styles":{"desktop":"","tablet":"","mobile":""},"google_fonts":[],"version":6}},"yoast_head":"<!-- This site is optimized with the Yoast SEO plugin v27.3 - https:\/\/yoast.com\/product\/yoast-seo-wordpress\/ -->\n<title>PRESSE : Ann\u00e9e 2014 - Pigouille Site de Association Martine Goemoniers<\/title>\n<meta name=\"robots\" content=\"index, follow, max-snippet:-1, max-image-preview:large, max-video-preview:-1\" \/>\n<link rel=\"canonical\" href=\"https:\/\/pigouille.com\/WP\/presse-annee-2014\/\" \/>\n<meta property=\"og:locale\" content=\"fr_FR\" \/>\n<meta property=\"og:type\" content=\"article\" \/>\n<meta property=\"og:title\" content=\"PRESSE : Ann\u00e9e 2014 - Pigouille Site de Association Martine Goemoniers\" \/>\n<meta property=\"og:url\" content=\"https:\/\/pigouille.com\/WP\/presse-annee-2014\/\" \/>\n<meta property=\"og:site_name\" content=\"Pigouille Site de Association Martine Goemoniers\" \/>\n<meta property=\"article:modified_time\" content=\"2021-10-30T20:53:53+00:00\" \/>\n<meta property=\"og:image\" content=\"https:\/\/pigouille.com\/WP\/wp-content\/uploads\/2021\/10\/arrow-left-double-2.png\" \/>\n<meta name=\"twitter:card\" content=\"summary_large_image\" \/>\n<meta name=\"twitter:label1\" content=\"Dur\u00e9e de lecture estim\u00e9e\" \/>\n\t<meta name=\"twitter:data1\" content=\"3 minutes\" \/>\n<script type=\"application\/ld+json\" class=\"yoast-schema-graph\">{\"@context\":\"https:\\\/\\\/schema.org\",\"@graph\":[{\"@type\":\"WebPage\",\"@id\":\"https:\\\/\\\/pigouille.com\\\/WP\\\/presse-annee-2014\\\/\",\"url\":\"https:\\\/\\\/pigouille.com\\\/WP\\\/presse-annee-2014\\\/\",\"name\":\"PRESSE : Ann\u00e9e 2014 - Pigouille Site de Association Martine Goemoniers\",\"isPartOf\":{\"@id\":\"https:\\\/\\\/pigouille.com\\\/WP\\\/#website\"},\"primaryImageOfPage\":{\"@id\":\"https:\\\/\\\/pigouille.com\\\/WP\\\/presse-annee-2014\\\/#primaryimage\"},\"image\":{\"@id\":\"https:\\\/\\\/pigouille.com\\\/WP\\\/presse-annee-2014\\\/#primaryimage\"},\"thumbnailUrl\":\"https:\\\/\\\/pigouille.com\\\/WP\\\/wp-content\\\/uploads\\\/2021\\\/10\\\/arrow-left-double-2.png\",\"datePublished\":\"2021-10-23T11:21:09+00:00\",\"dateModified\":\"2021-10-30T20:53:53+00:00\",\"breadcrumb\":{\"@id\":\"https:\\\/\\\/pigouille.com\\\/WP\\\/presse-annee-2014\\\/#breadcrumb\"},\"inLanguage\":\"fr-FR\",\"potentialAction\":[{\"@type\":\"ReadAction\",\"target\":[\"https:\\\/\\\/pigouille.com\\\/WP\\\/presse-annee-2014\\\/\"]}]},{\"@type\":\"ImageObject\",\"inLanguage\":\"fr-FR\",\"@id\":\"https:\\\/\\\/pigouille.com\\\/WP\\\/presse-annee-2014\\\/#primaryimage\",\"url\":\"https:\\\/\\\/pigouille.com\\\/WP\\\/wp-content\\\/uploads\\\/2021\\\/10\\\/arrow-left-double-2.png\",\"contentUrl\":\"https:\\\/\\\/pigouille.com\\\/WP\\\/wp-content\\\/uploads\\\/2021\\\/10\\\/arrow-left-double-2.png\",\"width\":24,\"height\":24},{\"@type\":\"BreadcrumbList\",\"@id\":\"https:\\\/\\\/pigouille.com\\\/WP\\\/presse-annee-2014\\\/#breadcrumb\",\"itemListElement\":[{\"@type\":\"ListItem\",\"position\":1,\"name\":\"Accueil\",\"item\":\"https:\\\/\\\/pigouille.com\\\/WP\\\/\"},{\"@type\":\"ListItem\",\"position\":2,\"name\":\"PRESSE : Ann\u00e9e 2014\"}]},{\"@type\":\"WebSite\",\"@id\":\"https:\\\/\\\/pigouille.com\\\/WP\\\/#website\",\"url\":\"https:\\\/\\\/pigouille.com\\\/WP\\\/\",\"name\":\"Pigouille Site de Association Martine Goemoniers\",\"description\":\"Cotre Goemonier \u00e0 Landeda\",\"publisher\":{\"@id\":\"https:\\\/\\\/pigouille.com\\\/WP\\\/#organization\"},\"potentialAction\":[{\"@type\":\"SearchAction\",\"target\":{\"@type\":\"EntryPoint\",\"urlTemplate\":\"https:\\\/\\\/pigouille.com\\\/WP\\\/?s={search_term_string}\"},\"query-input\":{\"@type\":\"PropertyValueSpecification\",\"valueRequired\":true,\"valueName\":\"search_term_string\"}}],\"inLanguage\":\"fr-FR\"},{\"@type\":\"Organization\",\"@id\":\"https:\\\/\\\/pigouille.com\\\/WP\\\/#organization\",\"name\":\"Pigouille Site de Association Martine Goemoniers\",\"url\":\"https:\\\/\\\/pigouille.com\\\/WP\\\/\",\"logo\":{\"@type\":\"ImageObject\",\"inLanguage\":\"fr-FR\",\"@id\":\"https:\\\/\\\/pigouille.com\\\/WP\\\/#\\\/schema\\\/logo\\\/image\\\/\",\"url\":\"https:\\\/\\\/pigouille.com\\\/WP\\\/wp-content\\\/uploads\\\/2021\\\/03\\\/Logo_M.png\",\"contentUrl\":\"https:\\\/\\\/pigouille.com\\\/WP\\\/wp-content\\\/uploads\\\/2021\\\/03\\\/Logo_M.png\",\"width\":52,\"height\":48,\"caption\":\"Pigouille Site de Association Martine Goemoniers\"},\"image\":{\"@id\":\"https:\\\/\\\/pigouille.com\\\/WP\\\/#\\\/schema\\\/logo\\\/image\\\/\"}}]}<\/script>\n<!-- \/ Yoast SEO plugin. -->","yoast_head_json":{"title":"PRESSE : Ann\u00e9e 2014 - Pigouille Site de Association Martine Goemoniers","robots":{"index":"index","follow":"follow","max-snippet":"max-snippet:-1","max-image-preview":"max-image-preview:large","max-video-preview":"max-video-preview:-1"},"canonical":"https:\/\/pigouille.com\/WP\/presse-annee-2014\/","og_locale":"fr_FR","og_type":"article","og_title":"PRESSE : Ann\u00e9e 2014 - Pigouille Site de Association Martine Goemoniers","og_url":"https:\/\/pigouille.com\/WP\/presse-annee-2014\/","og_site_name":"Pigouille Site de Association Martine Goemoniers","article_modified_time":"2021-10-30T20:53:53+00:00","og_image":[{"url":"https:\/\/pigouille.com\/WP\/wp-content\/uploads\/2021\/10\/arrow-left-double-2.png","type":"","width":"","height":""}],"twitter_card":"summary_large_image","twitter_misc":{"Dur\u00e9e de lecture estim\u00e9e":"3 minutes"},"schema":{"@context":"https:\/\/schema.org","@graph":[{"@type":"WebPage","@id":"https:\/\/pigouille.com\/WP\/presse-annee-2014\/","url":"https:\/\/pigouille.com\/WP\/presse-annee-2014\/","name":"PRESSE : Ann\u00e9e 2014 - Pigouille Site de Association Martine Goemoniers","isPartOf":{"@id":"https:\/\/pigouille.com\/WP\/#website"},"primaryImageOfPage":{"@id":"https:\/\/pigouille.com\/WP\/presse-annee-2014\/#primaryimage"},"image":{"@id":"https:\/\/pigouille.com\/WP\/presse-annee-2014\/#primaryimage"},"thumbnailUrl":"https:\/\/pigouille.com\/WP\/wp-content\/uploads\/2021\/10\/arrow-left-double-2.png","datePublished":"2021-10-23T11:21:09+00:00","dateModified":"2021-10-30T20:53:53+00:00","breadcrumb":{"@id":"https:\/\/pigouille.com\/WP\/presse-annee-2014\/#breadcrumb"},"inLanguage":"fr-FR","potentialAction":[{"@type":"ReadAction","target":["https:\/\/pigouille.com\/WP\/presse-annee-2014\/"]}]},{"@type":"ImageObject","inLanguage":"fr-FR","@id":"https:\/\/pigouille.com\/WP\/presse-annee-2014\/#primaryimage","url":"https:\/\/pigouille.com\/WP\/wp-content\/uploads\/2021\/10\/arrow-left-double-2.png","contentUrl":"https:\/\/pigouille.com\/WP\/wp-content\/uploads\/2021\/10\/arrow-left-double-2.png","width":24,"height":24},{"@type":"BreadcrumbList","@id":"https:\/\/pigouille.com\/WP\/presse-annee-2014\/#breadcrumb","itemListElement":[{"@type":"ListItem","position":1,"name":"Accueil","item":"https:\/\/pigouille.com\/WP\/"},{"@type":"ListItem","position":2,"name":"PRESSE : Ann\u00e9e 2014"}]},{"@type":"WebSite","@id":"https:\/\/pigouille.com\/WP\/#website","url":"https:\/\/pigouille.com\/WP\/","name":"Pigouille Site de Association Martine Goemoniers","description":"Cotre Goemonier \u00e0 Landeda","publisher":{"@id":"https:\/\/pigouille.com\/WP\/#organization"},"potentialAction":[{"@type":"SearchAction","target":{"@type":"EntryPoint","urlTemplate":"https:\/\/pigouille.com\/WP\/?s={search_term_string}"},"query-input":{"@type":"PropertyValueSpecification","valueRequired":true,"valueName":"search_term_string"}}],"inLanguage":"fr-FR"},{"@type":"Organization","@id":"https:\/\/pigouille.com\/WP\/#organization","name":"Pigouille Site de Association Martine Goemoniers","url":"https:\/\/pigouille.com\/WP\/","logo":{"@type":"ImageObject","inLanguage":"fr-FR","@id":"https:\/\/pigouille.com\/WP\/#\/schema\/logo\/image\/","url":"https:\/\/pigouille.com\/WP\/wp-content\/uploads\/2021\/03\/Logo_M.png","contentUrl":"https:\/\/pigouille.com\/WP\/wp-content\/uploads\/2021\/03\/Logo_M.png","width":52,"height":48,"caption":"Pigouille Site de Association Martine Goemoniers"},"image":{"@id":"https:\/\/pigouille.com\/WP\/#\/schema\/logo\/image\/"}}]}},"_links":{"self":[{"href":"https:\/\/pigouille.com\/WP\/wp-json\/wp\/v2\/pages\/6681","targetHints":{"allow":["GET"]}}],"collection":[{"href":"https:\/\/pigouille.com\/WP\/wp-json\/wp\/v2\/pages"}],"about":[{"href":"https:\/\/pigouille.com\/WP\/wp-json\/wp\/v2\/types\/page"}],"author":[{"embeddable":true,"href":"https:\/\/pigouille.com\/WP\/wp-json\/wp\/v2\/users\/1"}],"replies":[{"embeddable":true,"href":"https:\/\/pigouille.com\/WP\/wp-json\/wp\/v2\/comments?post=6681"}],"version-history":[{"count":7,"href":"https:\/\/pigouille.com\/WP\/wp-json\/wp\/v2\/pages\/6681\/revisions"}],"predecessor-version":[{"id":6959,"href":"https:\/\/pigouille.com\/WP\/wp-json\/wp\/v2\/pages\/6681\/revisions\/6959"}],"wp:attachment":[{"href":"https:\/\/pigouille.com\/WP\/wp-json\/wp\/v2\/media?parent=6681"}],"curies":[{"name":"wp","href":"https:\/\/api.w.org\/{rel}","templated":true}]}}