{"id":61,"date":"2021-03-25T14:39:41","date_gmt":"2021-03-25T13:39:41","guid":{"rendered":"https:\/\/pigouille.com\/WP\/?page_id=61"},"modified":"2021-12-03T15:50:08","modified_gmt":"2021-12-03T14:50:08","slug":"chantiers-hiver-2019-2020","status":"publish","type":"page","link":"https:\/\/pigouille.com\/WP\/chantiers-hiver-2019-2020\/","title":{"rendered":"Chantiers 2019-2020"},"content":{"rendered":"\n<div class=\"wp-block-qubely-wrapper qubely-block-927165\"><div class=\"qubely-block-wrapper-block \">\n<p style=\"font-size:clamp(18.959px, 1.185rem + ((1vw - 3.2px) * 0.863), 30px);\"><strong>Chantiers hiver 2019-2020<\/strong><\/p>\n<\/div><\/div>\n\n\n\n<div class=\"wp-block-qubely-wrapper qubely-block-a611a6\"><div class=\"qubely-block-wrapper-block \">\n<div class=\"wp-block-columns is-layout-flex wp-container-core-columns-is-layout-28f84493 wp-block-columns-is-layout-flex\">\n<div class=\"wp-block-column is-layout-flow wp-block-column-is-layout-flow\" style=\"flex-basis:66.66%\">\n<p><br><br><br><a href=\"https:\/\/pigouille.com\/WP\/diaporama-poncage-du-loctudy\/\" data-type=\"page\" data-id=\"1812\"><strong>\u2022 Diaporama du chantier de pon\u00e7age du Loctudy le 21 septembre 2019<\/strong><\/a><\/p>\n<\/div>\n\n\n\n<div class=\"wp-block-column is-layout-flow wp-block-column-is-layout-flow\" style=\"flex-basis:33.33%\">\n<figure class=\"wp-block-image size-large\"><img loading=\"lazy\" decoding=\"async\" width=\"800\" height=\"452\" src=\"https:\/\/pigouille.com\/WP\/wp-content\/uploads\/2021\/05\/Journee_chantier_Loctudy_2019-16.jpg\" alt=\"\" class=\"wp-image-1792\" srcset=\"https:\/\/pigouille.com\/WP\/wp-content\/uploads\/2021\/05\/Journee_chantier_Loctudy_2019-16.jpg 800w, https:\/\/pigouille.com\/WP\/wp-content\/uploads\/2021\/05\/Journee_chantier_Loctudy_2019-16-300x170.jpg 300w, https:\/\/pigouille.com\/WP\/wp-content\/uploads\/2021\/05\/Journee_chantier_Loctudy_2019-16-768x434.jpg 768w\" sizes=\"auto, (max-width: 800px) 100vw, 800px\" \/><\/figure>\n<\/div>\n<\/div>\n\n\n\n<div class=\"wp-block-columns is-layout-flex wp-container-core-columns-is-layout-28f84493 wp-block-columns-is-layout-flex\">\n<div class=\"wp-block-column is-layout-flow wp-block-column-is-layout-flow\" style=\"flex-basis:66.66%\">\n<p><br><br><br><a href=\"https:\/\/pigouille.com\/WP\/diaporama-hivernage-du-jean-rene-le-12-octobre-2019\/\" data-type=\"page\" data-id=\"1814\"><strong>\u2022 Diaporama sur l&rsquo;hivernage du Jean-Ren\u00e9. 12 Octobre 2019<\/strong><\/a><\/p>\n<\/div>\n\n\n\n<div class=\"wp-block-column is-layout-flow wp-block-column-is-layout-flow\" style=\"flex-basis:33.33%\">\n<figure class=\"wp-block-image size-large\"><img loading=\"lazy\" decoding=\"async\" width=\"800\" height=\"533\" src=\"https:\/\/pigouille.com\/WP\/wp-content\/uploads\/2021\/05\/Hivernage_Jean_Rene_2019-15.jpg\" alt=\"\" class=\"wp-image-1797\" srcset=\"https:\/\/pigouille.com\/WP\/wp-content\/uploads\/2021\/05\/Hivernage_Jean_Rene_2019-15.jpg 800w, https:\/\/pigouille.com\/WP\/wp-content\/uploads\/2021\/05\/Hivernage_Jean_Rene_2019-15-300x200.jpg 300w, https:\/\/pigouille.com\/WP\/wp-content\/uploads\/2021\/05\/Hivernage_Jean_Rene_2019-15-768x512.jpg 768w\" sizes=\"auto, (max-width: 800px) 100vw, 800px\" \/><\/figure>\n<\/div>\n<\/div>\n\n\n\n<div class=\"wp-block-columns is-layout-flex wp-container-core-columns-is-layout-28f84493 wp-block-columns-is-layout-flex\">\n<div class=\"wp-block-column is-layout-flow wp-block-column-is-layout-flow\" style=\"flex-basis:66.66%\">\n<p><br><br><br><a href=\"https:\/\/pigouille.com\/WP\/diaporama-hivernage-de-martine-le-26-10-2019\/\" data-type=\"page\"><strong>\u2022 Diaporama sur l&rsquo;hivernage de Martine. 26 Octobre 2019<\/strong><\/a><\/p>\n<\/div>\n\n\n\n<div class=\"wp-block-column is-layout-flow wp-block-column-is-layout-flow\" style=\"flex-basis:33.33%\">\n<figure class=\"wp-block-image size-large\"><img loading=\"lazy\" decoding=\"async\" width=\"800\" height=\"600\" src=\"https:\/\/pigouille.com\/WP\/wp-content\/uploads\/2021\/05\/Hivernage_Martine_2019-9.jpg\" alt=\"\" class=\"wp-image-1798\" srcset=\"https:\/\/pigouille.com\/WP\/wp-content\/uploads\/2021\/05\/Hivernage_Martine_2019-9.jpg 800w, https:\/\/pigouille.com\/WP\/wp-content\/uploads\/2021\/05\/Hivernage_Martine_2019-9-300x225.jpg 300w, https:\/\/pigouille.com\/WP\/wp-content\/uploads\/2021\/05\/Hivernage_Martine_2019-9-768x576.jpg 768w\" sizes=\"auto, (max-width: 800px) 100vw, 800px\" \/><\/figure>\n<\/div>\n<\/div>\n\n\n\n<div class=\"wp-block-columns is-layout-flex wp-container-core-columns-is-layout-28f84493 wp-block-columns-is-layout-flex\">\n<div class=\"wp-block-column is-layout-flow wp-block-column-is-layout-flow\" style=\"flex-basis:66.66%\">\n<p><a href=\"https:\/\/pigouille.com\/index.php?page=Martine_2019_Diaporama_10\"><\/a><br><br><br><strong><a href=\"https:\/\/pigouille.com\/WP\/diaporama-chantier-activites-de-soutien-avec-lesat-29-novembre-2019\/\" data-type=\"page\" data-id=\"1818\"><strong>\u2022 Diaporama : Activit\u00e9s de soutien avec l&rsquo;ESAT. 29 Novembre 2019<\/strong><\/a><\/strong><\/p>\n<\/div>\n\n\n\n<div class=\"wp-block-column is-layout-flow wp-block-column-is-layout-flow\" style=\"flex-basis:33.33%\">\n<figure class=\"wp-block-image size-large\"><img loading=\"lazy\" decoding=\"async\" width=\"800\" height=\"533\" src=\"https:\/\/pigouille.com\/WP\/wp-content\/uploads\/2021\/05\/Chantier_ESAT_Nov_2019-1.jpg\" alt=\"\" class=\"wp-image-1799\" srcset=\"https:\/\/pigouille.com\/WP\/wp-content\/uploads\/2021\/05\/Chantier_ESAT_Nov_2019-1.jpg 800w, https:\/\/pigouille.com\/WP\/wp-content\/uploads\/2021\/05\/Chantier_ESAT_Nov_2019-1-300x200.jpg 300w, https:\/\/pigouille.com\/WP\/wp-content\/uploads\/2021\/05\/Chantier_ESAT_Nov_2019-1-768x512.jpg 768w\" sizes=\"auto, (max-width: 800px) 100vw, 800px\" \/><\/figure>\n<\/div>\n<\/div>\n\n\n\n<div class=\"wp-block-columns is-layout-flex wp-container-core-columns-is-layout-28f84493 wp-block-columns-is-layout-flex\">\n<div class=\"wp-block-column is-layout-flow wp-block-column-is-layout-flow\" style=\"flex-basis:66.66%\">\n<p><br><br><br><a href=\"https:\/\/pigouille.com\/WP\/diaporama-activites-de-soutien-avec-lesat-06-decembre-2019\" data-type=\"URL\"><strong>\u2022 Diaporama : Activit\u00e9s de soutien avec l&rsquo;ESAT. 06 Decembre 2019<\/strong><\/a><\/p>\n<\/div>\n\n\n\n<div class=\"wp-block-column is-layout-flow wp-block-column-is-layout-flow\" style=\"flex-basis:33.33%\">\n<figure class=\"wp-block-image size-large\"><img loading=\"lazy\" decoding=\"async\" width=\"800\" height=\"533\" src=\"https:\/\/pigouille.com\/WP\/wp-content\/uploads\/2021\/05\/Chantier_ESAT_Dec_2019-4.jpg\" alt=\"\" class=\"wp-image-1800\" srcset=\"https:\/\/pigouille.com\/WP\/wp-content\/uploads\/2021\/05\/Chantier_ESAT_Dec_2019-4.jpg 800w, https:\/\/pigouille.com\/WP\/wp-content\/uploads\/2021\/05\/Chantier_ESAT_Dec_2019-4-300x200.jpg 300w, https:\/\/pigouille.com\/WP\/wp-content\/uploads\/2021\/05\/Chantier_ESAT_Dec_2019-4-768x512.jpg 768w\" sizes=\"auto, (max-width: 800px) 100vw, 800px\" \/><\/figure>\n<\/div>\n<\/div>\n\n\n\n<div class=\"wp-block-columns is-layout-flex wp-container-core-columns-is-layout-28f84493 wp-block-columns-is-layout-flex\">\n<div class=\"wp-block-column is-layout-flow wp-block-column-is-layout-flow\" style=\"flex-basis:66.66%\">\n<p><br><br><br><a href=\"https:\/\/pigouille.com\/WP\/diaporama-renovation-du-loctudy-le-14-decembre-2019\/\" data-type=\"page\" data-id=\"1822\"><strong>\u2022 Diaporama : Afin de permettre sa r\u00e9novation le Loctudy est venu<br>\u00e0 la place du Jean-Ren\u00e9 . 14 Decembre 2019<\/strong><\/a><\/p>\n<\/div>\n\n\n\n<div class=\"wp-block-column is-layout-flow wp-block-column-is-layout-flow\" style=\"flex-basis:33.33%\">\n<figure class=\"wp-block-image size-large\"><img loading=\"lazy\" decoding=\"async\" width=\"800\" height=\"533\" src=\"https:\/\/pigouille.com\/WP\/wp-content\/uploads\/2021\/05\/Chantier_Martine_Dec_2019-16.jpg\" alt=\"\" class=\"wp-image-1801\" srcset=\"https:\/\/pigouille.com\/WP\/wp-content\/uploads\/2021\/05\/Chantier_Martine_Dec_2019-16.jpg 800w, https:\/\/pigouille.com\/WP\/wp-content\/uploads\/2021\/05\/Chantier_Martine_Dec_2019-16-300x200.jpg 300w, https:\/\/pigouille.com\/WP\/wp-content\/uploads\/2021\/05\/Chantier_Martine_Dec_2019-16-768x512.jpg 768w\" sizes=\"auto, (max-width: 800px) 100vw, 800px\" \/><\/figure>\n<\/div>\n<\/div>\n\n\n\n<div class=\"wp-block-columns is-layout-flex wp-container-core-columns-is-layout-28f84493 wp-block-columns-is-layout-flex\">\n<div class=\"wp-block-column is-layout-flow wp-block-column-is-layout-flow\" style=\"flex-basis:66.66%\">\n<p><br><br><a href=\"https:\/\/pigouille.com\/WP\/diaporama_travaux_renovation_loctudy_15_02_2020\/\" data-type=\"URL\" data-id=\"https:\/\/pigouille.com\/WP\/diaporama_travaux_renovation_loctudy_15_02_2020\/\"><strong>\u2022 Diaporama : Il s&rsquo;agit de conditionner le bateau pneumatique pour un d\u00e9part rapide vers la r\u00e9vision et quantifier les besoins en bois pour les travaux de r\u00e9novation de GLAODA. 15 F\u00e9vrier 2020<\/strong><\/a><\/p>\n<\/div>\n\n\n\n<div class=\"wp-block-column is-layout-flow wp-block-column-is-layout-flow\" style=\"flex-basis:33.33%\">\n<figure class=\"wp-block-image size-large\"><img loading=\"lazy\" decoding=\"async\" width=\"800\" height=\"533\" src=\"https:\/\/pigouille.com\/WP\/wp-content\/uploads\/2021\/05\/Chantier_Martine_Fev_2020-16.jpg\" alt=\"\" class=\"wp-image-1802\" srcset=\"https:\/\/pigouille.com\/WP\/wp-content\/uploads\/2021\/05\/Chantier_Martine_Fev_2020-16.jpg 800w, https:\/\/pigouille.com\/WP\/wp-content\/uploads\/2021\/05\/Chantier_Martine_Fev_2020-16-300x200.jpg 300w, https:\/\/pigouille.com\/WP\/wp-content\/uploads\/2021\/05\/Chantier_Martine_Fev_2020-16-768x512.jpg 768w\" sizes=\"auto, (max-width: 800px) 100vw, 800px\" \/><\/figure>\n<\/div>\n<\/div>\n\n\n\n<div class=\"wp-block-columns is-layout-flex wp-container-core-columns-is-layout-28f84493 wp-block-columns-is-layout-flex\">\n<div class=\"wp-block-column is-layout-flow wp-block-column-is-layout-flow\" style=\"flex-basis:66.66%\">\n<p><br><br><br><a href=\"https:\/\/pigouille.com\/WP\/diaporama-activites-de-soutien-avec-lesat-06-mars-2020\" data-type=\"URL\"><strong>\u2022 Diaporama : Activit\u00e9s de soutien avec l&rsquo;ESAT. 06 Mars 2020<\/strong><\/a><\/p>\n<\/div>\n\n\n\n<div class=\"wp-block-column is-layout-flow wp-block-column-is-layout-flow\" style=\"flex-basis:33.33%\">\n<figure class=\"wp-block-image size-large\"><img loading=\"lazy\" decoding=\"async\" width=\"800\" height=\"533\" src=\"https:\/\/pigouille.com\/WP\/wp-content\/uploads\/2021\/05\/Chantier_ESAT_Mars_2020-3.jpg\" alt=\"\" class=\"wp-image-1803\" srcset=\"https:\/\/pigouille.com\/WP\/wp-content\/uploads\/2021\/05\/Chantier_ESAT_Mars_2020-3.jpg 800w, https:\/\/pigouille.com\/WP\/wp-content\/uploads\/2021\/05\/Chantier_ESAT_Mars_2020-3-300x200.jpg 300w, https:\/\/pigouille.com\/WP\/wp-content\/uploads\/2021\/05\/Chantier_ESAT_Mars_2020-3-768x512.jpg 768w\" sizes=\"auto, (max-width: 800px) 100vw, 800px\" \/><\/figure>\n<\/div>\n<\/div>\n\n\n\n<div class=\"wp-block-columns is-layout-flex wp-container-core-columns-is-layout-28f84493 wp-block-columns-is-layout-flex\">\n<div class=\"wp-block-column is-layout-flow wp-block-column-is-layout-flow\" style=\"flex-basis:66.66%\">\n<p><br><br><br><a href=\"https:\/\/pigouille.com\/WP\/diaporama-mise-a-leau-de-martine-05-juin-2020\/\" data-type=\"page\"><strong>\u2022 Diaporama : Mise \u00e0 l&rsquo;eau de Martine 05 Juin 2020<\/strong><\/a><\/p>\n<\/div>\n\n\n\n<div class=\"wp-block-column is-layout-flow wp-block-column-is-layout-flow\" style=\"flex-basis:33.33%\">\n<figure class=\"wp-block-image size-large\"><img loading=\"lazy\" decoding=\"async\" width=\"800\" height=\"600\" src=\"https:\/\/pigouille.com\/WP\/wp-content\/uploads\/2021\/05\/Mise_a_l_eau_Martine_Juin_2020-40.jpg\" alt=\"\" class=\"wp-image-1804\" srcset=\"https:\/\/pigouille.com\/WP\/wp-content\/uploads\/2021\/05\/Mise_a_l_eau_Martine_Juin_2020-40.jpg 800w, https:\/\/pigouille.com\/WP\/wp-content\/uploads\/2021\/05\/Mise_a_l_eau_Martine_Juin_2020-40-300x225.jpg 300w, https:\/\/pigouille.com\/WP\/wp-content\/uploads\/2021\/05\/Mise_a_l_eau_Martine_Juin_2020-40-768x576.jpg 768w\" sizes=\"auto, (max-width: 800px) 100vw, 800px\" \/><\/figure>\n<\/div>\n<\/div>\n\n\n\n<div class=\"wp-block-columns is-layout-flex wp-container-core-columns-is-layout-28f84493 wp-block-columns-is-layout-flex\">\n<div class=\"wp-block-column is-layout-flow wp-block-column-is-layout-flow\" style=\"flex-basis:66.66%\">\n<p><br><br><br><a href=\"https:\/\/pigouille.com\/WP\/diaporama-premiere-sortie-de-martine-cette-saison\/\" data-type=\"page\" data-id=\"1839\"><strong>\u2022 Diaporama : Premi\u00e8re sortie de Martine cette saison avec de son valeureux \u00e9quipage le 15 Juin 2020<\/strong><\/a><\/p>\n<\/div>\n\n\n\n<div class=\"wp-block-column is-layout-flow wp-block-column-is-layout-flow\" style=\"flex-basis:33.33%\">\n<figure class=\"wp-block-image size-large\"><img loading=\"lazy\" decoding=\"async\" width=\"800\" height=\"532\" src=\"https:\/\/pigouille.com\/WP\/wp-content\/uploads\/2021\/05\/2020-06-16_Premiere_Ballade-27.jpg\" alt=\"\" class=\"wp-image-1805\" srcset=\"https:\/\/pigouille.com\/WP\/wp-content\/uploads\/2021\/05\/2020-06-16_Premiere_Ballade-27.jpg 800w, https:\/\/pigouille.com\/WP\/wp-content\/uploads\/2021\/05\/2020-06-16_Premiere_Ballade-27-300x200.jpg 300w, https:\/\/pigouille.com\/WP\/wp-content\/uploads\/2021\/05\/2020-06-16_Premiere_Ballade-27-768x511.jpg 768w\" sizes=\"auto, (max-width: 800px) 100vw, 800px\" \/><\/figure>\n<\/div>\n<\/div>\n\n\n\n<div class=\"wp-block-columns is-layout-flex wp-container-core-columns-is-layout-28f84493 wp-block-columns-is-layout-flex\">\n<div class=\"wp-block-column is-layout-flow wp-block-column-is-layout-flow\" style=\"flex-basis:66.66%\">\n<p><br><br><br><a href=\"https:\/\/pigouille.com\/WP\/diaporama-mise-a-leau-du-jean-rene-27-juin-2020\/\" data-type=\"page\"><strong>\u2022 Diaporama : Mise \u00e0 l&rsquo;eau du Jean-Ren\u00e9 27 Juin 2020<\/strong><\/a><\/p>\n<\/div>\n\n\n\n<div class=\"wp-block-column is-layout-flow wp-block-column-is-layout-flow\" style=\"flex-basis:33.33%\">\n<figure class=\"wp-block-image size-large\"><img loading=\"lazy\" decoding=\"async\" width=\"800\" height=\"533\" src=\"https:\/\/pigouille.com\/WP\/wp-content\/uploads\/2021\/05\/Mise_a_l_eau_JR_Juin_2020-17.jpg\" alt=\"\" class=\"wp-image-1806\" srcset=\"https:\/\/pigouille.com\/WP\/wp-content\/uploads\/2021\/05\/Mise_a_l_eau_JR_Juin_2020-17.jpg 800w, https:\/\/pigouille.com\/WP\/wp-content\/uploads\/2021\/05\/Mise_a_l_eau_JR_Juin_2020-17-300x200.jpg 300w, https:\/\/pigouille.com\/WP\/wp-content\/uploads\/2021\/05\/Mise_a_l_eau_JR_Juin_2020-17-768x512.jpg 768w\" sizes=\"auto, (max-width: 800px) 100vw, 800px\" \/><\/figure>\n<\/div>\n<\/div>\n<\/div><\/div>\n","protected":false},"excerpt":{"rendered":"","protected":false},"author":1,"featured_media":0,"parent":0,"menu_order":0,"comment_status":"closed","ping_status":"closed","template":"","meta":{"qubely_global_settings":"","qubely_interactions":"","footnotes":""},"class_list":["post-61","page","type-page","status-publish","hentry"],"blocksy_meta":{"styles_descriptor":{"styles":{"desktop":"","tablet":"","mobile":""},"google_fonts":[],"version":6}},"yoast_head":"<!-- This site is optimized with the Yoast SEO plugin v27.3 - https:\/\/yoast.com\/product\/yoast-seo-wordpress\/ -->\n<title>Chantiers 2019-2020 - Pigouille Site de Association Martine Goemoniers<\/title>\n<meta name=\"robots\" content=\"index, follow, max-snippet:-1, max-image-preview:large, max-video-preview:-1\" \/>\n<link rel=\"canonical\" href=\"https:\/\/pigouille.com\/WP\/chantiers-hiver-2019-2020\/\" \/>\n<meta property=\"og:locale\" content=\"fr_FR\" \/>\n<meta property=\"og:type\" content=\"article\" \/>\n<meta property=\"og:title\" content=\"Chantiers 2019-2020 - Pigouille Site de Association Martine Goemoniers\" \/>\n<meta property=\"og:url\" content=\"https:\/\/pigouille.com\/WP\/chantiers-hiver-2019-2020\/\" \/>\n<meta property=\"og:site_name\" content=\"Pigouille Site de Association Martine Goemoniers\" \/>\n<meta property=\"article:modified_time\" content=\"2021-12-03T14:50:08+00:00\" \/>\n<meta property=\"og:image\" content=\"https:\/\/pigouille.com\/WP\/wp-content\/uploads\/2021\/05\/Journee_chantier_Loctudy_2019-16.jpg\" \/>\n<meta name=\"twitter:card\" content=\"summary_large_image\" \/>\n<meta name=\"twitter:label1\" content=\"Dur\u00e9e de lecture estim\u00e9e\" \/>\n\t<meta name=\"twitter:data1\" content=\"3 minutes\" \/>\n<script type=\"application\/ld+json\" class=\"yoast-schema-graph\">{\"@context\":\"https:\\\/\\\/schema.org\",\"@graph\":[{\"@type\":\"WebPage\",\"@id\":\"https:\\\/\\\/pigouille.com\\\/WP\\\/chantiers-hiver-2019-2020\\\/\",\"url\":\"https:\\\/\\\/pigouille.com\\\/WP\\\/chantiers-hiver-2019-2020\\\/\",\"name\":\"Chantiers 2019-2020 - Pigouille Site de Association Martine Goemoniers\",\"isPartOf\":{\"@id\":\"https:\\\/\\\/pigouille.com\\\/WP\\\/#website\"},\"primaryImageOfPage\":{\"@id\":\"https:\\\/\\\/pigouille.com\\\/WP\\\/chantiers-hiver-2019-2020\\\/#primaryimage\"},\"image\":{\"@id\":\"https:\\\/\\\/pigouille.com\\\/WP\\\/chantiers-hiver-2019-2020\\\/#primaryimage\"},\"thumbnailUrl\":\"https:\\\/\\\/pigouille.com\\\/WP\\\/wp-content\\\/uploads\\\/2021\\\/05\\\/Journee_chantier_Loctudy_2019-16.jpg\",\"datePublished\":\"2021-03-25T13:39:41+00:00\",\"dateModified\":\"2021-12-03T14:50:08+00:00\",\"breadcrumb\":{\"@id\":\"https:\\\/\\\/pigouille.com\\\/WP\\\/chantiers-hiver-2019-2020\\\/#breadcrumb\"},\"inLanguage\":\"fr-FR\",\"potentialAction\":[{\"@type\":\"ReadAction\",\"target\":[\"https:\\\/\\\/pigouille.com\\\/WP\\\/chantiers-hiver-2019-2020\\\/\"]}]},{\"@type\":\"ImageObject\",\"inLanguage\":\"fr-FR\",\"@id\":\"https:\\\/\\\/pigouille.com\\\/WP\\\/chantiers-hiver-2019-2020\\\/#primaryimage\",\"url\":\"https:\\\/\\\/pigouille.com\\\/WP\\\/wp-content\\\/uploads\\\/2021\\\/05\\\/Journee_chantier_Loctudy_2019-16.jpg\",\"contentUrl\":\"https:\\\/\\\/pigouille.com\\\/WP\\\/wp-content\\\/uploads\\\/2021\\\/05\\\/Journee_chantier_Loctudy_2019-16.jpg\",\"width\":800,\"height\":452},{\"@type\":\"BreadcrumbList\",\"@id\":\"https:\\\/\\\/pigouille.com\\\/WP\\\/chantiers-hiver-2019-2020\\\/#breadcrumb\",\"itemListElement\":[{\"@type\":\"ListItem\",\"position\":1,\"name\":\"Accueil\",\"item\":\"https:\\\/\\\/pigouille.com\\\/WP\\\/\"},{\"@type\":\"ListItem\",\"position\":2,\"name\":\"Chantiers 2019-2020\"}]},{\"@type\":\"WebSite\",\"@id\":\"https:\\\/\\\/pigouille.com\\\/WP\\\/#website\",\"url\":\"https:\\\/\\\/pigouille.com\\\/WP\\\/\",\"name\":\"Pigouille Site de Association Martine Goemoniers\",\"description\":\"Cotre Goemonier \u00e0 Landeda\",\"publisher\":{\"@id\":\"https:\\\/\\\/pigouille.com\\\/WP\\\/#organization\"},\"potentialAction\":[{\"@type\":\"SearchAction\",\"target\":{\"@type\":\"EntryPoint\",\"urlTemplate\":\"https:\\\/\\\/pigouille.com\\\/WP\\\/?s={search_term_string}\"},\"query-input\":{\"@type\":\"PropertyValueSpecification\",\"valueRequired\":true,\"valueName\":\"search_term_string\"}}],\"inLanguage\":\"fr-FR\"},{\"@type\":\"Organization\",\"@id\":\"https:\\\/\\\/pigouille.com\\\/WP\\\/#organization\",\"name\":\"Pigouille Site de Association Martine Goemoniers\",\"url\":\"https:\\\/\\\/pigouille.com\\\/WP\\\/\",\"logo\":{\"@type\":\"ImageObject\",\"inLanguage\":\"fr-FR\",\"@id\":\"https:\\\/\\\/pigouille.com\\\/WP\\\/#\\\/schema\\\/logo\\\/image\\\/\",\"url\":\"https:\\\/\\\/pigouille.com\\\/WP\\\/wp-content\\\/uploads\\\/2021\\\/03\\\/Logo_M.png\",\"contentUrl\":\"https:\\\/\\\/pigouille.com\\\/WP\\\/wp-content\\\/uploads\\\/2021\\\/03\\\/Logo_M.png\",\"width\":52,\"height\":48,\"caption\":\"Pigouille Site de Association Martine Goemoniers\"},\"image\":{\"@id\":\"https:\\\/\\\/pigouille.com\\\/WP\\\/#\\\/schema\\\/logo\\\/image\\\/\"}}]}<\/script>\n<!-- \/ Yoast SEO plugin. -->","yoast_head_json":{"title":"Chantiers 2019-2020 - Pigouille Site de Association Martine Goemoniers","robots":{"index":"index","follow":"follow","max-snippet":"max-snippet:-1","max-image-preview":"max-image-preview:large","max-video-preview":"max-video-preview:-1"},"canonical":"https:\/\/pigouille.com\/WP\/chantiers-hiver-2019-2020\/","og_locale":"fr_FR","og_type":"article","og_title":"Chantiers 2019-2020 - Pigouille Site de Association Martine Goemoniers","og_url":"https:\/\/pigouille.com\/WP\/chantiers-hiver-2019-2020\/","og_site_name":"Pigouille Site de Association Martine Goemoniers","article_modified_time":"2021-12-03T14:50:08+00:00","og_image":[{"url":"https:\/\/pigouille.com\/WP\/wp-content\/uploads\/2021\/05\/Journee_chantier_Loctudy_2019-16.jpg","type":"","width":"","height":""}],"twitter_card":"summary_large_image","twitter_misc":{"Dur\u00e9e de lecture estim\u00e9e":"3 minutes"},"schema":{"@context":"https:\/\/schema.org","@graph":[{"@type":"WebPage","@id":"https:\/\/pigouille.com\/WP\/chantiers-hiver-2019-2020\/","url":"https:\/\/pigouille.com\/WP\/chantiers-hiver-2019-2020\/","name":"Chantiers 2019-2020 - Pigouille Site de Association Martine Goemoniers","isPartOf":{"@id":"https:\/\/pigouille.com\/WP\/#website"},"primaryImageOfPage":{"@id":"https:\/\/pigouille.com\/WP\/chantiers-hiver-2019-2020\/#primaryimage"},"image":{"@id":"https:\/\/pigouille.com\/WP\/chantiers-hiver-2019-2020\/#primaryimage"},"thumbnailUrl":"https:\/\/pigouille.com\/WP\/wp-content\/uploads\/2021\/05\/Journee_chantier_Loctudy_2019-16.jpg","datePublished":"2021-03-25T13:39:41+00:00","dateModified":"2021-12-03T14:50:08+00:00","breadcrumb":{"@id":"https:\/\/pigouille.com\/WP\/chantiers-hiver-2019-2020\/#breadcrumb"},"inLanguage":"fr-FR","potentialAction":[{"@type":"ReadAction","target":["https:\/\/pigouille.com\/WP\/chantiers-hiver-2019-2020\/"]}]},{"@type":"ImageObject","inLanguage":"fr-FR","@id":"https:\/\/pigouille.com\/WP\/chantiers-hiver-2019-2020\/#primaryimage","url":"https:\/\/pigouille.com\/WP\/wp-content\/uploads\/2021\/05\/Journee_chantier_Loctudy_2019-16.jpg","contentUrl":"https:\/\/pigouille.com\/WP\/wp-content\/uploads\/2021\/05\/Journee_chantier_Loctudy_2019-16.jpg","width":800,"height":452},{"@type":"BreadcrumbList","@id":"https:\/\/pigouille.com\/WP\/chantiers-hiver-2019-2020\/#breadcrumb","itemListElement":[{"@type":"ListItem","position":1,"name":"Accueil","item":"https:\/\/pigouille.com\/WP\/"},{"@type":"ListItem","position":2,"name":"Chantiers 2019-2020"}]},{"@type":"WebSite","@id":"https:\/\/pigouille.com\/WP\/#website","url":"https:\/\/pigouille.com\/WP\/","name":"Pigouille Site de Association Martine Goemoniers","description":"Cotre Goemonier \u00e0 Landeda","publisher":{"@id":"https:\/\/pigouille.com\/WP\/#organization"},"potentialAction":[{"@type":"SearchAction","target":{"@type":"EntryPoint","urlTemplate":"https:\/\/pigouille.com\/WP\/?s={search_term_string}"},"query-input":{"@type":"PropertyValueSpecification","valueRequired":true,"valueName":"search_term_string"}}],"inLanguage":"fr-FR"},{"@type":"Organization","@id":"https:\/\/pigouille.com\/WP\/#organization","name":"Pigouille Site de Association Martine Goemoniers","url":"https:\/\/pigouille.com\/WP\/","logo":{"@type":"ImageObject","inLanguage":"fr-FR","@id":"https:\/\/pigouille.com\/WP\/#\/schema\/logo\/image\/","url":"https:\/\/pigouille.com\/WP\/wp-content\/uploads\/2021\/03\/Logo_M.png","contentUrl":"https:\/\/pigouille.com\/WP\/wp-content\/uploads\/2021\/03\/Logo_M.png","width":52,"height":48,"caption":"Pigouille Site de Association Martine Goemoniers"},"image":{"@id":"https:\/\/pigouille.com\/WP\/#\/schema\/logo\/image\/"}}]}},"_links":{"self":[{"href":"https:\/\/pigouille.com\/WP\/wp-json\/wp\/v2\/pages\/61","targetHints":{"allow":["GET"]}}],"collection":[{"href":"https:\/\/pigouille.com\/WP\/wp-json\/wp\/v2\/pages"}],"about":[{"href":"https:\/\/pigouille.com\/WP\/wp-json\/wp\/v2\/types\/page"}],"author":[{"embeddable":true,"href":"https:\/\/pigouille.com\/WP\/wp-json\/wp\/v2\/users\/1"}],"replies":[{"embeddable":true,"href":"https:\/\/pigouille.com\/WP\/wp-json\/wp\/v2\/comments?post=61"}],"version-history":[{"count":29,"href":"https:\/\/pigouille.com\/WP\/wp-json\/wp\/v2\/pages\/61\/revisions"}],"predecessor-version":[{"id":9649,"href":"https:\/\/pigouille.com\/WP\/wp-json\/wp\/v2\/pages\/61\/revisions\/9649"}],"wp:attachment":[{"href":"https:\/\/pigouille.com\/WP\/wp-json\/wp\/v2\/media?parent=61"}],"curies":[{"name":"wp","href":"https:\/\/api.w.org\/{rel}","templated":true}]}}