{"id":51,"date":"2021-03-25T14:35:18","date_gmt":"2021-03-25T13:35:18","guid":{"rendered":"https:\/\/pigouille.com\/WP\/?page_id=51"},"modified":"2025-09-08T23:04:34","modified_gmt":"2025-09-08T21:04:34","slug":"avec-le-c-v-l","status":"publish","type":"page","link":"https:\/\/pigouille.com\/WP\/avec-le-c-v-l\/","title":{"rendered":"avec le C.V.L."},"content":{"rendered":"\n<div class=\"wp-block-qubely-wrapper qubely-block-2a9b7d\"><div class=\"qubely-block-wrapper-block \">\n<p style=\"font-size:clamp(18.959px, 1.185rem + ((1vw - 3.2px) * 0.863), 30px);\"><strong>Partenariat avec le C.V.L.<\/strong><\/p>\n<\/div><\/div>\n\n\n\n<div class=\"wp-block-qubely-wrapper qubely-block-bf830c\"><div class=\"qubely-block-wrapper-block \">\n<h5 class=\"wp-block-heading has-text-align-center\"><a href=\"https:\/\/pigouille.com\/WP\/diaporama-modification_partenariat_avec_le_cvl_04-06-2025\/\"><strong><font color=\"#b9402f\">Le 4 juin 2025 modification<\/font><\/strong> <strong><font color=\"#b9402f\">de la Convention de Partenariat<\/font><\/strong><font color=\"#b9402f\"> <\/font><br><font color=\"#b9402f\"><strong>entre le Centre de Voile de Landeda et l\u2019association Martine<\/strong><\/font><\/a><\/h5>\n\n\n\n<p class=\"has-text-align-center\"><\/p>\n\n\n\n<div class=\"wp-block-columns is-layout-flex wp-container-core-columns-is-layout-28f84493 wp-block-columns-is-layout-flex\">\n<div class=\"wp-block-column is-layout-flow wp-block-column-is-layout-flow\">\n<p class=\"has-text-align-center\">Cliquer sur l&rsquo;image pour avoir acc\u00e8s au diaporama<\/p>\n<\/div>\n<\/div>\n\n\n\n<p><\/p>\n\n\n\n<p><\/p>\n\n\n\n<div class=\"wp-block-columns is-layout-flex wp-container-core-columns-is-layout-28f84493 wp-block-columns-is-layout-flex\">\n<div class=\"wp-block-column is-layout-flow wp-block-column-is-layout-flow\">\n<div class=\"wp-block-columns is-layout-flex wp-container-core-columns-is-layout-28f84493 wp-block-columns-is-layout-flex\">\n<div class=\"wp-block-column is-layout-flow wp-block-column-is-layout-flow\" style=\"flex-basis:25%\"><\/div>\n\n\n\n<div class=\"wp-block-column is-layout-flow wp-block-column-is-layout-flow\" style=\"flex-basis:50%\">\n<figure class=\"wp-block-image size-full\"><a href=\"https:\/\/pigouille.com\/WP\/diaporama-modification_partenariat_avec_le_cvl_04-06-2025\/\"><img loading=\"lazy\" decoding=\"async\" width=\"900\" height=\"600\" src=\"https:\/\/pigouille.com\/WP\/wp-content\/uploads\/2025\/06\/IMG_2410.jpg\" alt=\"\" class=\"wp-image-18311\" srcset=\"https:\/\/pigouille.com\/WP\/wp-content\/uploads\/2025\/06\/IMG_2410.jpg 900w, https:\/\/pigouille.com\/WP\/wp-content\/uploads\/2025\/06\/IMG_2410-300x200.jpg 300w, https:\/\/pigouille.com\/WP\/wp-content\/uploads\/2025\/06\/IMG_2410-768x512.jpg 768w\" sizes=\"auto, (max-width: 900px) 100vw, 900px\" \/><\/a><\/figure>\n<\/div>\n\n\n\n<div class=\"wp-block-column is-layout-flow wp-block-column-is-layout-flow\" style=\"flex-basis:25%\"><\/div>\n<\/div>\n<\/div>\n<\/div>\n\n\n\n<div class=\"wp-block-columns is-layout-flex wp-container-core-columns-is-layout-28f84493 wp-block-columns-is-layout-flex\">\n<div class=\"wp-block-column is-layout-flow wp-block-column-is-layout-flow\" style=\"flex-basis:35%\"><\/div>\n\n\n\n<div class=\"wp-block-column is-layout-flow wp-block-column-is-layout-flow\" style=\"flex-basis:50%\">\n<p style=\"font-size:clamp(14px, 0.875rem + ((1vw - 3.2px) * 0.313), 18px);\"><br><strong><br><a href=\"http:\/\/www.cvl-aberwrach.fr\/\">Informations et r\u00e9servations aupr\u00e8s du C.V.L<\/a><\/strong><\/p>\n<\/div>\n\n\n\n<div class=\"wp-block-column is-layout-flow wp-block-column-is-layout-flow\" style=\"flex-basis:15%\">\n<figure class=\"wp-block-image size-large\"><a href=\"cvl-aberwrach.fr\"><img loading=\"lazy\" decoding=\"async\" width=\"152\" height=\"150\" src=\"https:\/\/pigouille.com\/WP\/wp-content\/uploads\/2021\/05\/Logo_CVL.jpg\" alt=\"\" class=\"wp-image-1065\"\/><\/a><\/figure>\n<\/div>\n<\/div>\n\n\n\n<div class=\"wp-block-columns is-layout-flex wp-container-core-columns-is-layout-28f84493 wp-block-columns-is-layout-flex\">\n<div class=\"wp-block-column is-layout-flow wp-block-column-is-layout-flow\" style=\"flex-basis:35%\"><\/div>\n\n\n\n<div class=\"wp-block-column is-layout-flow wp-block-column-is-layout-flow\" style=\"flex-basis:50%\">\n<p style=\"font-size:clamp(14px, 0.875rem + ((1vw - 3.2px) * 0.313), 18px);\"><br><br><a href=\"https:\/\/pigouille.com\/WP\/wp-content\/uploads\/2021\/05\/85-aberwrach-voilier-martine.pdf\"><strong>Rase-cailloux \u00e0 l&rsquo;Aber-Wrac&rsquo;h avec le C.V.L<\/strong><\/a><\/p>\n<\/div>\n\n\n\n<div class=\"wp-block-column is-layout-flow wp-block-column-is-layout-flow\" style=\"flex-basis:15%\">\n<figure class=\"wp-block-image size-large\"><img loading=\"lazy\" decoding=\"async\" width=\"710\" height=\"544\" src=\"https:\/\/pigouille.com\/WP\/wp-content\/uploads\/2021\/05\/Rase-cailloux_CVL.jpg\" alt=\"\" class=\"wp-image-1066\" srcset=\"https:\/\/pigouille.com\/WP\/wp-content\/uploads\/2021\/05\/Rase-cailloux_CVL.jpg 710w, https:\/\/pigouille.com\/WP\/wp-content\/uploads\/2021\/05\/Rase-cailloux_CVL-300x230.jpg 300w\" sizes=\"auto, (max-width: 710px) 100vw, 710px\" \/><\/figure>\n<\/div>\n<\/div>\n\n\n\n<p class=\"has-text-align-center has-medium-font-size\"><strong><font color=\"#b9402f\">Signature le 29 mai 2015 d\u2019une Convention de Partenariat<\/font><\/strong><font color=\"#b9402f\"> <br><strong>entre le Centre de Voile de Landeda et l\u2019association Martine<\/strong><\/font><br><br> <\/p>\n\n\n\n<p><strong>Le 29 mai 2015, le Centre de Voile de Land\u00e9da, repr\u00e9sent\u00e9 par son Pr\u00e9sident, St\u00e9phane Courteaux, et l\u2019association Martine repr\u00e9sent\u00e9e par son Pr\u00e9sident Laurent Le Goff, ont sign\u00e9 une convention de mise \u00e0 disposition du go\u00e9monier Martine.<\/strong><\/p>\n\n\n\n<figure class=\"wp-block-image aligncenter size-large is-resized\"><img loading=\"lazy\" decoding=\"async\" width=\"268\" height=\"202\" src=\"https:\/\/pigouille.com\/WP\/wp-content\/uploads\/2021\/05\/Signature_CVL1.jpg\" alt=\"\" class=\"wp-image-1076\" style=\"width:363px;height:273px\"\/><\/figure>\n\n\n\n<p><strong>L\u2019objectif principal de ce rapprochement a pour objectif d\u2019offrir au public (les jeunes, les habitants, les estivants) sans avoir l&rsquo;obligation d&rsquo;adh\u00e9rer \u00e0 l&rsquo;association Martine, la possibilit\u00e9 de d\u00e9couvrir et de se former \u00e0 la navigation traditionnelle \u00e0 bord d&rsquo;un vieux gr\u00e9ement.<\/strong><\/p>\n\n\n\n<p><strong>La signature de la convention s\u2019est d\u00e9roul\u00e9e au CVL en pr\u00e9sence des acteurs locaux qui ont permis de mettre en \u0153uvre ce nouveau partenariat : Laurent Herl\u00e9dan, directeur du CVL, Andr\u00e9 Bernicot directeur de l\u2019Agence de d\u00e9veloppement du Pays des Abers C\u00f4te des L\u00e9gendes, Christine Chevalier, maire de Land\u00e9da, David Kerlan, adjoint aux associations<\/strong><\/p>\n\n\n\n<p><strong>Nous voulons remercier tout particuli\u00e8rement Vincent Mazure de Nautisme en Finist\u00e8re qui nous a amen\u00e9 \u00e0 franchir le cap de \u00ab la r\u00e9flexion \u00e0 l&rsquo;action \u00bb<\/strong><\/p>\n\n\n\n<p><strong>Apr\u00e8s avoir d\u00e9fini un calendrier entre les diff\u00e9rents responsables des associations, les b\u00e9n\u00e9voles et moniteurs de voile ont fait connaissance autour d\u2019un ap\u00e9ritif.<\/strong><\/p>\n\n\n\n<figure class=\"wp-block-image aligncenter size-large\"><img loading=\"lazy\" decoding=\"async\" width=\"768\" height=\"614\" src=\"https:\/\/pigouille.com\/WP\/wp-content\/uploads\/2021\/05\/Montage-Convention-Martine-CVL.jpg\" alt=\"\" class=\"wp-image-1081\" srcset=\"https:\/\/pigouille.com\/WP\/wp-content\/uploads\/2021\/05\/Montage-Convention-Martine-CVL.jpg 768w, https:\/\/pigouille.com\/WP\/wp-content\/uploads\/2021\/05\/Montage-Convention-Martine-CVL-300x240.jpg 300w\" sizes=\"auto, (max-width: 768px) 100vw, 768px\" \/><\/figure>\n<\/div><\/div>\n","protected":false},"excerpt":{"rendered":"","protected":false},"author":1,"featured_media":0,"parent":0,"menu_order":0,"comment_status":"closed","ping_status":"closed","template":"","meta":{"qubely_global_settings":"","qubely_interactions":"","footnotes":""},"class_list":["post-51","page","type-page","status-publish","hentry"],"blocksy_meta":{"styles_descriptor":{"styles":{"desktop":"","tablet":"","mobile":""},"google_fonts":[],"version":6}},"yoast_head":"<!-- This site is optimized with the Yoast SEO plugin v27.3 - https:\/\/yoast.com\/product\/yoast-seo-wordpress\/ -->\n<title>avec le C.V.L. - Pigouille Site de Association Martine Goemoniers<\/title>\n<meta name=\"robots\" content=\"index, follow, max-snippet:-1, max-image-preview:large, max-video-preview:-1\" \/>\n<link rel=\"canonical\" href=\"https:\/\/pigouille.com\/WP\/avec-le-c-v-l\/\" \/>\n<meta property=\"og:locale\" content=\"fr_FR\" \/>\n<meta property=\"og:type\" content=\"article\" \/>\n<meta property=\"og:title\" content=\"avec le C.V.L. - Pigouille Site de Association Martine Goemoniers\" \/>\n<meta property=\"og:url\" content=\"https:\/\/pigouille.com\/WP\/avec-le-c-v-l\/\" \/>\n<meta property=\"og:site_name\" content=\"Pigouille Site de Association Martine Goemoniers\" \/>\n<meta property=\"article:modified_time\" content=\"2025-09-08T21:04:34+00:00\" \/>\n<meta property=\"og:image\" content=\"https:\/\/pigouille.com\/WP\/wp-content\/uploads\/2025\/06\/IMG_2410.jpg\" \/>\n\t<meta property=\"og:image:width\" content=\"900\" \/>\n\t<meta property=\"og:image:height\" content=\"600\" \/>\n\t<meta property=\"og:image:type\" content=\"image\/jpeg\" \/>\n<meta name=\"twitter:card\" content=\"summary_large_image\" \/>\n<meta name=\"twitter:label1\" content=\"Dur\u00e9e de lecture estim\u00e9e\" \/>\n\t<meta name=\"twitter:data1\" content=\"3 minutes\" \/>\n<script type=\"application\/ld+json\" class=\"yoast-schema-graph\">{\"@context\":\"https:\\\/\\\/schema.org\",\"@graph\":[{\"@type\":\"WebPage\",\"@id\":\"https:\\\/\\\/pigouille.com\\\/WP\\\/avec-le-c-v-l\\\/\",\"url\":\"https:\\\/\\\/pigouille.com\\\/WP\\\/avec-le-c-v-l\\\/\",\"name\":\"avec le C.V.L. - Pigouille Site de Association Martine Goemoniers\",\"isPartOf\":{\"@id\":\"https:\\\/\\\/pigouille.com\\\/WP\\\/#website\"},\"primaryImageOfPage\":{\"@id\":\"https:\\\/\\\/pigouille.com\\\/WP\\\/avec-le-c-v-l\\\/#primaryimage\"},\"image\":{\"@id\":\"https:\\\/\\\/pigouille.com\\\/WP\\\/avec-le-c-v-l\\\/#primaryimage\"},\"thumbnailUrl\":\"https:\\\/\\\/pigouille.com\\\/WP\\\/wp-content\\\/uploads\\\/2025\\\/06\\\/IMG_2410.jpg\",\"datePublished\":\"2021-03-25T13:35:18+00:00\",\"dateModified\":\"2025-09-08T21:04:34+00:00\",\"breadcrumb\":{\"@id\":\"https:\\\/\\\/pigouille.com\\\/WP\\\/avec-le-c-v-l\\\/#breadcrumb\"},\"inLanguage\":\"fr-FR\",\"potentialAction\":[{\"@type\":\"ReadAction\",\"target\":[\"https:\\\/\\\/pigouille.com\\\/WP\\\/avec-le-c-v-l\\\/\"]}]},{\"@type\":\"ImageObject\",\"inLanguage\":\"fr-FR\",\"@id\":\"https:\\\/\\\/pigouille.com\\\/WP\\\/avec-le-c-v-l\\\/#primaryimage\",\"url\":\"https:\\\/\\\/pigouille.com\\\/WP\\\/wp-content\\\/uploads\\\/2025\\\/06\\\/IMG_2410.jpg\",\"contentUrl\":\"https:\\\/\\\/pigouille.com\\\/WP\\\/wp-content\\\/uploads\\\/2025\\\/06\\\/IMG_2410.jpg\",\"width\":900,\"height\":600},{\"@type\":\"BreadcrumbList\",\"@id\":\"https:\\\/\\\/pigouille.com\\\/WP\\\/avec-le-c-v-l\\\/#breadcrumb\",\"itemListElement\":[{\"@type\":\"ListItem\",\"position\":1,\"name\":\"Accueil\",\"item\":\"https:\\\/\\\/pigouille.com\\\/WP\\\/\"},{\"@type\":\"ListItem\",\"position\":2,\"name\":\"avec le C.V.L.\"}]},{\"@type\":\"WebSite\",\"@id\":\"https:\\\/\\\/pigouille.com\\\/WP\\\/#website\",\"url\":\"https:\\\/\\\/pigouille.com\\\/WP\\\/\",\"name\":\"Pigouille Site de Association Martine Goemoniers\",\"description\":\"Cotre Goemonier \u00e0 Landeda\",\"publisher\":{\"@id\":\"https:\\\/\\\/pigouille.com\\\/WP\\\/#organization\"},\"potentialAction\":[{\"@type\":\"SearchAction\",\"target\":{\"@type\":\"EntryPoint\",\"urlTemplate\":\"https:\\\/\\\/pigouille.com\\\/WP\\\/?s={search_term_string}\"},\"query-input\":{\"@type\":\"PropertyValueSpecification\",\"valueRequired\":true,\"valueName\":\"search_term_string\"}}],\"inLanguage\":\"fr-FR\"},{\"@type\":\"Organization\",\"@id\":\"https:\\\/\\\/pigouille.com\\\/WP\\\/#organization\",\"name\":\"Pigouille Site de Association Martine Goemoniers\",\"url\":\"https:\\\/\\\/pigouille.com\\\/WP\\\/\",\"logo\":{\"@type\":\"ImageObject\",\"inLanguage\":\"fr-FR\",\"@id\":\"https:\\\/\\\/pigouille.com\\\/WP\\\/#\\\/schema\\\/logo\\\/image\\\/\",\"url\":\"https:\\\/\\\/pigouille.com\\\/WP\\\/wp-content\\\/uploads\\\/2021\\\/03\\\/Logo_M.png\",\"contentUrl\":\"https:\\\/\\\/pigouille.com\\\/WP\\\/wp-content\\\/uploads\\\/2021\\\/03\\\/Logo_M.png\",\"width\":52,\"height\":48,\"caption\":\"Pigouille Site de Association Martine Goemoniers\"},\"image\":{\"@id\":\"https:\\\/\\\/pigouille.com\\\/WP\\\/#\\\/schema\\\/logo\\\/image\\\/\"}}]}<\/script>\n<!-- \/ Yoast SEO plugin. -->","yoast_head_json":{"title":"avec le C.V.L. - Pigouille Site de Association Martine Goemoniers","robots":{"index":"index","follow":"follow","max-snippet":"max-snippet:-1","max-image-preview":"max-image-preview:large","max-video-preview":"max-video-preview:-1"},"canonical":"https:\/\/pigouille.com\/WP\/avec-le-c-v-l\/","og_locale":"fr_FR","og_type":"article","og_title":"avec le C.V.L. - Pigouille Site de Association Martine Goemoniers","og_url":"https:\/\/pigouille.com\/WP\/avec-le-c-v-l\/","og_site_name":"Pigouille Site de Association Martine Goemoniers","article_modified_time":"2025-09-08T21:04:34+00:00","og_image":[{"width":900,"height":600,"url":"https:\/\/pigouille.com\/WP\/wp-content\/uploads\/2025\/06\/IMG_2410.jpg","type":"image\/jpeg"}],"twitter_card":"summary_large_image","twitter_misc":{"Dur\u00e9e de lecture estim\u00e9e":"3 minutes"},"schema":{"@context":"https:\/\/schema.org","@graph":[{"@type":"WebPage","@id":"https:\/\/pigouille.com\/WP\/avec-le-c-v-l\/","url":"https:\/\/pigouille.com\/WP\/avec-le-c-v-l\/","name":"avec le C.V.L. - Pigouille Site de Association Martine Goemoniers","isPartOf":{"@id":"https:\/\/pigouille.com\/WP\/#website"},"primaryImageOfPage":{"@id":"https:\/\/pigouille.com\/WP\/avec-le-c-v-l\/#primaryimage"},"image":{"@id":"https:\/\/pigouille.com\/WP\/avec-le-c-v-l\/#primaryimage"},"thumbnailUrl":"https:\/\/pigouille.com\/WP\/wp-content\/uploads\/2025\/06\/IMG_2410.jpg","datePublished":"2021-03-25T13:35:18+00:00","dateModified":"2025-09-08T21:04:34+00:00","breadcrumb":{"@id":"https:\/\/pigouille.com\/WP\/avec-le-c-v-l\/#breadcrumb"},"inLanguage":"fr-FR","potentialAction":[{"@type":"ReadAction","target":["https:\/\/pigouille.com\/WP\/avec-le-c-v-l\/"]}]},{"@type":"ImageObject","inLanguage":"fr-FR","@id":"https:\/\/pigouille.com\/WP\/avec-le-c-v-l\/#primaryimage","url":"https:\/\/pigouille.com\/WP\/wp-content\/uploads\/2025\/06\/IMG_2410.jpg","contentUrl":"https:\/\/pigouille.com\/WP\/wp-content\/uploads\/2025\/06\/IMG_2410.jpg","width":900,"height":600},{"@type":"BreadcrumbList","@id":"https:\/\/pigouille.com\/WP\/avec-le-c-v-l\/#breadcrumb","itemListElement":[{"@type":"ListItem","position":1,"name":"Accueil","item":"https:\/\/pigouille.com\/WP\/"},{"@type":"ListItem","position":2,"name":"avec le C.V.L."}]},{"@type":"WebSite","@id":"https:\/\/pigouille.com\/WP\/#website","url":"https:\/\/pigouille.com\/WP\/","name":"Pigouille Site de Association Martine Goemoniers","description":"Cotre Goemonier \u00e0 Landeda","publisher":{"@id":"https:\/\/pigouille.com\/WP\/#organization"},"potentialAction":[{"@type":"SearchAction","target":{"@type":"EntryPoint","urlTemplate":"https:\/\/pigouille.com\/WP\/?s={search_term_string}"},"query-input":{"@type":"PropertyValueSpecification","valueRequired":true,"valueName":"search_term_string"}}],"inLanguage":"fr-FR"},{"@type":"Organization","@id":"https:\/\/pigouille.com\/WP\/#organization","name":"Pigouille Site de Association Martine Goemoniers","url":"https:\/\/pigouille.com\/WP\/","logo":{"@type":"ImageObject","inLanguage":"fr-FR","@id":"https:\/\/pigouille.com\/WP\/#\/schema\/logo\/image\/","url":"https:\/\/pigouille.com\/WP\/wp-content\/uploads\/2021\/03\/Logo_M.png","contentUrl":"https:\/\/pigouille.com\/WP\/wp-content\/uploads\/2021\/03\/Logo_M.png","width":52,"height":48,"caption":"Pigouille Site de Association Martine Goemoniers"},"image":{"@id":"https:\/\/pigouille.com\/WP\/#\/schema\/logo\/image\/"}}]}},"_links":{"self":[{"href":"https:\/\/pigouille.com\/WP\/wp-json\/wp\/v2\/pages\/51","targetHints":{"allow":["GET"]}}],"collection":[{"href":"https:\/\/pigouille.com\/WP\/wp-json\/wp\/v2\/pages"}],"about":[{"href":"https:\/\/pigouille.com\/WP\/wp-json\/wp\/v2\/types\/page"}],"author":[{"embeddable":true,"href":"https:\/\/pigouille.com\/WP\/wp-json\/wp\/v2\/users\/1"}],"replies":[{"embeddable":true,"href":"https:\/\/pigouille.com\/WP\/wp-json\/wp\/v2\/comments?post=51"}],"version-history":[{"count":26,"href":"https:\/\/pigouille.com\/WP\/wp-json\/wp\/v2\/pages\/51\/revisions"}],"predecessor-version":[{"id":18727,"href":"https:\/\/pigouille.com\/WP\/wp-json\/wp\/v2\/pages\/51\/revisions\/18727"}],"wp:attachment":[{"href":"https:\/\/pigouille.com\/WP\/wp-json\/wp\/v2\/media?parent=51"}],"curies":[{"name":"wp","href":"https:\/\/api.w.org\/{rel}","templated":true}]}}