{"id":5010,"date":"2021-10-03T15:57:51","date_gmt":"2021-10-03T13:57:51","guid":{"rendered":"https:\/\/pigouille.com\/WP\/diaporama-3\/"},"modified":"2021-10-03T16:36:52","modified_gmt":"2021-10-03T14:36:52","slug":"video","status":"publish","type":"page","link":"https:\/\/pigouille.com\/WP\/video\/","title":{"rendered":"VIDEOS :"},"content":{"rendered":"\n<div class=\"wp-block-qubely-wrapper qubely-block-b9df54\"><div class=\"qubely-block-wrapper-block \">\n<div class=\"wp-block-columns is-layout-flex wp-container-core-columns-is-layout-28f84493 wp-block-columns-is-layout-flex\">\n<div class=\"wp-block-column is-layout-flow wp-block-column-is-layout-flow\" style=\"flex-basis:95%\">\n<p style=\"font-size:clamp(18.959px, 1.185rem + ((1vw - 3.2px) * 0.863), 30px);\"> <strong>Vid\u00e9os : <\/strong><\/p>\n<\/div>\n\n\n\n<div class=\"wp-block-column is-layout-flow wp-block-column-is-layout-flow\" style=\"flex-basis:5%\">\n<figure class=\"wp-block-image is-resized\"><a href=\"javascript:history.back()\"><img loading=\"lazy\" decoding=\"async\" src=\"https:\/\/pigouille.com\/WP\/wp-content\/uploads\/2021\/03\/close5.png\" alt=\"Retour \u00e0 la page pr\u00e9c\u00e9dente\" class=\"wp-image-18\" width=\"30\" height=\"30\" title=\"Retour \u00e0 la page pr\u00e9c\u00e9dente\"\/><\/a><\/figure>\n<\/div>\n<\/div>\n\n\n\n<p>\u2022<strong> <a href=\"http:\/\/www.dailymotion.com\/video\/xusno2_aber-wrac-h2012-3-3-port-escale-landeda-juillet-2012-le-depart-des-bateaux_sport\" target=\"_blank\" rel=\"noreferrer noopener\">Port escale Landeda juillet 2012 :<\/a> <\/strong><br><strong>Aber-Wrac&rsquo;h Port Escale 2012. Les bateaux quittent le port de l&rsquo;Aber-Wrac&rsquo;h pour rejoindre l&rsquo;armada de BREST. <\/strong><br><br><\/p>\n\n\n\n<p>\u2022 <strong><a href=\"http:\/\/www.dailymotion.com\/video\/xuole3_aber-wrac-h2012-1-3-landeda-10-juillet-2012-port-escale-et-bapteme-du-misainier-jean-rene_sport\" target=\"_blank\" rel=\"noreferrer noopener nofollow\">10 Juillet 2012 Bapt\u00eame du Jean-Ren\u00e9 :<\/a> <\/strong><br><strong>10 juillet 2012 l&rsquo;Aber-Wrac&rsquo;h est Port Escale.<br>Quelques images sur les activit\u00e9s nautiques et terrestres de ce jour de f\u00eate maritime.<br>Mise \u00e0 l&rsquo;eau et bapt\u00eame du misainier Jean-Ren\u00e9 <\/strong><br><br><\/p>\n\n\n\n<p>\u2022<strong> <a href=\"http:\/\/www.dailymotion.com\/video\/xl63f9_thalassa-a-l-aber-wrac-h-9-9-2011-video-landeda_travel\" target=\"_blank\" rel=\"noreferrer noopener\">9<\/a><\/strong><a href=\"http:\/\/www.dailymotion.com\/video\/xl63f9_thalassa-a-l-aber-wrac-h-9-9-2011-video-landeda_travel\" target=\"_blank\" rel=\"noreferrer noopener\"> <\/a><strong><a href=\"http:\/\/www.dailymotion.com\/video\/xl63f9_thalassa-a-l-aber-wrac-h-9-9-2011-video-landeda_travel\" target=\"_blank\" rel=\"noreferrer noopener\">Septembre 2011 Thalassa \u00e0 l&rsquo;aber Wrac&rsquo;h :<\/a> <\/strong><br><strong>THALASSA \u00e0 l&rsquo;Aber-Wrac&rsquo;h \/ le 9 septembre 2011 l&rsquo;\u00e9mission est enregistr\u00e9e sur le port et la foule s&rsquo;est install\u00e9e autour du Bel Espoir. <\/strong><br><br><\/p>\n\n\n\n<p>\u2022 <a href=\"http:\/\/www.dailymotion.com\/video\/xlpcio_video-landeda-association-martine_sport\" target=\"_blank\" rel=\"noreferrer noopener\"><strong>2009<\/strong><\/a><strong><a href=\"http:\/\/www.dailymotion.com\/video\/xlpcio_video-landeda-association-martine_sport\" target=\"_blank\" rel=\"noreferrer noopener\">-2<\/a><\/strong><a href=\"http:\/\/www.dailymotion.com\/video\/xlpcio_video-landeda-association-martine_sport\" target=\"_blank\" rel=\"noreferrer noopener\"><strong>011 Association Martine :<\/strong><\/a><strong> <\/strong><br><strong>Le 14 juin 2009 SAINT PABU recevait les arts de la rue. Pour franchir l&rsquo;Aber-Beno\u00eet, l&rsquo;Association Martine faisait profiter du passage de LANDEDA vers St PABU.<br>Le 9 septembre 2011, le Bel Espoir \u00e9tait ancr\u00e9 \u00e0 l&rsquo;Aber-Wrac&rsquo;h et recevait THALASSA. Sur le quai et sur l&rsquo;eau, l&rsquo;Association Martine \u00e9tait repr\u00e9sent\u00e9e.<\/strong><br><br><\/p>\n<\/div><\/div>\n","protected":false},"excerpt":{"rendered":"","protected":false},"author":1,"featured_media":0,"parent":0,"menu_order":0,"comment_status":"closed","ping_status":"closed","template":"","meta":{"qubely_global_settings":"","qubely_interactions":"","footnotes":""},"class_list":["post-5010","page","type-page","status-publish","hentry"],"blocksy_meta":{"styles_descriptor":{"styles":{"desktop":"","tablet":"","mobile":""},"google_fonts":[],"version":6}},"yoast_head":"<!-- This site is optimized with the Yoast SEO plugin v27.3 - https:\/\/yoast.com\/product\/yoast-seo-wordpress\/ -->\n<title>VIDEOS : - Pigouille Site de Association Martine Goemoniers<\/title>\n<meta name=\"robots\" content=\"index, follow, max-snippet:-1, max-image-preview:large, max-video-preview:-1\" \/>\n<link rel=\"canonical\" href=\"https:\/\/pigouille.com\/WP\/video\/\" \/>\n<meta property=\"og:locale\" content=\"fr_FR\" \/>\n<meta property=\"og:type\" content=\"article\" \/>\n<meta property=\"og:title\" content=\"VIDEOS : - Pigouille Site de Association Martine Goemoniers\" \/>\n<meta property=\"og:url\" content=\"https:\/\/pigouille.com\/WP\/video\/\" \/>\n<meta property=\"og:site_name\" content=\"Pigouille Site de Association Martine Goemoniers\" \/>\n<meta property=\"article:modified_time\" content=\"2021-10-03T14:36:52+00:00\" \/>\n<meta property=\"og:image\" content=\"https:\/\/pigouille.com\/WP\/wp-content\/uploads\/2021\/03\/close5.png\" \/>\n<meta name=\"twitter:card\" content=\"summary_large_image\" \/>\n<meta name=\"twitter:label1\" content=\"Dur\u00e9e de lecture estim\u00e9e\" \/>\n\t<meta name=\"twitter:data1\" content=\"1 minute\" \/>\n<script type=\"application\/ld+json\" class=\"yoast-schema-graph\">{\"@context\":\"https:\\\/\\\/schema.org\",\"@graph\":[{\"@type\":\"WebPage\",\"@id\":\"https:\\\/\\\/pigouille.com\\\/WP\\\/video\\\/\",\"url\":\"https:\\\/\\\/pigouille.com\\\/WP\\\/video\\\/\",\"name\":\"VIDEOS : - Pigouille Site de Association Martine Goemoniers\",\"isPartOf\":{\"@id\":\"https:\\\/\\\/pigouille.com\\\/WP\\\/#website\"},\"primaryImageOfPage\":{\"@id\":\"https:\\\/\\\/pigouille.com\\\/WP\\\/video\\\/#primaryimage\"},\"image\":{\"@id\":\"https:\\\/\\\/pigouille.com\\\/WP\\\/video\\\/#primaryimage\"},\"thumbnailUrl\":\"https:\\\/\\\/pigouille.com\\\/WP\\\/wp-content\\\/uploads\\\/2021\\\/03\\\/close5.png\",\"datePublished\":\"2021-10-03T13:57:51+00:00\",\"dateModified\":\"2021-10-03T14:36:52+00:00\",\"breadcrumb\":{\"@id\":\"https:\\\/\\\/pigouille.com\\\/WP\\\/video\\\/#breadcrumb\"},\"inLanguage\":\"fr-FR\",\"potentialAction\":[{\"@type\":\"ReadAction\",\"target\":[\"https:\\\/\\\/pigouille.com\\\/WP\\\/video\\\/\"]}]},{\"@type\":\"ImageObject\",\"inLanguage\":\"fr-FR\",\"@id\":\"https:\\\/\\\/pigouille.com\\\/WP\\\/video\\\/#primaryimage\",\"url\":\"https:\\\/\\\/pigouille.com\\\/WP\\\/wp-content\\\/uploads\\\/2021\\\/03\\\/close5.png\",\"contentUrl\":\"https:\\\/\\\/pigouille.com\\\/WP\\\/wp-content\\\/uploads\\\/2021\\\/03\\\/close5.png\",\"width\":48,\"height\":48},{\"@type\":\"BreadcrumbList\",\"@id\":\"https:\\\/\\\/pigouille.com\\\/WP\\\/video\\\/#breadcrumb\",\"itemListElement\":[{\"@type\":\"ListItem\",\"position\":1,\"name\":\"Accueil\",\"item\":\"https:\\\/\\\/pigouille.com\\\/WP\\\/\"},{\"@type\":\"ListItem\",\"position\":2,\"name\":\"VIDEOS :\"}]},{\"@type\":\"WebSite\",\"@id\":\"https:\\\/\\\/pigouille.com\\\/WP\\\/#website\",\"url\":\"https:\\\/\\\/pigouille.com\\\/WP\\\/\",\"name\":\"Pigouille Site de Association Martine Goemoniers\",\"description\":\"Cotre Goemonier \u00e0 Landeda\",\"publisher\":{\"@id\":\"https:\\\/\\\/pigouille.com\\\/WP\\\/#organization\"},\"potentialAction\":[{\"@type\":\"SearchAction\",\"target\":{\"@type\":\"EntryPoint\",\"urlTemplate\":\"https:\\\/\\\/pigouille.com\\\/WP\\\/?s={search_term_string}\"},\"query-input\":{\"@type\":\"PropertyValueSpecification\",\"valueRequired\":true,\"valueName\":\"search_term_string\"}}],\"inLanguage\":\"fr-FR\"},{\"@type\":\"Organization\",\"@id\":\"https:\\\/\\\/pigouille.com\\\/WP\\\/#organization\",\"name\":\"Pigouille Site de Association Martine Goemoniers\",\"url\":\"https:\\\/\\\/pigouille.com\\\/WP\\\/\",\"logo\":{\"@type\":\"ImageObject\",\"inLanguage\":\"fr-FR\",\"@id\":\"https:\\\/\\\/pigouille.com\\\/WP\\\/#\\\/schema\\\/logo\\\/image\\\/\",\"url\":\"https:\\\/\\\/pigouille.com\\\/WP\\\/wp-content\\\/uploads\\\/2021\\\/03\\\/Logo_M.png\",\"contentUrl\":\"https:\\\/\\\/pigouille.com\\\/WP\\\/wp-content\\\/uploads\\\/2021\\\/03\\\/Logo_M.png\",\"width\":52,\"height\":48,\"caption\":\"Pigouille Site de Association Martine Goemoniers\"},\"image\":{\"@id\":\"https:\\\/\\\/pigouille.com\\\/WP\\\/#\\\/schema\\\/logo\\\/image\\\/\"}}]}<\/script>\n<!-- \/ Yoast SEO plugin. -->","yoast_head_json":{"title":"VIDEOS : - Pigouille Site de Association Martine Goemoniers","robots":{"index":"index","follow":"follow","max-snippet":"max-snippet:-1","max-image-preview":"max-image-preview:large","max-video-preview":"max-video-preview:-1"},"canonical":"https:\/\/pigouille.com\/WP\/video\/","og_locale":"fr_FR","og_type":"article","og_title":"VIDEOS : - Pigouille Site de Association Martine Goemoniers","og_url":"https:\/\/pigouille.com\/WP\/video\/","og_site_name":"Pigouille Site de Association Martine Goemoniers","article_modified_time":"2021-10-03T14:36:52+00:00","og_image":[{"url":"https:\/\/pigouille.com\/WP\/wp-content\/uploads\/2021\/03\/close5.png","type":"","width":"","height":""}],"twitter_card":"summary_large_image","twitter_misc":{"Dur\u00e9e de lecture estim\u00e9e":"1 minute"},"schema":{"@context":"https:\/\/schema.org","@graph":[{"@type":"WebPage","@id":"https:\/\/pigouille.com\/WP\/video\/","url":"https:\/\/pigouille.com\/WP\/video\/","name":"VIDEOS : - Pigouille Site de Association Martine Goemoniers","isPartOf":{"@id":"https:\/\/pigouille.com\/WP\/#website"},"primaryImageOfPage":{"@id":"https:\/\/pigouille.com\/WP\/video\/#primaryimage"},"image":{"@id":"https:\/\/pigouille.com\/WP\/video\/#primaryimage"},"thumbnailUrl":"https:\/\/pigouille.com\/WP\/wp-content\/uploads\/2021\/03\/close5.png","datePublished":"2021-10-03T13:57:51+00:00","dateModified":"2021-10-03T14:36:52+00:00","breadcrumb":{"@id":"https:\/\/pigouille.com\/WP\/video\/#breadcrumb"},"inLanguage":"fr-FR","potentialAction":[{"@type":"ReadAction","target":["https:\/\/pigouille.com\/WP\/video\/"]}]},{"@type":"ImageObject","inLanguage":"fr-FR","@id":"https:\/\/pigouille.com\/WP\/video\/#primaryimage","url":"https:\/\/pigouille.com\/WP\/wp-content\/uploads\/2021\/03\/close5.png","contentUrl":"https:\/\/pigouille.com\/WP\/wp-content\/uploads\/2021\/03\/close5.png","width":48,"height":48},{"@type":"BreadcrumbList","@id":"https:\/\/pigouille.com\/WP\/video\/#breadcrumb","itemListElement":[{"@type":"ListItem","position":1,"name":"Accueil","item":"https:\/\/pigouille.com\/WP\/"},{"@type":"ListItem","position":2,"name":"VIDEOS :"}]},{"@type":"WebSite","@id":"https:\/\/pigouille.com\/WP\/#website","url":"https:\/\/pigouille.com\/WP\/","name":"Pigouille Site de Association Martine Goemoniers","description":"Cotre Goemonier \u00e0 Landeda","publisher":{"@id":"https:\/\/pigouille.com\/WP\/#organization"},"potentialAction":[{"@type":"SearchAction","target":{"@type":"EntryPoint","urlTemplate":"https:\/\/pigouille.com\/WP\/?s={search_term_string}"},"query-input":{"@type":"PropertyValueSpecification","valueRequired":true,"valueName":"search_term_string"}}],"inLanguage":"fr-FR"},{"@type":"Organization","@id":"https:\/\/pigouille.com\/WP\/#organization","name":"Pigouille Site de Association Martine Goemoniers","url":"https:\/\/pigouille.com\/WP\/","logo":{"@type":"ImageObject","inLanguage":"fr-FR","@id":"https:\/\/pigouille.com\/WP\/#\/schema\/logo\/image\/","url":"https:\/\/pigouille.com\/WP\/wp-content\/uploads\/2021\/03\/Logo_M.png","contentUrl":"https:\/\/pigouille.com\/WP\/wp-content\/uploads\/2021\/03\/Logo_M.png","width":52,"height":48,"caption":"Pigouille Site de Association Martine Goemoniers"},"image":{"@id":"https:\/\/pigouille.com\/WP\/#\/schema\/logo\/image\/"}}]}},"_links":{"self":[{"href":"https:\/\/pigouille.com\/WP\/wp-json\/wp\/v2\/pages\/5010","targetHints":{"allow":["GET"]}}],"collection":[{"href":"https:\/\/pigouille.com\/WP\/wp-json\/wp\/v2\/pages"}],"about":[{"href":"https:\/\/pigouille.com\/WP\/wp-json\/wp\/v2\/types\/page"}],"author":[{"embeddable":true,"href":"https:\/\/pigouille.com\/WP\/wp-json\/wp\/v2\/users\/1"}],"replies":[{"embeddable":true,"href":"https:\/\/pigouille.com\/WP\/wp-json\/wp\/v2\/comments?post=5010"}],"version-history":[{"count":9,"href":"https:\/\/pigouille.com\/WP\/wp-json\/wp\/v2\/pages\/5010\/revisions"}],"predecessor-version":[{"id":5027,"href":"https:\/\/pigouille.com\/WP\/wp-json\/wp\/v2\/pages\/5010\/revisions\/5027"}],"wp:attachment":[{"href":"https:\/\/pigouille.com\/WP\/wp-json\/wp\/v2\/media?parent=5010"}],"curies":[{"name":"wp","href":"https:\/\/api.w.org\/{rel}","templated":true}]}}