{"id":41,"date":"2021-03-25T13:39:37","date_gmt":"2021-03-25T12:39:37","guid":{"rendered":"https:\/\/pigouille.com\/WP\/?page_id=41"},"modified":"2021-05-11T10:24:32","modified_gmt":"2021-05-11T08:24:32","slug":"historique-de-lassociation","status":"publish","type":"page","link":"https:\/\/pigouille.com\/WP\/historique-de-lassociation\/","title":{"rendered":"Historique de l&rsquo;association"},"content":{"rendered":"\n<div class=\"wp-block-qubely-wrapper qubely-block-b6b9b1\"><div class=\"qubely-block-wrapper-block \">\n<p style=\"font-size:clamp(18.959px, 1.185rem + ((1vw - 3.2px) * 0.863), 30px);\"><strong>Historique de l&rsquo;association<\/strong><\/p>\n<\/div><\/div>\n\n\n\n<div class=\"wp-block-qubely-wrapper qubely-block-122eac\"><div class=\"qubely-block-wrapper-block \">\n<div class=\"wp-block-image\"><figure class=\"aligncenter size-large\"><img loading=\"lazy\" decoding=\"async\" width=\"768\" height=\"460\" src=\"https:\/\/pigouille.com\/WP\/wp-content\/uploads\/2021\/05\/MARTINE-Dossier-BIP-1.jpg\" alt=\"\" class=\"wp-image-736\" srcset=\"https:\/\/pigouille.com\/WP\/wp-content\/uploads\/2021\/05\/MARTINE-Dossier-BIP-1.jpg 768w, https:\/\/pigouille.com\/WP\/wp-content\/uploads\/2021\/05\/MARTINE-Dossier-BIP-1-300x180.jpg 300w\" sizes=\"auto, (max-width: 768px) 100vw, 768px\" \/><\/figure><\/div>\n\n\n\n<p class=\"has-text-align-center\" style=\"font-size:clamp(14px, 0.875rem + ((1vw - 3.2px) * 0.313), 18px);\"><font color=\"#b9402f\"><strong>Cr\u00e9\u00e9e en 2002 , l\u2019association MARTINE s\u2019est donn\u00e9 pour but <br>de sauvegarder et de mettre en valeur <br>le patrimoine maritime et culturel des Abers. <\/strong><\/font><\/p>\n\n\n\n<p><strong>Mr Labri\u00e8re a cess\u00e9 de naviguer sur Martine en 1999.<\/strong><\/p>\n\n\n\n<p><strong>Le bateau go\u00e9monier est laiss\u00e9 \u00e0 l\u2019abandon au port du Vill pendant plus de deux ans.<\/strong><\/p>\n\n\n\n<p><strong><font color=\"#b9402f\">En 2001<\/font>, deux passionn\u00e9s de vieilles coques, originaires de Land\u00e9da d\u00e9cident de restaurer Martine<\/strong>.<\/p>\n\n\n\n<p><strong>L\u2019ESAT ( Etablissement et Service d\u2019Aide par le Travail )<font color=\"#b9402f\"> \u00ab Les Gen\u00eats d\u2019Or \u00bb<\/font> de Ploudalm\u00e9zeau accepte d\u2019entreposer le bateau dans leur hangar.<\/strong><\/p>\n\n\n\n<p><strong>L\u2019id\u00e9e \u00e9merge de proposer aux travailleurs handicap\u00e9s de participer \u00e0 la r\u00e9novation du bateau<\/strong>.<\/p>\n\n\n\n<p><strong>La famille Labri\u00e8re l\u00e8gue Martine<font color=\"#b9402f\"> en juin 2001<\/font><\/strong>.<\/p>\n\n\n\n<p><strong>Lors des festivit\u00e9s<font color=\"#b9402f\"> \u00ab Aber 2004 \u00bb <\/font>le bateau est expos\u00e9 sur le port pour des d\u00e9monstrations de charpente marine<\/strong>.<\/p>\n\n\n\n<p><strong><font color=\"#b9402f\">Le 10 juin 2006<\/font>, entour\u00e9 d\u2019autres voiliers traditionnels , Martine reprend contact avec la mer et d\u00e9ploie ses voiles pourpres orn\u00e9es de deux mains r\u00e9unies symbolisant la solidarit\u00e9.<\/strong><\/p>\n\n\n\n<p><strong>A l\u2019occasion des f\u00eates maritimes de<font color=\"#b9402f\"> \u00ab Brest 2008 \u00bb<\/font>, l\u2019association Martine participe au concours national du Chasse &#8211; Mar\u00e9e \u00ab Marins des c\u00f4tes et fleuves de France <\/strong>\u00bb.<\/p>\n\n\n\n<p><strong><font color=\"#b9402f\">En juillet 2011<\/font>, Martine participe au spectacle son et lumi\u00e8re \u00ab Armorica Breiz \u00bb de la troupe de th\u00e9atre en breton \u00ab Ar Vro Bagan \u00bb<\/strong><\/p>\n\n\n\n<p><strong><font color=\"#b9402f\">Le 9 septembre 2011<\/font>, Martine participe \u00e0 l\u2019\u00e9mission Thalassa qui tourne en direct sur le port de l\u2019Aber wrac\u2019h. Georges Pernoud met \u00e0 l\u2019honneur le Bel Espoir du P\u00e8re Jaouen.<\/strong><br><br><\/p>\n\n\n\n<div class=\"wp-block-image\"><figure class=\"aligncenter size-large\"><img loading=\"lazy\" decoding=\"async\" width=\"768\" height=\"576\" src=\"https:\/\/pigouille.com\/WP\/wp-content\/uploads\/2021\/05\/Montage-Thalassa.jpg\" alt=\"\" class=\"wp-image-740\" srcset=\"https:\/\/pigouille.com\/WP\/wp-content\/uploads\/2021\/05\/Montage-Thalassa.jpg 768w, https:\/\/pigouille.com\/WP\/wp-content\/uploads\/2021\/05\/Montage-Thalassa-300x225.jpg 300w\" sizes=\"auto, (max-width: 768px) 100vw, 768px\" \/><\/figure><\/div>\n\n\n\n<p><strong><font color=\"#b9402f\">En juillet 2012<\/font>, lors des f\u00eates maritimes Port Escale des \u00ab Tonnerres de Brest \u00bb, l\u2019association baptise le petit fr\u00e8re de Martine , un canot \u00e0 misaine de 4,50 m construit en 1970 \u00e0 Lilia par les ateliers Riou.<\/strong><\/p>\n\n\n\n<p><strong><font color=\"#b9402f\">En octobre 2013<\/font>, Martine a obtenu le label Bateau d\u2019Int\u00e9r\u00eat Patrimonial d\u00e9livr\u00e9 par la Fondation du Patrimoine Maritime et Fluvial<\/strong><\/p>\n\n\n\n<p><strong><font color=\"#b9402f\">En janvier 2014<\/font>, l\u2019association vient d\u2019acqu\u00e9rir une nouvelle unit\u00e9 : un canot go\u00e9monier qui sera \u00e0 restaurer dans les ann\u00e9es \u00e0 venir.<\/strong><br><br><\/p>\n\n\n\n<div class=\"wp-block-image\"><figure class=\"aligncenter size-large\"><img loading=\"lazy\" decoding=\"async\" width=\"768\" height=\"543\" src=\"https:\/\/pigouille.com\/WP\/wp-content\/uploads\/2021\/05\/Obtention-du-label-BIP-novembre-2013.jpg\" alt=\"\" class=\"wp-image-742\" srcset=\"https:\/\/pigouille.com\/WP\/wp-content\/uploads\/2021\/05\/Obtention-du-label-BIP-novembre-2013.jpg 768w, https:\/\/pigouille.com\/WP\/wp-content\/uploads\/2021\/05\/Obtention-du-label-BIP-novembre-2013-300x212.jpg 300w, https:\/\/pigouille.com\/WP\/wp-content\/uploads\/2021\/05\/Obtention-du-label-BIP-novembre-2013-140x100.jpg 140w\" sizes=\"auto, (max-width: 768px) 100vw, 768px\" \/><\/figure><\/div>\n<\/div><\/div>\n","protected":false},"excerpt":{"rendered":"","protected":false},"author":1,"featured_media":0,"parent":0,"menu_order":0,"comment_status":"closed","ping_status":"closed","template":"","meta":{"qubely_global_settings":"","qubely_interactions":"","footnotes":""},"class_list":["post-41","page","type-page","status-publish","hentry"],"blocksy_meta":{"styles_descriptor":{"styles":{"desktop":"","tablet":"","mobile":""},"google_fonts":[],"version":6}},"yoast_head":"<!-- This site is optimized with the Yoast SEO plugin v27.3 - https:\/\/yoast.com\/product\/yoast-seo-wordpress\/ -->\n<title>Historique de l&#039;association - Pigouille Site de Association Martine Goemoniers<\/title>\n<meta name=\"robots\" content=\"index, follow, max-snippet:-1, max-image-preview:large, max-video-preview:-1\" \/>\n<link rel=\"canonical\" href=\"https:\/\/pigouille.com\/WP\/historique-de-lassociation\/\" \/>\n<meta property=\"og:locale\" content=\"fr_FR\" \/>\n<meta property=\"og:type\" content=\"article\" \/>\n<meta property=\"og:title\" content=\"Historique de l&#039;association - Pigouille Site de Association Martine Goemoniers\" \/>\n<meta property=\"og:url\" content=\"https:\/\/pigouille.com\/WP\/historique-de-lassociation\/\" \/>\n<meta property=\"og:site_name\" content=\"Pigouille Site de Association Martine Goemoniers\" \/>\n<meta property=\"article:modified_time\" content=\"2021-05-11T08:24:32+00:00\" \/>\n<meta property=\"og:image\" content=\"https:\/\/pigouille.com\/WP\/wp-content\/uploads\/2021\/05\/MARTINE-Dossier-BIP-1.jpg\" \/>\n<meta name=\"twitter:card\" content=\"summary_large_image\" \/>\n<meta name=\"twitter:label1\" content=\"Dur\u00e9e de lecture estim\u00e9e\" \/>\n\t<meta name=\"twitter:data1\" content=\"2 minutes\" \/>\n<script type=\"application\/ld+json\" class=\"yoast-schema-graph\">{\"@context\":\"https:\\\/\\\/schema.org\",\"@graph\":[{\"@type\":\"WebPage\",\"@id\":\"https:\\\/\\\/pigouille.com\\\/WP\\\/historique-de-lassociation\\\/\",\"url\":\"https:\\\/\\\/pigouille.com\\\/WP\\\/historique-de-lassociation\\\/\",\"name\":\"Historique de l'association - Pigouille Site de Association Martine Goemoniers\",\"isPartOf\":{\"@id\":\"https:\\\/\\\/pigouille.com\\\/WP\\\/#website\"},\"primaryImageOfPage\":{\"@id\":\"https:\\\/\\\/pigouille.com\\\/WP\\\/historique-de-lassociation\\\/#primaryimage\"},\"image\":{\"@id\":\"https:\\\/\\\/pigouille.com\\\/WP\\\/historique-de-lassociation\\\/#primaryimage\"},\"thumbnailUrl\":\"https:\\\/\\\/pigouille.com\\\/WP\\\/wp-content\\\/uploads\\\/2021\\\/05\\\/MARTINE-Dossier-BIP-1.jpg\",\"datePublished\":\"2021-03-25T12:39:37+00:00\",\"dateModified\":\"2021-05-11T08:24:32+00:00\",\"breadcrumb\":{\"@id\":\"https:\\\/\\\/pigouille.com\\\/WP\\\/historique-de-lassociation\\\/#breadcrumb\"},\"inLanguage\":\"fr-FR\",\"potentialAction\":[{\"@type\":\"ReadAction\",\"target\":[\"https:\\\/\\\/pigouille.com\\\/WP\\\/historique-de-lassociation\\\/\"]}]},{\"@type\":\"ImageObject\",\"inLanguage\":\"fr-FR\",\"@id\":\"https:\\\/\\\/pigouille.com\\\/WP\\\/historique-de-lassociation\\\/#primaryimage\",\"url\":\"https:\\\/\\\/pigouille.com\\\/WP\\\/wp-content\\\/uploads\\\/2021\\\/05\\\/MARTINE-Dossier-BIP-1.jpg\",\"contentUrl\":\"https:\\\/\\\/pigouille.com\\\/WP\\\/wp-content\\\/uploads\\\/2021\\\/05\\\/MARTINE-Dossier-BIP-1.jpg\",\"width\":768,\"height\":460},{\"@type\":\"BreadcrumbList\",\"@id\":\"https:\\\/\\\/pigouille.com\\\/WP\\\/historique-de-lassociation\\\/#breadcrumb\",\"itemListElement\":[{\"@type\":\"ListItem\",\"position\":1,\"name\":\"Accueil\",\"item\":\"https:\\\/\\\/pigouille.com\\\/WP\\\/\"},{\"@type\":\"ListItem\",\"position\":2,\"name\":\"Historique de l&rsquo;association\"}]},{\"@type\":\"WebSite\",\"@id\":\"https:\\\/\\\/pigouille.com\\\/WP\\\/#website\",\"url\":\"https:\\\/\\\/pigouille.com\\\/WP\\\/\",\"name\":\"Pigouille Site de Association Martine Goemoniers\",\"description\":\"Cotre Goemonier \u00e0 Landeda\",\"publisher\":{\"@id\":\"https:\\\/\\\/pigouille.com\\\/WP\\\/#organization\"},\"potentialAction\":[{\"@type\":\"SearchAction\",\"target\":{\"@type\":\"EntryPoint\",\"urlTemplate\":\"https:\\\/\\\/pigouille.com\\\/WP\\\/?s={search_term_string}\"},\"query-input\":{\"@type\":\"PropertyValueSpecification\",\"valueRequired\":true,\"valueName\":\"search_term_string\"}}],\"inLanguage\":\"fr-FR\"},{\"@type\":\"Organization\",\"@id\":\"https:\\\/\\\/pigouille.com\\\/WP\\\/#organization\",\"name\":\"Pigouille Site de Association Martine Goemoniers\",\"url\":\"https:\\\/\\\/pigouille.com\\\/WP\\\/\",\"logo\":{\"@type\":\"ImageObject\",\"inLanguage\":\"fr-FR\",\"@id\":\"https:\\\/\\\/pigouille.com\\\/WP\\\/#\\\/schema\\\/logo\\\/image\\\/\",\"url\":\"https:\\\/\\\/pigouille.com\\\/WP\\\/wp-content\\\/uploads\\\/2021\\\/03\\\/Logo_M.png\",\"contentUrl\":\"https:\\\/\\\/pigouille.com\\\/WP\\\/wp-content\\\/uploads\\\/2021\\\/03\\\/Logo_M.png\",\"width\":52,\"height\":48,\"caption\":\"Pigouille Site de Association Martine Goemoniers\"},\"image\":{\"@id\":\"https:\\\/\\\/pigouille.com\\\/WP\\\/#\\\/schema\\\/logo\\\/image\\\/\"}}]}<\/script>\n<!-- \/ Yoast SEO plugin. -->","yoast_head_json":{"title":"Historique de l'association - Pigouille Site de Association Martine Goemoniers","robots":{"index":"index","follow":"follow","max-snippet":"max-snippet:-1","max-image-preview":"max-image-preview:large","max-video-preview":"max-video-preview:-1"},"canonical":"https:\/\/pigouille.com\/WP\/historique-de-lassociation\/","og_locale":"fr_FR","og_type":"article","og_title":"Historique de l'association - Pigouille Site de Association Martine Goemoniers","og_url":"https:\/\/pigouille.com\/WP\/historique-de-lassociation\/","og_site_name":"Pigouille Site de Association Martine Goemoniers","article_modified_time":"2021-05-11T08:24:32+00:00","og_image":[{"url":"https:\/\/pigouille.com\/WP\/wp-content\/uploads\/2021\/05\/MARTINE-Dossier-BIP-1.jpg","type":"","width":"","height":""}],"twitter_card":"summary_large_image","twitter_misc":{"Dur\u00e9e de lecture estim\u00e9e":"2 minutes"},"schema":{"@context":"https:\/\/schema.org","@graph":[{"@type":"WebPage","@id":"https:\/\/pigouille.com\/WP\/historique-de-lassociation\/","url":"https:\/\/pigouille.com\/WP\/historique-de-lassociation\/","name":"Historique de l'association - Pigouille Site de Association Martine Goemoniers","isPartOf":{"@id":"https:\/\/pigouille.com\/WP\/#website"},"primaryImageOfPage":{"@id":"https:\/\/pigouille.com\/WP\/historique-de-lassociation\/#primaryimage"},"image":{"@id":"https:\/\/pigouille.com\/WP\/historique-de-lassociation\/#primaryimage"},"thumbnailUrl":"https:\/\/pigouille.com\/WP\/wp-content\/uploads\/2021\/05\/MARTINE-Dossier-BIP-1.jpg","datePublished":"2021-03-25T12:39:37+00:00","dateModified":"2021-05-11T08:24:32+00:00","breadcrumb":{"@id":"https:\/\/pigouille.com\/WP\/historique-de-lassociation\/#breadcrumb"},"inLanguage":"fr-FR","potentialAction":[{"@type":"ReadAction","target":["https:\/\/pigouille.com\/WP\/historique-de-lassociation\/"]}]},{"@type":"ImageObject","inLanguage":"fr-FR","@id":"https:\/\/pigouille.com\/WP\/historique-de-lassociation\/#primaryimage","url":"https:\/\/pigouille.com\/WP\/wp-content\/uploads\/2021\/05\/MARTINE-Dossier-BIP-1.jpg","contentUrl":"https:\/\/pigouille.com\/WP\/wp-content\/uploads\/2021\/05\/MARTINE-Dossier-BIP-1.jpg","width":768,"height":460},{"@type":"BreadcrumbList","@id":"https:\/\/pigouille.com\/WP\/historique-de-lassociation\/#breadcrumb","itemListElement":[{"@type":"ListItem","position":1,"name":"Accueil","item":"https:\/\/pigouille.com\/WP\/"},{"@type":"ListItem","position":2,"name":"Historique de l&rsquo;association"}]},{"@type":"WebSite","@id":"https:\/\/pigouille.com\/WP\/#website","url":"https:\/\/pigouille.com\/WP\/","name":"Pigouille Site de Association Martine Goemoniers","description":"Cotre Goemonier \u00e0 Landeda","publisher":{"@id":"https:\/\/pigouille.com\/WP\/#organization"},"potentialAction":[{"@type":"SearchAction","target":{"@type":"EntryPoint","urlTemplate":"https:\/\/pigouille.com\/WP\/?s={search_term_string}"},"query-input":{"@type":"PropertyValueSpecification","valueRequired":true,"valueName":"search_term_string"}}],"inLanguage":"fr-FR"},{"@type":"Organization","@id":"https:\/\/pigouille.com\/WP\/#organization","name":"Pigouille Site de Association Martine Goemoniers","url":"https:\/\/pigouille.com\/WP\/","logo":{"@type":"ImageObject","inLanguage":"fr-FR","@id":"https:\/\/pigouille.com\/WP\/#\/schema\/logo\/image\/","url":"https:\/\/pigouille.com\/WP\/wp-content\/uploads\/2021\/03\/Logo_M.png","contentUrl":"https:\/\/pigouille.com\/WP\/wp-content\/uploads\/2021\/03\/Logo_M.png","width":52,"height":48,"caption":"Pigouille Site de Association Martine Goemoniers"},"image":{"@id":"https:\/\/pigouille.com\/WP\/#\/schema\/logo\/image\/"}}]}},"_links":{"self":[{"href":"https:\/\/pigouille.com\/WP\/wp-json\/wp\/v2\/pages\/41","targetHints":{"allow":["GET"]}}],"collection":[{"href":"https:\/\/pigouille.com\/WP\/wp-json\/wp\/v2\/pages"}],"about":[{"href":"https:\/\/pigouille.com\/WP\/wp-json\/wp\/v2\/types\/page"}],"author":[{"embeddable":true,"href":"https:\/\/pigouille.com\/WP\/wp-json\/wp\/v2\/users\/1"}],"replies":[{"embeddable":true,"href":"https:\/\/pigouille.com\/WP\/wp-json\/wp\/v2\/comments?post=41"}],"version-history":[{"count":24,"href":"https:\/\/pigouille.com\/WP\/wp-json\/wp\/v2\/pages\/41\/revisions"}],"predecessor-version":[{"id":1011,"href":"https:\/\/pigouille.com\/WP\/wp-json\/wp\/v2\/pages\/41\/revisions\/1011"}],"wp:attachment":[{"href":"https:\/\/pigouille.com\/WP\/wp-json\/wp\/v2\/media?parent=41"}],"curies":[{"name":"wp","href":"https:\/\/api.w.org\/{rel}","templated":true}]}}