{"id":2297,"date":"2021-05-24T09:53:41","date_gmt":"2021-05-24T07:53:41","guid":{"rendered":"https:\/\/pigouille.com\/WP\/chantiers-2\/"},"modified":"2021-12-03T15:50:52","modified_gmt":"2021-12-03T14:50:52","slug":"chantiers-hiver-2018-2019","status":"publish","type":"page","link":"https:\/\/pigouille.com\/WP\/chantiers-hiver-2018-2019\/","title":{"rendered":"Chantiers 2018-2019"},"content":{"rendered":"\n<div class=\"wp-block-qubely-wrapper qubely-block-cc1c16\"><div class=\"qubely-block-wrapper-block \">\n<p style=\"font-size:clamp(18.959px, 1.185rem + ((1vw - 3.2px) * 0.863), 30px);\"><strong>Chantiers hiver 2018-2019<\/strong><\/p>\n<\/div><\/div>\n\n\n\n<div class=\"wp-block-qubely-wrapper qubely-block-7129cc\"><div class=\"qubely-block-wrapper-block \">\n<div class=\"wp-block-columns is-layout-flex wp-container-core-columns-is-layout-28f84493 wp-block-columns-is-layout-flex\">\n<div class=\"wp-block-column is-layout-flow wp-block-column-is-layout-flow\" style=\"flex-basis:66.66%\">\n<p><br><br><br><a href=\"https:\/\/pigouille.com\/WP\/diaporama-poncage-du-loctudy\/\" data-type=\"page\" data-id=\"1812\"><strong>\u2022 <\/strong><\/a><strong><a href=\"https:\/\/pigouille.com\/WP\/diaporama_hivernage_martine_27-10-2018\" data-type=\"URL\" data-id=\"https:\/\/pigouille.com\/WP\/diaporama_hivernage_martine_27-10-2018\"><strong>Diaporama sur l&rsquo;hivernage de Martine. 27 Octobre 2018<\/strong><\/a><\/strong><\/p>\n<\/div>\n\n\n\n<div class=\"wp-block-column is-layout-flow wp-block-column-is-layout-flow\" style=\"flex-basis:33.33%\">\n<figure class=\"wp-block-image size-large\"><img loading=\"lazy\" decoding=\"async\" width=\"305\" height=\"202\" src=\"https:\/\/pigouille.com\/WP\/wp-content\/uploads\/2021\/05\/Hivernage_Martine_2018.jpg\" alt=\"\" class=\"wp-image-2301\" srcset=\"https:\/\/pigouille.com\/WP\/wp-content\/uploads\/2021\/05\/Hivernage_Martine_2018.jpg 305w, https:\/\/pigouille.com\/WP\/wp-content\/uploads\/2021\/05\/Hivernage_Martine_2018-300x199.jpg 300w\" sizes=\"auto, (max-width: 305px) 100vw, 305px\" \/><\/figure>\n<\/div>\n<\/div>\n\n\n\n<div class=\"wp-block-columns is-layout-flex wp-container-core-columns-is-layout-28f84493 wp-block-columns-is-layout-flex\">\n<div class=\"wp-block-column is-layout-flow wp-block-column-is-layout-flow\" style=\"flex-basis:66.66%\">\n<p><a href=\"https:\/\/pigouille.com\/WP\/diaporama-hivernage-du-jean-rene-le-12-octobre-2019\/\" data-type=\"page\" data-id=\"1814\"><strong>\u2022 <\/strong><\/a><strong><a href=\"https:\/\/pigouille.com\/WP\/diaporama_activites_soutien_avec_esat_12-2018\/\" data-type=\"page\"><strong>Chantier : Activit\u00e9s de soutien avec l&rsquo;ESAT. D\u00e9cembre 2018 (Photos)<\/strong><\/a><\/strong><\/p>\n\n\n\n<p><a rel=\"noreferrer noopener\" href=\"https:\/\/www.youtube.com\/watch?time_continue=12&amp;v=CQrLX4gs6YY\" target=\"_blank\"><strong>\u2022 Chantier : Activit\u00e9s de soutien avec l&rsquo;ESAT. D\u00e9cembre 2018 (Vid\u00e9o)<br><\/strong><\/a><strong> &nbsp;&nbsp;&nbsp; &nbsp;&nbsp;&nbsp;&nbsp;&nbsp;&nbsp;&nbsp;&nbsp;&nbsp;&nbsp;&nbsp;&nbsp;&nbsp;&nbsp;&nbsp;&nbsp;&nbsp;&nbsp; &nbsp;&nbsp;&nbsp;&nbsp;&nbsp;&nbsp;&nbsp;&nbsp;&nbsp;&nbsp;&nbsp; JOURNAL TV LGO<\/strong><br><a href=\"https:\/\/pigouille.com\/WP\/diaporama_activites_soutien_avec_esat_01-2019\/\" data-type=\"URL\"><strong>\u2022 Chantier : Activit\u00e9s de soutien avec l&rsquo;ESAT. Janvier 2019 (Photos)<\/strong><\/a><\/p>\n<\/div>\n\n\n\n<div class=\"wp-block-column is-layout-flow wp-block-column-is-layout-flow\" style=\"flex-basis:33.33%\">\n<figure class=\"wp-block-image size-large\"><img loading=\"lazy\" decoding=\"async\" width=\"305\" height=\"95\" src=\"https:\/\/pigouille.com\/WP\/wp-content\/uploads\/2021\/05\/Logo_Les_genets_d_or.png\" alt=\"\" class=\"wp-image-2302\" srcset=\"https:\/\/pigouille.com\/WP\/wp-content\/uploads\/2021\/05\/Logo_Les_genets_d_or.png 305w, https:\/\/pigouille.com\/WP\/wp-content\/uploads\/2021\/05\/Logo_Les_genets_d_or-300x93.png 300w\" sizes=\"auto, (max-width: 305px) 100vw, 305px\" \/><\/figure>\n<\/div>\n<\/div>\n\n\n\n<div class=\"wp-block-columns is-layout-flex wp-container-core-columns-is-layout-28f84493 wp-block-columns-is-layout-flex\">\n<div class=\"wp-block-column is-layout-flow wp-block-column-is-layout-flow\" style=\"flex-basis:66.66%\">\n<p><br><br><br><a href=\"https:\/\/pigouille.com\/WP\/diaporama-hivernage-de-martine-le-26-10-2019\/\" data-type=\"page\"><strong>\u2022<\/strong><\/a><strong><a href=\"https:\/\/pigouille.com\/WP\/diaporama_journee_travail_et_convivialite_03_2019\/\" data-type=\"URL\"><strong>Chantier : Journ\u00e9e de travail et de convivialit\u00e9. Mars 2019 (Photos)<\/strong><\/a><\/strong><\/p>\n<\/div>\n\n\n\n<div class=\"wp-block-column is-layout-flow wp-block-column-is-layout-flow\" style=\"flex-basis:33.33%\">\n<figure class=\"wp-block-image size-large\"><img loading=\"lazy\" decoding=\"async\" width=\"800\" height=\"534\" src=\"https:\/\/pigouille.com\/WP\/wp-content\/uploads\/2021\/05\/Journee_chantier_Mars_2019.jpg\" alt=\"\" class=\"wp-image-2306\" srcset=\"https:\/\/pigouille.com\/WP\/wp-content\/uploads\/2021\/05\/Journee_chantier_Mars_2019.jpg 800w, https:\/\/pigouille.com\/WP\/wp-content\/uploads\/2021\/05\/Journee_chantier_Mars_2019-300x200.jpg 300w, https:\/\/pigouille.com\/WP\/wp-content\/uploads\/2021\/05\/Journee_chantier_Mars_2019-768x513.jpg 768w\" sizes=\"auto, (max-width: 800px) 100vw, 800px\" \/><\/figure>\n<\/div>\n<\/div>\n\n\n\n<div class=\"wp-block-columns is-layout-flex wp-container-core-columns-is-layout-28f84493 wp-block-columns-is-layout-flex\">\n<div class=\"wp-block-column is-layout-flow wp-block-column-is-layout-flow\" style=\"flex-basis:66.66%\">\n<p><a href=\"https:\/\/pigouille.com\/index.php?page=Martine_2019_Diaporama_10\"><\/a><br><br><br><strong><a href=\"https:\/\/pigouille.com\/WP\/diaporama-chantier-activites-de-soutien-avec-lesat-29-novembre-2019\/\" data-type=\"page\" data-id=\"1818\"><strong>\u2022 <\/strong><\/a><strong><a href=\"https:\/\/pigouille.com\/WP\/diaporama_reglage_remorque_10_05_2019\" data-type=\"URL\" data-id=\"https:\/\/pigouille.com\/WP\/diaporama_reglage_remorque_10_05_2019\"><strong>Chantier : R\u00e8glage de la remorque qui emm\u00e8nera le Jean-Ren\u00e9 \u00e0 la semaine du Golfe : 10 Mai 2019 (Photos)<\/strong><\/a><\/strong><\/strong><\/p>\n<\/div>\n\n\n\n<div class=\"wp-block-column is-layout-flow wp-block-column-is-layout-flow\" style=\"flex-basis:33.33%\">\n<figure class=\"wp-block-image size-large\"><img loading=\"lazy\" decoding=\"async\" width=\"675\" height=\"450\" src=\"https:\/\/pigouille.com\/WP\/wp-content\/uploads\/2021\/05\/Chantier_Remorque_JR-45.jpg\" alt=\"\" class=\"wp-image-2308\" srcset=\"https:\/\/pigouille.com\/WP\/wp-content\/uploads\/2021\/05\/Chantier_Remorque_JR-45.jpg 675w, https:\/\/pigouille.com\/WP\/wp-content\/uploads\/2021\/05\/Chantier_Remorque_JR-45-300x200.jpg 300w\" sizes=\"auto, (max-width: 675px) 100vw, 675px\" \/><\/figure>\n<\/div>\n<\/div>\n\n\n\n<div class=\"wp-block-columns is-layout-flex wp-container-core-columns-is-layout-28f84493 wp-block-columns-is-layout-flex\">\n<div class=\"wp-block-column is-layout-flow wp-block-column-is-layout-flow\" style=\"flex-basis:66.66%\">\n<p><br><br><br><a href=\"https:\/\/pigouille.com\/WP\/diaporama-activites-de-soutien-avec-lesat-06-decembre-2019\" data-type=\"URL\"><strong>\u2022 <\/strong><\/a><strong><a href=\"https:\/\/pigouille.com\/WP\/diaporama_reglage_remorque_10_05_2019\" data-type=\"URL\" data-id=\"https:\/\/pigouille.com\/WP\/diaporama_reglage_remorque_10_05_2019\"><strong>Chantier : Derniers travaux avant la mise \u00e0 l&rsquo;eau de Martine et derniers r\u00e9glages de la remorque du Jean-Ren\u00e9 : 18 Mai 2019 (Photos)<\/strong><\/a><\/strong><\/p>\n<\/div>\n\n\n\n<div class=\"wp-block-column is-layout-flow wp-block-column-is-layout-flow\" style=\"flex-basis:33.33%\">\n<figure class=\"wp-block-image size-large\"><img loading=\"lazy\" decoding=\"async\" width=\"800\" height=\"534\" src=\"https:\/\/pigouille.com\/WP\/wp-content\/uploads\/2021\/05\/Dernieres_mises_au_point-15.jpg\" alt=\"\" class=\"wp-image-2310\" srcset=\"https:\/\/pigouille.com\/WP\/wp-content\/uploads\/2021\/05\/Dernieres_mises_au_point-15.jpg 800w, https:\/\/pigouille.com\/WP\/wp-content\/uploads\/2021\/05\/Dernieres_mises_au_point-15-300x200.jpg 300w, https:\/\/pigouille.com\/WP\/wp-content\/uploads\/2021\/05\/Dernieres_mises_au_point-15-768x513.jpg 768w\" sizes=\"auto, (max-width: 800px) 100vw, 800px\" \/><\/figure>\n<\/div>\n<\/div>\n\n\n\n<div class=\"wp-block-columns is-layout-flex wp-container-core-columns-is-layout-28f84493 wp-block-columns-is-layout-flex\">\n<div class=\"wp-block-column is-layout-flow wp-block-column-is-layout-flow\" style=\"flex-basis:66.66%\">\n<p><br><br><br><a href=\"https:\/\/pigouille.com\/WP\/diaporama-renovation-du-loctudy-le-14-decembre-2019\/\" data-type=\"page\" data-id=\"1822\"><strong>\u2022 <\/strong><\/a><strong><a href=\"https:\/\/pigouille.com\/WP\/diaporama_mise_a_leau_martine_et_jean-rene_25-05-2019\" data-type=\"URL\" data-id=\"https:\/\/pigouille.com\/WP\/diaporama_mise_a_leau_martine_et_jean-rene_25-05-2019\"><strong>Chantier : Mise \u00e0 l&rsquo;eau de Martine et Jean-Ren\u00e9 pr\u00eat pour la semaine du Golfe : 25 Mai 2019 (Photos)<\/strong><\/a><\/strong><\/p>\n<\/div>\n\n\n\n<div class=\"wp-block-column is-layout-flow wp-block-column-is-layout-flow\" style=\"flex-basis:33.33%\">\n<figure class=\"wp-block-image size-large\"><img loading=\"lazy\" decoding=\"async\" width=\"800\" height=\"527\" src=\"https:\/\/pigouille.com\/WP\/wp-content\/uploads\/2021\/05\/Mise_a_leau_Martine_Mai_2019.jpg\" alt=\"\" class=\"wp-image-2314\" srcset=\"https:\/\/pigouille.com\/WP\/wp-content\/uploads\/2021\/05\/Mise_a_leau_Martine_Mai_2019.jpg 800w, https:\/\/pigouille.com\/WP\/wp-content\/uploads\/2021\/05\/Mise_a_leau_Martine_Mai_2019-300x198.jpg 300w, https:\/\/pigouille.com\/WP\/wp-content\/uploads\/2021\/05\/Mise_a_leau_Martine_Mai_2019-768x506.jpg 768w\" sizes=\"auto, (max-width: 800px) 100vw, 800px\" \/><\/figure>\n<\/div>\n<\/div>\n<\/div><\/div>\n","protected":false},"excerpt":{"rendered":"","protected":false},"author":1,"featured_media":0,"parent":0,"menu_order":0,"comment_status":"closed","ping_status":"closed","template":"","meta":{"qubely_global_settings":"","qubely_interactions":"","footnotes":""},"class_list":["post-2297","page","type-page","status-publish","hentry"],"blocksy_meta":{"styles_descriptor":{"styles":{"desktop":"","tablet":"","mobile":""},"google_fonts":[],"version":6}},"yoast_head":"<!-- This site is optimized with the Yoast SEO plugin v27.3 - https:\/\/yoast.com\/product\/yoast-seo-wordpress\/ -->\n<title>Chantiers 2018-2019 - Pigouille Site de Association Martine Goemoniers<\/title>\n<meta name=\"robots\" content=\"index, follow, max-snippet:-1, max-image-preview:large, max-video-preview:-1\" \/>\n<link rel=\"canonical\" href=\"https:\/\/pigouille.com\/WP\/chantiers-hiver-2018-2019\/\" \/>\n<meta property=\"og:locale\" content=\"fr_FR\" \/>\n<meta property=\"og:type\" content=\"article\" \/>\n<meta property=\"og:title\" content=\"Chantiers 2018-2019 - Pigouille Site de Association Martine Goemoniers\" \/>\n<meta property=\"og:url\" content=\"https:\/\/pigouille.com\/WP\/chantiers-hiver-2018-2019\/\" \/>\n<meta property=\"og:site_name\" content=\"Pigouille Site de Association Martine Goemoniers\" \/>\n<meta property=\"article:modified_time\" content=\"2021-12-03T14:50:52+00:00\" \/>\n<meta property=\"og:image\" content=\"https:\/\/pigouille.com\/WP\/wp-content\/uploads\/2021\/05\/Hivernage_Martine_2018.jpg\" \/>\n<meta name=\"twitter:card\" content=\"summary_large_image\" \/>\n<meta name=\"twitter:label1\" content=\"Dur\u00e9e de lecture estim\u00e9e\" \/>\n\t<meta name=\"twitter:data1\" content=\"2 minutes\" \/>\n<script type=\"application\/ld+json\" class=\"yoast-schema-graph\">{\"@context\":\"https:\\\/\\\/schema.org\",\"@graph\":[{\"@type\":\"WebPage\",\"@id\":\"https:\\\/\\\/pigouille.com\\\/WP\\\/chantiers-hiver-2018-2019\\\/\",\"url\":\"https:\\\/\\\/pigouille.com\\\/WP\\\/chantiers-hiver-2018-2019\\\/\",\"name\":\"Chantiers 2018-2019 - Pigouille Site de Association Martine Goemoniers\",\"isPartOf\":{\"@id\":\"https:\\\/\\\/pigouille.com\\\/WP\\\/#website\"},\"primaryImageOfPage\":{\"@id\":\"https:\\\/\\\/pigouille.com\\\/WP\\\/chantiers-hiver-2018-2019\\\/#primaryimage\"},\"image\":{\"@id\":\"https:\\\/\\\/pigouille.com\\\/WP\\\/chantiers-hiver-2018-2019\\\/#primaryimage\"},\"thumbnailUrl\":\"https:\\\/\\\/pigouille.com\\\/WP\\\/wp-content\\\/uploads\\\/2021\\\/05\\\/Hivernage_Martine_2018.jpg\",\"datePublished\":\"2021-05-24T07:53:41+00:00\",\"dateModified\":\"2021-12-03T14:50:52+00:00\",\"breadcrumb\":{\"@id\":\"https:\\\/\\\/pigouille.com\\\/WP\\\/chantiers-hiver-2018-2019\\\/#breadcrumb\"},\"inLanguage\":\"fr-FR\",\"potentialAction\":[{\"@type\":\"ReadAction\",\"target\":[\"https:\\\/\\\/pigouille.com\\\/WP\\\/chantiers-hiver-2018-2019\\\/\"]}]},{\"@type\":\"ImageObject\",\"inLanguage\":\"fr-FR\",\"@id\":\"https:\\\/\\\/pigouille.com\\\/WP\\\/chantiers-hiver-2018-2019\\\/#primaryimage\",\"url\":\"https:\\\/\\\/pigouille.com\\\/WP\\\/wp-content\\\/uploads\\\/2021\\\/05\\\/Hivernage_Martine_2018.jpg\",\"contentUrl\":\"https:\\\/\\\/pigouille.com\\\/WP\\\/wp-content\\\/uploads\\\/2021\\\/05\\\/Hivernage_Martine_2018.jpg\",\"width\":305,\"height\":202},{\"@type\":\"BreadcrumbList\",\"@id\":\"https:\\\/\\\/pigouille.com\\\/WP\\\/chantiers-hiver-2018-2019\\\/#breadcrumb\",\"itemListElement\":[{\"@type\":\"ListItem\",\"position\":1,\"name\":\"Accueil\",\"item\":\"https:\\\/\\\/pigouille.com\\\/WP\\\/\"},{\"@type\":\"ListItem\",\"position\":2,\"name\":\"Chantiers 2018-2019\"}]},{\"@type\":\"WebSite\",\"@id\":\"https:\\\/\\\/pigouille.com\\\/WP\\\/#website\",\"url\":\"https:\\\/\\\/pigouille.com\\\/WP\\\/\",\"name\":\"Pigouille Site de Association Martine Goemoniers\",\"description\":\"Cotre Goemonier \u00e0 Landeda\",\"publisher\":{\"@id\":\"https:\\\/\\\/pigouille.com\\\/WP\\\/#organization\"},\"potentialAction\":[{\"@type\":\"SearchAction\",\"target\":{\"@type\":\"EntryPoint\",\"urlTemplate\":\"https:\\\/\\\/pigouille.com\\\/WP\\\/?s={search_term_string}\"},\"query-input\":{\"@type\":\"PropertyValueSpecification\",\"valueRequired\":true,\"valueName\":\"search_term_string\"}}],\"inLanguage\":\"fr-FR\"},{\"@type\":\"Organization\",\"@id\":\"https:\\\/\\\/pigouille.com\\\/WP\\\/#organization\",\"name\":\"Pigouille Site de Association Martine Goemoniers\",\"url\":\"https:\\\/\\\/pigouille.com\\\/WP\\\/\",\"logo\":{\"@type\":\"ImageObject\",\"inLanguage\":\"fr-FR\",\"@id\":\"https:\\\/\\\/pigouille.com\\\/WP\\\/#\\\/schema\\\/logo\\\/image\\\/\",\"url\":\"https:\\\/\\\/pigouille.com\\\/WP\\\/wp-content\\\/uploads\\\/2021\\\/03\\\/Logo_M.png\",\"contentUrl\":\"https:\\\/\\\/pigouille.com\\\/WP\\\/wp-content\\\/uploads\\\/2021\\\/03\\\/Logo_M.png\",\"width\":52,\"height\":48,\"caption\":\"Pigouille Site de Association Martine Goemoniers\"},\"image\":{\"@id\":\"https:\\\/\\\/pigouille.com\\\/WP\\\/#\\\/schema\\\/logo\\\/image\\\/\"}}]}<\/script>\n<!-- \/ Yoast SEO plugin. -->","yoast_head_json":{"title":"Chantiers 2018-2019 - Pigouille Site de Association Martine Goemoniers","robots":{"index":"index","follow":"follow","max-snippet":"max-snippet:-1","max-image-preview":"max-image-preview:large","max-video-preview":"max-video-preview:-1"},"canonical":"https:\/\/pigouille.com\/WP\/chantiers-hiver-2018-2019\/","og_locale":"fr_FR","og_type":"article","og_title":"Chantiers 2018-2019 - Pigouille Site de Association Martine Goemoniers","og_url":"https:\/\/pigouille.com\/WP\/chantiers-hiver-2018-2019\/","og_site_name":"Pigouille Site de Association Martine Goemoniers","article_modified_time":"2021-12-03T14:50:52+00:00","og_image":[{"url":"https:\/\/pigouille.com\/WP\/wp-content\/uploads\/2021\/05\/Hivernage_Martine_2018.jpg","type":"","width":"","height":""}],"twitter_card":"summary_large_image","twitter_misc":{"Dur\u00e9e de lecture estim\u00e9e":"2 minutes"},"schema":{"@context":"https:\/\/schema.org","@graph":[{"@type":"WebPage","@id":"https:\/\/pigouille.com\/WP\/chantiers-hiver-2018-2019\/","url":"https:\/\/pigouille.com\/WP\/chantiers-hiver-2018-2019\/","name":"Chantiers 2018-2019 - Pigouille Site de Association Martine Goemoniers","isPartOf":{"@id":"https:\/\/pigouille.com\/WP\/#website"},"primaryImageOfPage":{"@id":"https:\/\/pigouille.com\/WP\/chantiers-hiver-2018-2019\/#primaryimage"},"image":{"@id":"https:\/\/pigouille.com\/WP\/chantiers-hiver-2018-2019\/#primaryimage"},"thumbnailUrl":"https:\/\/pigouille.com\/WP\/wp-content\/uploads\/2021\/05\/Hivernage_Martine_2018.jpg","datePublished":"2021-05-24T07:53:41+00:00","dateModified":"2021-12-03T14:50:52+00:00","breadcrumb":{"@id":"https:\/\/pigouille.com\/WP\/chantiers-hiver-2018-2019\/#breadcrumb"},"inLanguage":"fr-FR","potentialAction":[{"@type":"ReadAction","target":["https:\/\/pigouille.com\/WP\/chantiers-hiver-2018-2019\/"]}]},{"@type":"ImageObject","inLanguage":"fr-FR","@id":"https:\/\/pigouille.com\/WP\/chantiers-hiver-2018-2019\/#primaryimage","url":"https:\/\/pigouille.com\/WP\/wp-content\/uploads\/2021\/05\/Hivernage_Martine_2018.jpg","contentUrl":"https:\/\/pigouille.com\/WP\/wp-content\/uploads\/2021\/05\/Hivernage_Martine_2018.jpg","width":305,"height":202},{"@type":"BreadcrumbList","@id":"https:\/\/pigouille.com\/WP\/chantiers-hiver-2018-2019\/#breadcrumb","itemListElement":[{"@type":"ListItem","position":1,"name":"Accueil","item":"https:\/\/pigouille.com\/WP\/"},{"@type":"ListItem","position":2,"name":"Chantiers 2018-2019"}]},{"@type":"WebSite","@id":"https:\/\/pigouille.com\/WP\/#website","url":"https:\/\/pigouille.com\/WP\/","name":"Pigouille Site de Association Martine Goemoniers","description":"Cotre Goemonier \u00e0 Landeda","publisher":{"@id":"https:\/\/pigouille.com\/WP\/#organization"},"potentialAction":[{"@type":"SearchAction","target":{"@type":"EntryPoint","urlTemplate":"https:\/\/pigouille.com\/WP\/?s={search_term_string}"},"query-input":{"@type":"PropertyValueSpecification","valueRequired":true,"valueName":"search_term_string"}}],"inLanguage":"fr-FR"},{"@type":"Organization","@id":"https:\/\/pigouille.com\/WP\/#organization","name":"Pigouille Site de Association Martine Goemoniers","url":"https:\/\/pigouille.com\/WP\/","logo":{"@type":"ImageObject","inLanguage":"fr-FR","@id":"https:\/\/pigouille.com\/WP\/#\/schema\/logo\/image\/","url":"https:\/\/pigouille.com\/WP\/wp-content\/uploads\/2021\/03\/Logo_M.png","contentUrl":"https:\/\/pigouille.com\/WP\/wp-content\/uploads\/2021\/03\/Logo_M.png","width":52,"height":48,"caption":"Pigouille Site de Association Martine Goemoniers"},"image":{"@id":"https:\/\/pigouille.com\/WP\/#\/schema\/logo\/image\/"}}]}},"_links":{"self":[{"href":"https:\/\/pigouille.com\/WP\/wp-json\/wp\/v2\/pages\/2297","targetHints":{"allow":["GET"]}}],"collection":[{"href":"https:\/\/pigouille.com\/WP\/wp-json\/wp\/v2\/pages"}],"about":[{"href":"https:\/\/pigouille.com\/WP\/wp-json\/wp\/v2\/types\/page"}],"author":[{"embeddable":true,"href":"https:\/\/pigouille.com\/WP\/wp-json\/wp\/v2\/users\/1"}],"replies":[{"embeddable":true,"href":"https:\/\/pigouille.com\/WP\/wp-json\/wp\/v2\/comments?post=2297"}],"version-history":[{"count":18,"href":"https:\/\/pigouille.com\/WP\/wp-json\/wp\/v2\/pages\/2297\/revisions"}],"predecessor-version":[{"id":9650,"href":"https:\/\/pigouille.com\/WP\/wp-json\/wp\/v2\/pages\/2297\/revisions\/9650"}],"wp:attachment":[{"href":"https:\/\/pigouille.com\/WP\/wp-json\/wp\/v2\/media?parent=2297"}],"curies":[{"name":"wp","href":"https:\/\/api.w.org\/{rel}","templated":true}]}}