{"id":161,"date":"2021-03-27T17:35:09","date_gmt":"2021-03-27T16:35:09","guid":{"rendered":"https:\/\/pigouille.com\/WP\/?page_id=161"},"modified":"2025-09-21T20:55:18","modified_gmt":"2025-09-21T18:55:18","slug":"contacts","status":"publish","type":"page","link":"https:\/\/pigouille.com\/WP\/contacts\/","title":{"rendered":"Qui sommes nous"},"content":{"rendered":"\n<div class=\"wp-block-qubely-wrapper qubely-block-fee7d1\"><div class=\"qubely-block-wrapper-block \">\n<h2 class=\"wp-block-heading\" style=\"font-size:clamp(18.959px, 1.185rem + ((1vw - 3.2px) * 0.863), 30px);px\"><strong>Qui sommes nous ?<\/strong><br><br><\/h2>\n\n\n\n<div class=\"wp-block-columns is-layout-flex wp-container-core-columns-is-layout-28f84493 wp-block-columns-is-layout-flex\">\n<div class=\"wp-block-column is-layout-flow wp-block-column-is-layout-flow\" style=\"flex-basis:75%\">\n<h4 class=\"wp-block-heading\" id=\"bureau\">&nbsp;&nbsp;&nbsp;&nbsp;&nbsp;&nbsp;&nbsp;&nbsp;&nbsp;&nbsp;&nbsp;&nbsp;&nbsp;&nbsp;&nbsp;&nbsp;&nbsp;&nbsp;&nbsp;&nbsp;Bureau<br><\/h4>\n\n\n\n<h5 class=\"wp-block-heading\" id=\"presidente-francoise-pleyber-co-tresorier-patrick-kerleroux-co-tresorier-georges-galinier-web-master-anne-marie-derbent-secretaire-sylvie-girod\">&nbsp;&nbsp;&nbsp;&nbsp;&nbsp;&nbsp;&nbsp;\u2022 Pr\u00e9sidente : Fran\u00e7oise LEGOFF <br>&nbsp;&nbsp;&nbsp;&nbsp;&nbsp;&nbsp;&nbsp;\u2022 Co-tr\u00e9sorier : Patrick KERLEROUX <br>&nbsp;&nbsp;&nbsp;&nbsp;&nbsp;&nbsp;&nbsp;\u2022 Co-tr\u00e9sorier : Georges GALINIER<br>&nbsp;&nbsp;&nbsp;&nbsp;&nbsp;&nbsp;&nbsp;\u2022 Secr\u00e9taire : Sylvie GIROD<br>&nbsp;&nbsp;&nbsp;&nbsp;&nbsp;&nbsp;&nbsp;\u2022 Web Master : Anne-Marie DERBENT<\/h5>\n\n\n\n<p><\/p>\n\n\n\n<h4 class=\"wp-block-heading has-text-align-left\">&nbsp;&nbsp;&nbsp;&nbsp;&nbsp;&nbsp;&nbsp;&nbsp;&nbsp;&nbsp;&nbsp;&nbsp;&nbsp;&nbsp;&nbsp;&nbsp;&nbsp;&nbsp;&nbsp;&nbsp;Conseil d&rsquo;administration<br><\/h4>\n\n\n\n<h5 class=\"wp-block-heading\">&nbsp;&nbsp;&nbsp;&nbsp;&nbsp;&nbsp;&nbsp;\u2022 Les membres du BUREAU<br>&nbsp;&nbsp;&nbsp;&nbsp;&nbsp;&nbsp;&nbsp;\u2022 Jean-Louis CLEGUER<br>&nbsp;&nbsp;&nbsp;&nbsp;&nbsp;&nbsp;&nbsp;\u2022 V\u00e9ronique DESAUBLIAUX<br>&nbsp;&nbsp;&nbsp;&nbsp;&nbsp;&nbsp;&nbsp;\u2022 Christelle JESTIN<br>&nbsp;&nbsp;&nbsp;&nbsp;&nbsp;&nbsp;&nbsp;\u2022 Jacqueline LE GALL<br>&nbsp;&nbsp;&nbsp;&nbsp;&nbsp;&nbsp;&nbsp;\u2022 Jean-Pierre LEON<br>&nbsp;&nbsp;&nbsp;&nbsp;&nbsp;&nbsp;&nbsp;\u2022 Patrick TAVELLA<\/h5>\n\n\n\n<p><\/p>\n\n\n\n<p><\/p>\n\n\n\n<div class=\"wp-block-columns is-layout-flex wp-container-core-columns-is-layout-28f84493 wp-block-columns-is-layout-flex\">\n<div class=\"wp-block-column is-layout-flow wp-block-column-is-layout-flow\" style=\"flex-basis:10%\"><\/div>\n\n\n\n<div class=\"wp-block-column is-layout-flow wp-block-column-is-layout-flow\" style=\"flex-basis:66.66%\">\n<figure class=\"wp-block-image size-full\"><img loading=\"lazy\" decoding=\"async\" width=\"294\" height=\"22\" src=\"https:\/\/pigouille.com\/WP\/wp-content\/uploads\/2021\/11\/tel-Francoise.jpg\" alt=\"\" class=\"wp-image-9369\"\/><\/figure>\n<\/div>\n<\/div>\n\n\n\n<p><\/p>\n<\/div>\n\n\n\n<div class=\"wp-block-column is-layout-flow wp-block-column-is-layout-flow\" style=\"flex-basis:25%\">\n<figure class=\"wp-block-image size-full\"><img loading=\"lazy\" decoding=\"async\" width=\"567\" height=\"608\" src=\"https:\/\/pigouille.com\/WP\/wp-content\/uploads\/2021\/11\/logo-Martine.png\" alt=\"\" class=\"wp-image-9351\" srcset=\"https:\/\/pigouille.com\/WP\/wp-content\/uploads\/2021\/11\/logo-Martine.png 567w, https:\/\/pigouille.com\/WP\/wp-content\/uploads\/2021\/11\/logo-Martine-280x300.png 280w\" sizes=\"auto, (max-width: 567px) 100vw, 567px\" \/><\/figure>\n<\/div>\n<\/div>\n\n\n\n<div class=\"wp-block-columns is-layout-flex wp-container-core-columns-is-layout-28f84493 wp-block-columns-is-layout-flex\">\n<div class=\"wp-block-column is-layout-flow wp-block-column-is-layout-flow\">\n<h5 class=\"wp-block-heading\" id=\"devenir-membre-de-notre-associationfaire-un-don-a-notre-association-nouveau-l-association-a-ete-reconnue-d-interet-generalet-a-ce-titre-elle-est-habilitee-a-delivrer-des-recus-fiscaux-article-200-et-238-bis-du-cgi-plan-d-acces-au-chantierplan-d-acces-aux-mouillages-des-bateaux-envoyez-nous-un-message\">\u00a0\u00a0\u00a0\u00a0\u00a0\u00a0<a href=\"https:\/\/pigouille.com\/WP\/wp-content\/uploads\/2023\/09\/DEVENIR-MEMBRE-DE-LASSOCIATION-MARTINE-2023-2024.pdf\">\u00a0<\/a><a href=\"https:\/\/pigouille.com\/WP\/wp-content\/uploads\/2024\/11\/Adhesion-indiv.pdf\">Devenir membre de notre association<\/a> (Individuel)<br><br>\u00a0\u00a0\u00a0\u00a0\u00a0\u00a0<a href=\"https:\/\/pigouille.com\/WP\/wp-content\/uploads\/2023\/09\/DEVENIR-MEMBRE-DE-LASSOCIATION-MARTINE-2023-2024.pdf\">\u00a0<\/a><a href=\"https:\/\/pigouille.com\/WP\/wp-content\/uploads\/2024\/11\/Adhesion-couple.pdf\">Devenir membre de notre association<\/a> (Couple)<br><br>\u00a0\u00a0\u00a0\u00a0\u00a0\u00a0\u00a0<a href=\"https:\/\/pigouille.com\/WP\/wp-content\/uploads\/2021\/11\/FAIRE_UN_DON_A_NOTRE_ASSOCIATION.pdf\">Faire un DON \u00e0 notre association<\/a>\u00a0<br>\u00a0\u00a0\u00a0\u00a0\u00a0\u00a0\u00a0<strong><font color=\"#b9402f\">L&rsquo;association a \u00e9t\u00e9 reconnue d\u2019INTERET GENERAL<br>\u00a0\u00a0\u00a0\u00a0\u00a0\u00a0\u00a0et \u00e0 ce titre elle est habilit\u00e9e \u00e0 d\u00e9livrer des re\u00e7us fiscaux.<br>\u00a0\u00a0\u00a0\u00a0\u00a0\u00a0\u00a0<em>Article 200 et 238 bis du CGI<\/em><\/font><\/strong><br>\u00a0\u00a0\u00a0\u00a0\u00a0\u00a0\u00a0<br>\u00a0\u00a0\u00a0\u00a0\u00a0\u00a0\u00a0<a href=\"https:\/\/pigouille.com\/WP\/plan-d-acces-au-chantier\/\">Plan d&rsquo;acc\u00e8s au chantier<\/a><br><br>\u00a0\u00a0\u00a0\u00a0\u00a0\u00a0\u00a0<a href=\"https:\/\/pigouille.com\/WP\/plan-dacces-au-mouillage-des-bateaux\/\">Plan d&rsquo;acc\u00e8s aux mouillages des bateaux<\/a><br><br>\u00a0\u00a0\u00a0\u00a0\u00a0\u00a0\u00a0<a href=\"https:\/\/pigouille.com\/WP\/formulaire-de-contact\/\">Envoyez nous un message<\/a><\/h5>\n<\/div>\n<\/div>\n<\/div><\/div>\n","protected":false},"excerpt":{"rendered":"","protected":false},"author":1,"featured_media":0,"parent":0,"menu_order":0,"comment_status":"closed","ping_status":"closed","template":"","meta":{"qubely_global_settings":"","qubely_interactions":"","footnotes":""},"class_list":["post-161","page","type-page","status-publish","hentry"],"blocksy_meta":{"styles_descriptor":{"styles":{"desktop":"","tablet":"","mobile":""},"google_fonts":[],"version":6}},"yoast_head":"<!-- This site is optimized with the Yoast SEO plugin v27.3 - https:\/\/yoast.com\/product\/yoast-seo-wordpress\/ -->\n<title>Qui sommes nous - Pigouille Site de Association Martine Goemoniers<\/title>\n<meta name=\"robots\" content=\"index, follow, max-snippet:-1, max-image-preview:large, max-video-preview:-1\" \/>\n<link rel=\"canonical\" href=\"https:\/\/pigouille.com\/WP\/contacts\/\" \/>\n<meta property=\"og:locale\" content=\"fr_FR\" \/>\n<meta property=\"og:type\" content=\"article\" \/>\n<meta property=\"og:title\" content=\"Qui sommes nous - Pigouille Site de Association Martine Goemoniers\" \/>\n<meta property=\"og:url\" content=\"https:\/\/pigouille.com\/WP\/contacts\/\" \/>\n<meta property=\"og:site_name\" content=\"Pigouille Site de Association Martine Goemoniers\" \/>\n<meta property=\"article:modified_time\" content=\"2025-09-21T18:55:18+00:00\" \/>\n<meta property=\"og:image\" content=\"https:\/\/pigouille.com\/WP\/wp-content\/uploads\/2021\/11\/tel-Francoise.jpg\" \/>\n\t<meta property=\"og:image:width\" content=\"294\" \/>\n\t<meta property=\"og:image:height\" content=\"22\" \/>\n\t<meta property=\"og:image:type\" content=\"image\/jpeg\" \/>\n<meta name=\"twitter:card\" content=\"summary_large_image\" \/>\n<meta name=\"twitter:label1\" content=\"Dur\u00e9e de lecture estim\u00e9e\" \/>\n\t<meta name=\"twitter:data1\" content=\"1 minute\" \/>\n<script type=\"application\/ld+json\" class=\"yoast-schema-graph\">{\"@context\":\"https:\\\/\\\/schema.org\",\"@graph\":[{\"@type\":\"WebPage\",\"@id\":\"https:\\\/\\\/pigouille.com\\\/WP\\\/contacts\\\/\",\"url\":\"https:\\\/\\\/pigouille.com\\\/WP\\\/contacts\\\/\",\"name\":\"Qui sommes nous - Pigouille Site de Association Martine Goemoniers\",\"isPartOf\":{\"@id\":\"https:\\\/\\\/pigouille.com\\\/WP\\\/#website\"},\"primaryImageOfPage\":{\"@id\":\"https:\\\/\\\/pigouille.com\\\/WP\\\/contacts\\\/#primaryimage\"},\"image\":{\"@id\":\"https:\\\/\\\/pigouille.com\\\/WP\\\/contacts\\\/#primaryimage\"},\"thumbnailUrl\":\"https:\\\/\\\/pigouille.com\\\/WP\\\/wp-content\\\/uploads\\\/2021\\\/11\\\/tel-Francoise.jpg\",\"datePublished\":\"2021-03-27T16:35:09+00:00\",\"dateModified\":\"2025-09-21T18:55:18+00:00\",\"breadcrumb\":{\"@id\":\"https:\\\/\\\/pigouille.com\\\/WP\\\/contacts\\\/#breadcrumb\"},\"inLanguage\":\"fr-FR\",\"potentialAction\":[{\"@type\":\"ReadAction\",\"target\":[\"https:\\\/\\\/pigouille.com\\\/WP\\\/contacts\\\/\"]}]},{\"@type\":\"ImageObject\",\"inLanguage\":\"fr-FR\",\"@id\":\"https:\\\/\\\/pigouille.com\\\/WP\\\/contacts\\\/#primaryimage\",\"url\":\"https:\\\/\\\/pigouille.com\\\/WP\\\/wp-content\\\/uploads\\\/2021\\\/11\\\/tel-Francoise.jpg\",\"contentUrl\":\"https:\\\/\\\/pigouille.com\\\/WP\\\/wp-content\\\/uploads\\\/2021\\\/11\\\/tel-Francoise.jpg\",\"width\":294,\"height\":22},{\"@type\":\"BreadcrumbList\",\"@id\":\"https:\\\/\\\/pigouille.com\\\/WP\\\/contacts\\\/#breadcrumb\",\"itemListElement\":[{\"@type\":\"ListItem\",\"position\":1,\"name\":\"Accueil\",\"item\":\"https:\\\/\\\/pigouille.com\\\/WP\\\/\"},{\"@type\":\"ListItem\",\"position\":2,\"name\":\"Qui sommes nous\"}]},{\"@type\":\"WebSite\",\"@id\":\"https:\\\/\\\/pigouille.com\\\/WP\\\/#website\",\"url\":\"https:\\\/\\\/pigouille.com\\\/WP\\\/\",\"name\":\"Pigouille Site de Association Martine Goemoniers\",\"description\":\"Cotre Goemonier \u00e0 Landeda\",\"publisher\":{\"@id\":\"https:\\\/\\\/pigouille.com\\\/WP\\\/#organization\"},\"potentialAction\":[{\"@type\":\"SearchAction\",\"target\":{\"@type\":\"EntryPoint\",\"urlTemplate\":\"https:\\\/\\\/pigouille.com\\\/WP\\\/?s={search_term_string}\"},\"query-input\":{\"@type\":\"PropertyValueSpecification\",\"valueRequired\":true,\"valueName\":\"search_term_string\"}}],\"inLanguage\":\"fr-FR\"},{\"@type\":\"Organization\",\"@id\":\"https:\\\/\\\/pigouille.com\\\/WP\\\/#organization\",\"name\":\"Pigouille Site de Association Martine Goemoniers\",\"url\":\"https:\\\/\\\/pigouille.com\\\/WP\\\/\",\"logo\":{\"@type\":\"ImageObject\",\"inLanguage\":\"fr-FR\",\"@id\":\"https:\\\/\\\/pigouille.com\\\/WP\\\/#\\\/schema\\\/logo\\\/image\\\/\",\"url\":\"https:\\\/\\\/pigouille.com\\\/WP\\\/wp-content\\\/uploads\\\/2021\\\/03\\\/Logo_M.png\",\"contentUrl\":\"https:\\\/\\\/pigouille.com\\\/WP\\\/wp-content\\\/uploads\\\/2021\\\/03\\\/Logo_M.png\",\"width\":52,\"height\":48,\"caption\":\"Pigouille Site de Association Martine Goemoniers\"},\"image\":{\"@id\":\"https:\\\/\\\/pigouille.com\\\/WP\\\/#\\\/schema\\\/logo\\\/image\\\/\"}}]}<\/script>\n<!-- \/ Yoast SEO plugin. -->","yoast_head_json":{"title":"Qui sommes nous - Pigouille Site de Association Martine Goemoniers","robots":{"index":"index","follow":"follow","max-snippet":"max-snippet:-1","max-image-preview":"max-image-preview:large","max-video-preview":"max-video-preview:-1"},"canonical":"https:\/\/pigouille.com\/WP\/contacts\/","og_locale":"fr_FR","og_type":"article","og_title":"Qui sommes nous - Pigouille Site de Association Martine Goemoniers","og_url":"https:\/\/pigouille.com\/WP\/contacts\/","og_site_name":"Pigouille Site de Association Martine Goemoniers","article_modified_time":"2025-09-21T18:55:18+00:00","og_image":[{"width":294,"height":22,"url":"https:\/\/pigouille.com\/WP\/wp-content\/uploads\/2021\/11\/tel-Francoise.jpg","type":"image\/jpeg"}],"twitter_card":"summary_large_image","twitter_misc":{"Dur\u00e9e de lecture estim\u00e9e":"1 minute"},"schema":{"@context":"https:\/\/schema.org","@graph":[{"@type":"WebPage","@id":"https:\/\/pigouille.com\/WP\/contacts\/","url":"https:\/\/pigouille.com\/WP\/contacts\/","name":"Qui sommes nous - Pigouille Site de Association Martine Goemoniers","isPartOf":{"@id":"https:\/\/pigouille.com\/WP\/#website"},"primaryImageOfPage":{"@id":"https:\/\/pigouille.com\/WP\/contacts\/#primaryimage"},"image":{"@id":"https:\/\/pigouille.com\/WP\/contacts\/#primaryimage"},"thumbnailUrl":"https:\/\/pigouille.com\/WP\/wp-content\/uploads\/2021\/11\/tel-Francoise.jpg","datePublished":"2021-03-27T16:35:09+00:00","dateModified":"2025-09-21T18:55:18+00:00","breadcrumb":{"@id":"https:\/\/pigouille.com\/WP\/contacts\/#breadcrumb"},"inLanguage":"fr-FR","potentialAction":[{"@type":"ReadAction","target":["https:\/\/pigouille.com\/WP\/contacts\/"]}]},{"@type":"ImageObject","inLanguage":"fr-FR","@id":"https:\/\/pigouille.com\/WP\/contacts\/#primaryimage","url":"https:\/\/pigouille.com\/WP\/wp-content\/uploads\/2021\/11\/tel-Francoise.jpg","contentUrl":"https:\/\/pigouille.com\/WP\/wp-content\/uploads\/2021\/11\/tel-Francoise.jpg","width":294,"height":22},{"@type":"BreadcrumbList","@id":"https:\/\/pigouille.com\/WP\/contacts\/#breadcrumb","itemListElement":[{"@type":"ListItem","position":1,"name":"Accueil","item":"https:\/\/pigouille.com\/WP\/"},{"@type":"ListItem","position":2,"name":"Qui sommes nous"}]},{"@type":"WebSite","@id":"https:\/\/pigouille.com\/WP\/#website","url":"https:\/\/pigouille.com\/WP\/","name":"Pigouille Site de Association Martine Goemoniers","description":"Cotre Goemonier \u00e0 Landeda","publisher":{"@id":"https:\/\/pigouille.com\/WP\/#organization"},"potentialAction":[{"@type":"SearchAction","target":{"@type":"EntryPoint","urlTemplate":"https:\/\/pigouille.com\/WP\/?s={search_term_string}"},"query-input":{"@type":"PropertyValueSpecification","valueRequired":true,"valueName":"search_term_string"}}],"inLanguage":"fr-FR"},{"@type":"Organization","@id":"https:\/\/pigouille.com\/WP\/#organization","name":"Pigouille Site de Association Martine Goemoniers","url":"https:\/\/pigouille.com\/WP\/","logo":{"@type":"ImageObject","inLanguage":"fr-FR","@id":"https:\/\/pigouille.com\/WP\/#\/schema\/logo\/image\/","url":"https:\/\/pigouille.com\/WP\/wp-content\/uploads\/2021\/03\/Logo_M.png","contentUrl":"https:\/\/pigouille.com\/WP\/wp-content\/uploads\/2021\/03\/Logo_M.png","width":52,"height":48,"caption":"Pigouille Site de Association Martine Goemoniers"},"image":{"@id":"https:\/\/pigouille.com\/WP\/#\/schema\/logo\/image\/"}}]}},"_links":{"self":[{"href":"https:\/\/pigouille.com\/WP\/wp-json\/wp\/v2\/pages\/161","targetHints":{"allow":["GET"]}}],"collection":[{"href":"https:\/\/pigouille.com\/WP\/wp-json\/wp\/v2\/pages"}],"about":[{"href":"https:\/\/pigouille.com\/WP\/wp-json\/wp\/v2\/types\/page"}],"author":[{"embeddable":true,"href":"https:\/\/pigouille.com\/WP\/wp-json\/wp\/v2\/users\/1"}],"replies":[{"embeddable":true,"href":"https:\/\/pigouille.com\/WP\/wp-json\/wp\/v2\/comments?post=161"}],"version-history":[{"count":34,"href":"https:\/\/pigouille.com\/WP\/wp-json\/wp\/v2\/pages\/161\/revisions"}],"predecessor-version":[{"id":19017,"href":"https:\/\/pigouille.com\/WP\/wp-json\/wp\/v2\/pages\/161\/revisions\/19017"}],"wp:attachment":[{"href":"https:\/\/pigouille.com\/WP\/wp-json\/wp\/v2\/media?parent=161"}],"curies":[{"name":"wp","href":"https:\/\/api.w.org\/{rel}","templated":true}]}}