{"id":1595,"date":"2021-05-17T22:23:31","date_gmt":"2021-05-17T20:23:31","guid":{"rendered":"https:\/\/pigouille.com\/WP\/?page_id=1595"},"modified":"2021-05-17T22:55:12","modified_gmt":"2021-05-17T20:55:12","slug":"les-passeurs-de-laber-benoit","status":"publish","type":"page","link":"https:\/\/pigouille.com\/WP\/les-passeurs-de-laber-benoit\/","title":{"rendered":"Passeurs de l&rsquo;Aber-Beno\u00eet"},"content":{"rendered":"\n<div class=\"wp-block-qubely-wrapper qubely-block-3bb642\"><div class=\"qubely-block-wrapper-block \">\n<div class=\"wp-block-columns is-layout-flex wp-container-core-columns-is-layout-28f84493 wp-block-columns-is-layout-flex\">\n<div class=\"wp-block-column is-layout-flow wp-block-column-is-layout-flow\" style=\"flex-basis:90%\">\n<p style=\"font-size:clamp(18.959px, 1.185rem + ((1vw - 3.2px) * 0.863), 30px);\"><strong>Passeurs de l&rsquo;Aber-Beno\u00eet<\/strong><\/p>\n<\/div>\n\n\n\n<div class=\"wp-block-column is-layout-flow wp-block-column-is-layout-flow\" style=\"flex-basis:10%\">\n<figure class=\"wp-block-image is-resized\"><a href=\"javascript:history.back()\"><img loading=\"lazy\" decoding=\"async\" src=\"https:\/\/pigouille.com\/WP\/wp-content\/uploads\/2021\/03\/close5.png\" alt=\"Retour \u00e0 la page pr\u00e9c\u00e9dente\" class=\"wp-image-18\" width=\"30\" height=\"30\" title=\"Retour \u00e0 la page pr\u00e9c\u00e9dente\"\/><\/a><\/figure>\n<\/div>\n<\/div>\n<\/div><\/div>\n\n\n\n<div class=\"wp-block-qubely-wrapper qubely-block-46f5a1\"><div class=\"qubely-block-wrapper-block \">\n<p class=\"has-text-align-center\" style=\"font-size:clamp(14px, 0.875rem + ((1vw - 3.2px) * 0.313), 18px);\"><strong>Copi\u00e9 \u00e0 partir d&rsquo;un blog disparu depuis, <\/strong><br><strong>\u00e9crit par une petite fille du dernier passeur sur l&rsquo;Aber Beno\u00eet <\/strong><br><br><\/p>\n\n\n\n<div class=\"wp-block-qubely-wrapper qubely-block-a29db1\"><div class=\"qubely-block-wrapper-block \">\n<div class=\"wp-block-columns is-layout-flex wp-container-core-columns-is-layout-28f84493 wp-block-columns-is-layout-flex\">\n<div class=\"wp-block-column is-layout-flow wp-block-column-is-layout-flow\" style=\"flex-basis:10%\"><\/div>\n\n\n\n<div class=\"wp-block-column is-layout-flow wp-block-column-is-layout-flow\" style=\"flex-basis:40%\">\n<figure class=\"wp-block-image size-large\"><img loading=\"lazy\" decoding=\"async\" width=\"300\" height=\"225\" src=\"https:\/\/pigouille.com\/WP\/wp-content\/uploads\/2021\/05\/ob_de5282_1920-saliou-francois-marie-pere-de-p.jpg\" alt=\"\" class=\"wp-image-1603\"\/><\/figure>\n<\/div>\n\n\n\n<div class=\"wp-block-column is-layout-flow wp-block-column-is-layout-flow\" style=\"flex-basis:40%\">\n<figure class=\"wp-block-image size-large\"><img loading=\"lazy\" decoding=\"async\" width=\"300\" height=\"225\" src=\"https:\/\/pigouille.com\/WP\/wp-content\/uploads\/2021\/05\/ob_8a1a5a_1920-saliou-jeanne-nee-kerros-mere-d.jpg\" alt=\"\" class=\"wp-image-1604\"\/><\/figure>\n<\/div>\n\n\n\n<div class=\"wp-block-column is-layout-flow wp-block-column-is-layout-flow\" style=\"flex-basis:10%\"><\/div>\n<\/div>\n\n\n\n<p class=\"has-text-align-center\"><strong>Fran\u00e7ois Marie SALIOU et sa femme Jeanne KERROS mes grands-parents <\/strong><br><strong>(les seules photos conserv\u00e9es par la famille)<\/strong><br><br><\/p>\n\n\n\n<p style=\"font-size:clamp(14px, 0.875rem + ((1vw - 3.2px) * 0.313), 18px);\"><strong>Les passeurs de l&rsquo;aber-Beno\u00eet<\/strong><br><br><\/p>\n\n\n\n<p><strong>Nous sommes en Bretagne, dans le Finist\u00e8re \u00e0 la pointe ouest de ce monde o\u00f9 la qualit\u00e9 de vie est excellente<\/strong>.<\/p>\n\n\n\n<p><strong>Les paysages superbes lient \u00e0 jamais la terre et la mer<\/strong>.<\/p>\n\n\n\n<p><strong>Nous voici dans un des 3 Abers.<\/strong><br><br><\/p>\n\n\n\n<p><strong>La route est bien longue entre Saint-Pabu et Land\u00e9da car il est n\u00e9cessaire d\u2019aller jusqu\u2019\u00e0 Tr\u00e9glonou pour trouver un pont alors que depuis le lieu dit \u00ab le passage \u00bb de Saint-Pabu il n\u2019y a que l\u2019aber-Beno\u00eet \u00e0 traverser soit environ 250 m\u00e8tres<\/strong>.<br><br><\/p>\n\n\n\n<p><strong>Mon grand-p\u00e8re paternel Fran\u00e7ois Marie SALIOU, apr\u00e8s un long parcours dans la marine marchande et donc une retraite bien m\u00e9rit\u00e9e puis deux ann\u00e9es de grande p\u00eache en mer, est devenu un des derniers passeurs de l\u2019aber benoit.<\/strong><br><br><\/p>\n\n\n\n<p><strong>En effet le bateau du passeur de l\u2019\u00e9poque n\u2019\u00e9tait plus aux normes. C\u2019est pourquoi vers 1934 Fran\u00e7ois Marie a eu la concession du passage sous condition de faire construire un bateau neuf, homologu\u00e9, et tr\u00e8s large de 6 m\u00e8tres de long pouvant accueillir 15 passagers avec un seul rameur.<\/strong><br><\/p>\n\n\n\n<p><strong>Pour les grandes f\u00eates, les foires et les pardons le nombre de passagers \u00e9tant tr\u00e8s important : plus de 100 par jour (sans compter les v\u00e9los), son bateau de p\u00eache, d\u00e9m\u00e2t\u00e9 pour la circonstance, \u00e9tait donc utilis\u00e9 en renfort mais il n\u00e9cessitait deux rameurs. Ses fils et un oncle \u00e9taient donc les renforts bien utiles)<\/strong>.<br><br><\/p>\n\n\n\n<p><strong>Les bateaux \u00e9taient adapt\u00e9s en s\u00e9curit\u00e9 avec une bou\u00e9e couronne et une fili\u00e8re de plat-bord en flotteurs. Aucun souvenir de chavirage n\u2019est rest\u00e9 dans cet Aber. Les avirons \u00e9taient calibr\u00e9s au gabarit du navire et un syst\u00e8me de rouleaux avec appui avait \u00e9t\u00e9 cr\u00e9\u00e9 pour aider le rameur.<\/strong> <br><br>&nbsp;<\/p>\n\n\n\n<p><strong>Une petite cabane de bois avait \u00e9t\u00e9 construite au passage (\u00e0 c\u00f4t\u00e9 de la maison de la douane) pour que ma grand-m\u00e8re, Jeanne KERROS, soit au sec pour attendre les clients et vendre les billets.<\/strong><br><br><\/p>\n\n\n\n<p><strong>(Quelques souvenirs sur le prix du passage : chaque passager : 10 sous et chaque v\u00e9lo : 20 sous car ils prenaient un \u00e9quivalent de 2 places.)<\/strong><br><br><\/p>\n\n\n\n<p><strong>Mais il n\u2019y avait pas que les hommes \u00e0 faire traverser en effet les chevaux, deux par deux, passaient \u00e0 la nage \u00e0 c\u00f4t\u00e9 du bateau. Leur propri\u00e9taire les tenait \u00e0 distance par une longue longe en les amenant sur la gr\u00e8ve au d\u00e9part et \u00e0 l\u2019arriv\u00e9e ce qui n\u00e9cessitait de faire une travers\u00e9e plus longue et tr\u00e8s en courbe.<\/strong><br><br><\/p>\n\n\n\n<p><strong>Pour les vaches il \u00e9tait proc\u00e9d\u00e9 de la m\u00eame fa\u00e7on sans aucun probl\u00e8me mais pour les cochons la nage est impossible sur une aussi longue distance car leurs pattes avant sont trop courtes, ils se font trop mal au cou et devaient donc faire le trajet par la route.<\/strong><br><br><\/p>\n\n\n\n<p><strong>Tout l\u2019art du passeur consistait \u00e9galement \u00e0 anticiper les forts courants du centre de l\u2019aber benoit en utilisant les contre-courants de bordures afin d\u2019arriver au plus pr\u00e8s des cales.<\/strong><br><br><\/p>\n\n\n\n<p><strong>Durant l\u2019occupation allemande les travers\u00e9es \u00e9taient comme par hasard toujours longues, &nbsp; difficiles et pleines d\u2019impr\u00e9vus et plusieurs fois mon grand-p\u00e8re a \u00e9t\u00e9 tir\u00e9 de son lit la nuit avec un pistolet sur la tempe afin de passer quelques officiers impatients et m\u00e9contents des caract\u00e8res abrupts des bretons locaux.<\/strong><br><br><\/p>\n\n\n\n<p><strong>Au milieu de la guerre \u00e0 son retour depuis la zone libre, c\u2019est Fran\u00e7ois SALIOU qui a pris la place de son p\u00e8re durant quelques temps avant de trouver un autre emploi. On sentait d\u00e9j\u00e0 que c\u2019\u00e9tait presque la fin des passeurs de l\u2019aber-Beno\u00eet avec l&rsquo;am\u00e9lioration des routes et autres moyens de transports.<\/strong><br><br><\/p>\n\n\n\n<p><strong>Mais peut-\u00eatre qu&rsquo;un jour nous reviendrons \u00e0 ces modes de d\u00e9placements moins co\u00fbteux et tr\u00e8s \u00e9cologiques : gardons les dans un coin de notre m\u00e9moire collective, de notre culture..<\/strong><br><br><\/p>\n\n\n\n<p><strong>\u00b0\u00b0\u00b0\u00b0\u00b0\u00b0\u00b0\u00b0\u00b0\u00b0\u00b0\u00b0\u00b0\u00b0\u00b0\u00b0\u00b0\u00b0\u00b0\u00b0\u00b0\u00b0\u00b0\u00b0\u00b0\u00b0\u00b0\u00b0<\/strong><\/p>\n\n\n\n<p><strong>(Retranscrit suite aux indications de mon p\u00e8re Pierre SALIOU en 2009)<\/strong><br><br><\/p>\n\n\n\n<div class=\"wp-block-columns is-layout-flex wp-container-core-columns-is-layout-28f84493 wp-block-columns-is-layout-flex\">\n<div class=\"wp-block-column is-layout-flow wp-block-column-is-layout-flow\" style=\"flex-basis:15%\"><\/div>\n\n\n\n<div class=\"wp-block-column is-layout-flow wp-block-column-is-layout-flow\" style=\"flex-basis:70%\">\n<figure class=\"wp-block-image size-large\"><img loading=\"lazy\" decoding=\"async\" width=\"711\" height=\"1024\" src=\"https:\/\/pigouille.com\/WP\/wp-content\/uploads\/2021\/05\/ob_53f4ee_1945-09-30-saint-pabu-711x1024.jpg\" alt=\"\" class=\"wp-image-1616\" srcset=\"https:\/\/pigouille.com\/WP\/wp-content\/uploads\/2021\/05\/ob_53f4ee_1945-09-30-saint-pabu-711x1024.jpg 711w, https:\/\/pigouille.com\/WP\/wp-content\/uploads\/2021\/05\/ob_53f4ee_1945-09-30-saint-pabu-208x300.jpg 208w, https:\/\/pigouille.com\/WP\/wp-content\/uploads\/2021\/05\/ob_53f4ee_1945-09-30-saint-pabu.jpg 736w\" sizes=\"auto, (max-width: 711px) 100vw, 711px\" \/><\/figure>\n<\/div>\n\n\n\n<div class=\"wp-block-column is-layout-flow wp-block-column-is-layout-flow\" style=\"flex-basis:15%\"><\/div>\n<\/div>\n<\/div><\/div>\n\n\n\n<p><\/p>\n<\/div><\/div>\n","protected":false},"excerpt":{"rendered":"","protected":false},"author":1,"featured_media":0,"parent":0,"menu_order":0,"comment_status":"closed","ping_status":"closed","template":"","meta":{"qubely_global_settings":"","qubely_interactions":"","footnotes":""},"class_list":["post-1595","page","type-page","status-publish","hentry"],"blocksy_meta":{"styles_descriptor":{"styles":{"desktop":"","tablet":"","mobile":""},"google_fonts":[],"version":6}},"yoast_head":"<!-- This site is optimized with the Yoast SEO plugin v27.3 - https:\/\/yoast.com\/product\/yoast-seo-wordpress\/ -->\n<title>Passeurs de l&#039;Aber-Beno\u00eet - Pigouille Site de Association Martine Goemoniers<\/title>\n<meta name=\"robots\" content=\"index, follow, max-snippet:-1, max-image-preview:large, max-video-preview:-1\" \/>\n<link rel=\"canonical\" href=\"https:\/\/pigouille.com\/WP\/les-passeurs-de-laber-benoit\/\" \/>\n<meta property=\"og:locale\" content=\"fr_FR\" \/>\n<meta property=\"og:type\" content=\"article\" \/>\n<meta property=\"og:title\" content=\"Passeurs de l&#039;Aber-Beno\u00eet - Pigouille Site de Association Martine Goemoniers\" \/>\n<meta property=\"og:url\" content=\"https:\/\/pigouille.com\/WP\/les-passeurs-de-laber-benoit\/\" \/>\n<meta property=\"og:site_name\" content=\"Pigouille Site de Association Martine Goemoniers\" \/>\n<meta property=\"article:modified_time\" content=\"2021-05-17T20:55:12+00:00\" \/>\n<meta property=\"og:image\" content=\"https:\/\/pigouille.com\/WP\/wp-content\/uploads\/2021\/03\/close5.png\" \/>\n<meta name=\"twitter:card\" content=\"summary_large_image\" \/>\n<meta name=\"twitter:label1\" content=\"Dur\u00e9e de lecture estim\u00e9e\" \/>\n\t<meta name=\"twitter:data1\" content=\"4 minutes\" \/>\n<script type=\"application\/ld+json\" class=\"yoast-schema-graph\">{\"@context\":\"https:\\\/\\\/schema.org\",\"@graph\":[{\"@type\":\"WebPage\",\"@id\":\"https:\\\/\\\/pigouille.com\\\/WP\\\/les-passeurs-de-laber-benoit\\\/\",\"url\":\"https:\\\/\\\/pigouille.com\\\/WP\\\/les-passeurs-de-laber-benoit\\\/\",\"name\":\"Passeurs de l'Aber-Beno\u00eet - Pigouille Site de Association Martine Goemoniers\",\"isPartOf\":{\"@id\":\"https:\\\/\\\/pigouille.com\\\/WP\\\/#website\"},\"primaryImageOfPage\":{\"@id\":\"https:\\\/\\\/pigouille.com\\\/WP\\\/les-passeurs-de-laber-benoit\\\/#primaryimage\"},\"image\":{\"@id\":\"https:\\\/\\\/pigouille.com\\\/WP\\\/les-passeurs-de-laber-benoit\\\/#primaryimage\"},\"thumbnailUrl\":\"https:\\\/\\\/pigouille.com\\\/WP\\\/wp-content\\\/uploads\\\/2021\\\/03\\\/close5.png\",\"datePublished\":\"2021-05-17T20:23:31+00:00\",\"dateModified\":\"2021-05-17T20:55:12+00:00\",\"breadcrumb\":{\"@id\":\"https:\\\/\\\/pigouille.com\\\/WP\\\/les-passeurs-de-laber-benoit\\\/#breadcrumb\"},\"inLanguage\":\"fr-FR\",\"potentialAction\":[{\"@type\":\"ReadAction\",\"target\":[\"https:\\\/\\\/pigouille.com\\\/WP\\\/les-passeurs-de-laber-benoit\\\/\"]}]},{\"@type\":\"ImageObject\",\"inLanguage\":\"fr-FR\",\"@id\":\"https:\\\/\\\/pigouille.com\\\/WP\\\/les-passeurs-de-laber-benoit\\\/#primaryimage\",\"url\":\"https:\\\/\\\/pigouille.com\\\/WP\\\/wp-content\\\/uploads\\\/2021\\\/03\\\/close5.png\",\"contentUrl\":\"https:\\\/\\\/pigouille.com\\\/WP\\\/wp-content\\\/uploads\\\/2021\\\/03\\\/close5.png\",\"width\":48,\"height\":48},{\"@type\":\"BreadcrumbList\",\"@id\":\"https:\\\/\\\/pigouille.com\\\/WP\\\/les-passeurs-de-laber-benoit\\\/#breadcrumb\",\"itemListElement\":[{\"@type\":\"ListItem\",\"position\":1,\"name\":\"Accueil\",\"item\":\"https:\\\/\\\/pigouille.com\\\/WP\\\/\"},{\"@type\":\"ListItem\",\"position\":2,\"name\":\"Passeurs de l&rsquo;Aber-Beno\u00eet\"}]},{\"@type\":\"WebSite\",\"@id\":\"https:\\\/\\\/pigouille.com\\\/WP\\\/#website\",\"url\":\"https:\\\/\\\/pigouille.com\\\/WP\\\/\",\"name\":\"Pigouille Site de Association Martine Goemoniers\",\"description\":\"Cotre Goemonier \u00e0 Landeda\",\"publisher\":{\"@id\":\"https:\\\/\\\/pigouille.com\\\/WP\\\/#organization\"},\"potentialAction\":[{\"@type\":\"SearchAction\",\"target\":{\"@type\":\"EntryPoint\",\"urlTemplate\":\"https:\\\/\\\/pigouille.com\\\/WP\\\/?s={search_term_string}\"},\"query-input\":{\"@type\":\"PropertyValueSpecification\",\"valueRequired\":true,\"valueName\":\"search_term_string\"}}],\"inLanguage\":\"fr-FR\"},{\"@type\":\"Organization\",\"@id\":\"https:\\\/\\\/pigouille.com\\\/WP\\\/#organization\",\"name\":\"Pigouille Site de Association Martine Goemoniers\",\"url\":\"https:\\\/\\\/pigouille.com\\\/WP\\\/\",\"logo\":{\"@type\":\"ImageObject\",\"inLanguage\":\"fr-FR\",\"@id\":\"https:\\\/\\\/pigouille.com\\\/WP\\\/#\\\/schema\\\/logo\\\/image\\\/\",\"url\":\"https:\\\/\\\/pigouille.com\\\/WP\\\/wp-content\\\/uploads\\\/2021\\\/03\\\/Logo_M.png\",\"contentUrl\":\"https:\\\/\\\/pigouille.com\\\/WP\\\/wp-content\\\/uploads\\\/2021\\\/03\\\/Logo_M.png\",\"width\":52,\"height\":48,\"caption\":\"Pigouille Site de Association Martine Goemoniers\"},\"image\":{\"@id\":\"https:\\\/\\\/pigouille.com\\\/WP\\\/#\\\/schema\\\/logo\\\/image\\\/\"}}]}<\/script>\n<!-- \/ Yoast SEO plugin. -->","yoast_head_json":{"title":"Passeurs de l'Aber-Beno\u00eet - Pigouille Site de Association Martine Goemoniers","robots":{"index":"index","follow":"follow","max-snippet":"max-snippet:-1","max-image-preview":"max-image-preview:large","max-video-preview":"max-video-preview:-1"},"canonical":"https:\/\/pigouille.com\/WP\/les-passeurs-de-laber-benoit\/","og_locale":"fr_FR","og_type":"article","og_title":"Passeurs de l'Aber-Beno\u00eet - Pigouille Site de Association Martine Goemoniers","og_url":"https:\/\/pigouille.com\/WP\/les-passeurs-de-laber-benoit\/","og_site_name":"Pigouille Site de Association Martine Goemoniers","article_modified_time":"2021-05-17T20:55:12+00:00","og_image":[{"url":"https:\/\/pigouille.com\/WP\/wp-content\/uploads\/2021\/03\/close5.png","type":"","width":"","height":""}],"twitter_card":"summary_large_image","twitter_misc":{"Dur\u00e9e de lecture estim\u00e9e":"4 minutes"},"schema":{"@context":"https:\/\/schema.org","@graph":[{"@type":"WebPage","@id":"https:\/\/pigouille.com\/WP\/les-passeurs-de-laber-benoit\/","url":"https:\/\/pigouille.com\/WP\/les-passeurs-de-laber-benoit\/","name":"Passeurs de l'Aber-Beno\u00eet - Pigouille Site de Association Martine Goemoniers","isPartOf":{"@id":"https:\/\/pigouille.com\/WP\/#website"},"primaryImageOfPage":{"@id":"https:\/\/pigouille.com\/WP\/les-passeurs-de-laber-benoit\/#primaryimage"},"image":{"@id":"https:\/\/pigouille.com\/WP\/les-passeurs-de-laber-benoit\/#primaryimage"},"thumbnailUrl":"https:\/\/pigouille.com\/WP\/wp-content\/uploads\/2021\/03\/close5.png","datePublished":"2021-05-17T20:23:31+00:00","dateModified":"2021-05-17T20:55:12+00:00","breadcrumb":{"@id":"https:\/\/pigouille.com\/WP\/les-passeurs-de-laber-benoit\/#breadcrumb"},"inLanguage":"fr-FR","potentialAction":[{"@type":"ReadAction","target":["https:\/\/pigouille.com\/WP\/les-passeurs-de-laber-benoit\/"]}]},{"@type":"ImageObject","inLanguage":"fr-FR","@id":"https:\/\/pigouille.com\/WP\/les-passeurs-de-laber-benoit\/#primaryimage","url":"https:\/\/pigouille.com\/WP\/wp-content\/uploads\/2021\/03\/close5.png","contentUrl":"https:\/\/pigouille.com\/WP\/wp-content\/uploads\/2021\/03\/close5.png","width":48,"height":48},{"@type":"BreadcrumbList","@id":"https:\/\/pigouille.com\/WP\/les-passeurs-de-laber-benoit\/#breadcrumb","itemListElement":[{"@type":"ListItem","position":1,"name":"Accueil","item":"https:\/\/pigouille.com\/WP\/"},{"@type":"ListItem","position":2,"name":"Passeurs de l&rsquo;Aber-Beno\u00eet"}]},{"@type":"WebSite","@id":"https:\/\/pigouille.com\/WP\/#website","url":"https:\/\/pigouille.com\/WP\/","name":"Pigouille Site de Association Martine Goemoniers","description":"Cotre Goemonier \u00e0 Landeda","publisher":{"@id":"https:\/\/pigouille.com\/WP\/#organization"},"potentialAction":[{"@type":"SearchAction","target":{"@type":"EntryPoint","urlTemplate":"https:\/\/pigouille.com\/WP\/?s={search_term_string}"},"query-input":{"@type":"PropertyValueSpecification","valueRequired":true,"valueName":"search_term_string"}}],"inLanguage":"fr-FR"},{"@type":"Organization","@id":"https:\/\/pigouille.com\/WP\/#organization","name":"Pigouille Site de Association Martine Goemoniers","url":"https:\/\/pigouille.com\/WP\/","logo":{"@type":"ImageObject","inLanguage":"fr-FR","@id":"https:\/\/pigouille.com\/WP\/#\/schema\/logo\/image\/","url":"https:\/\/pigouille.com\/WP\/wp-content\/uploads\/2021\/03\/Logo_M.png","contentUrl":"https:\/\/pigouille.com\/WP\/wp-content\/uploads\/2021\/03\/Logo_M.png","width":52,"height":48,"caption":"Pigouille Site de Association Martine Goemoniers"},"image":{"@id":"https:\/\/pigouille.com\/WP\/#\/schema\/logo\/image\/"}}]}},"_links":{"self":[{"href":"https:\/\/pigouille.com\/WP\/wp-json\/wp\/v2\/pages\/1595","targetHints":{"allow":["GET"]}}],"collection":[{"href":"https:\/\/pigouille.com\/WP\/wp-json\/wp\/v2\/pages"}],"about":[{"href":"https:\/\/pigouille.com\/WP\/wp-json\/wp\/v2\/types\/page"}],"author":[{"embeddable":true,"href":"https:\/\/pigouille.com\/WP\/wp-json\/wp\/v2\/users\/1"}],"replies":[{"embeddable":true,"href":"https:\/\/pigouille.com\/WP\/wp-json\/wp\/v2\/comments?post=1595"}],"version-history":[{"count":15,"href":"https:\/\/pigouille.com\/WP\/wp-json\/wp\/v2\/pages\/1595\/revisions"}],"predecessor-version":[{"id":1619,"href":"https:\/\/pigouille.com\/WP\/wp-json\/wp\/v2\/pages\/1595\/revisions\/1619"}],"wp:attachment":[{"href":"https:\/\/pigouille.com\/WP\/wp-json\/wp\/v2\/media?parent=1595"}],"curies":[{"name":"wp","href":"https:\/\/api.w.org\/{rel}","templated":true}]}}