{"id":15392,"date":"2024-04-20T09:46:19","date_gmt":"2024-04-20T07:46:19","guid":{"rendered":"https:\/\/pigouille.com\/WP\/?page_id=15392"},"modified":"2026-01-28T23:35:32","modified_gmt":"2026-01-28T22:35:32","slug":"accueil","status":"publish","type":"page","link":"https:\/\/pigouille.com\/WP\/","title":{"rendered":"Accueil"},"content":{"rendered":"\n<div class=\"wp-block-nextend-smartslider3\"><\/div>\n\n\n\n<div class=\"wp-block-qubely-wrapper qubely-block-d364fa\"><div class=\"qubely-block-wrapper-block \">\n<div class=\"wp-block-columns is-layout-flex wp-container-core-columns-is-layout-28f84493 wp-block-columns-is-layout-flex\">\n<div class=\"wp-block-column is-layout-flow wp-block-column-is-layout-flow\" style=\"flex-basis:40%\">\n<div class=\"wp-block-qubely-wrapper qubely-block-ff3710\"><div class=\"qubely-block-wrapper-block \">\n<p class=\"has-text-align-center has-small-font-size\"><font color=\"#b9402f\"><strong>Du nouveau sur<br>notre site<\/strong><br><\/font><strong>M\u00e0J : 28 Janvier 2026<\/strong><br><br><\/p>\n<p class=\"has-small-font-size\"><strong>\n\u2022 <a href=\"https:\/\/pigouille.com\/WP\/presse-annee-2025\/\/\">Martine \u00e0 la MONACO Classic Week 2025 pour y enseigner la GODILLE<\/a><br>\n\u2022 <a href=\"https:\/\/pigouille.com\/WP\/fete_goemoniers_plouguerneau\/\"> F\u00eate des go\u00e9moniers \u00e0 Plouguerneau le 24 Ao\u00fbt 2025\n<\/a><br>\n\u2022 <a href=\"https:\/\/pigouille.com\/WP\/diaporama-festival_horizon_08-juin-2025\/\">Festival Horizon \u00e0 l&rsquo;Aber Wrac&rsquo;h le 08 Juin 2025<\/a><br>\n\u2022 <a href=\"https:\/\/pigouille.com\/WP\/diaporama-fest-noz-le-22-fevrier-2025\/\">Fest Noz \u00e0 Landeda le 22 Fevrier 2025<\/a><br>\n\u2022 <a href=\"https:\/\/pigouille.com\/WP\/diaporama-marche-de-noel-le-24-novembre-2024\/\">Le March\u00e9 de No\u00ebl le 24 Novembre 2024<\/a>\n<strong><br> ~~~~~~~~~~~~~~~~~<br> <\/strong><strong>\n\n\u2022 <a href=\"https:\/\/pigouille.com\/WP\/fete_goemoniers_plouguerneau\/\"> F\u00eate des go\u00e9moniers \u00e0 Plouguerneau 18\/08\/2024\n<\/a><br>\n\u2022 <a href=\"https:\/\/pigouille.com\/WP\/diaporama-aber-2024-du-5-au-7-juillet-2024\/\"> Aber 2024 \u00e0 l&rsquo;Aber Wrach\n<\/a><br>\n\n\u2022 <a href=\"https:\/\/pigouille.com\/WP\/diaporama-les-de-fetes-maritimes-a-brest-et-douarnenez_juillet-2024\/\">F\u00eates Maritimes \u00e0 Brest et Douarnenez\n<\/a><br>\n\u2022 <a href=\"https:\/\/pigouille.com\/WP\/diaporama-mise-a-l-eau-martine-15_06_2024\/\">Mise \u00e0 l\u2019eau de Martine le Samedi 15 juin 2024\n<\/a><br>\n<\/div><\/div>\n\n\n\n<div class=\"wp-block-qubely-wrapper qubely-block-de90ba\"><div class=\"qubely-block-wrapper-block \"><\/div><\/div>\n\n\n\n<div class=\"wp-block-qubely-wrapper qubely-block-0c3394\"><div class=\"qubely-block-wrapper-block \">\n<p class=\"has-text-align-center\" style=\"font-size:15px\"><strong><font color=\"#b9402f\">Acc\u00e9dez \u00e0 votre espace membre<\/font><\/strong><br><strong><a href=\"https:\/\/pigouille.com\/WP\/espace-membres\/\" data-type=\"page\" data-id=\"3379\">en cliquant ici<\/a><\/strong><\/p>\n<\/div><\/div>\n\n\n\n<div class=\"wp-block-qubely-wrapper qubely-block-9ec91f\"><div class=\"qubely-block-wrapper-block \"><\/div><\/div>\n\n\n\n<div class=\"wp-block-qubely-wrapper qubely-block-af0d03\"><div class=\"qubely-block-wrapper-block \"><\/div><\/div>\n\n\n\n<div class=\"wp-block-qubely-wrapper qubely-block-c189fc\"><div class=\"qubely-block-wrapper-block \">\n<h5 class=\"wp-block-heading has-text-align-center\"><strong><font color=\"#b9402f\">CONTACT<\/font><\/strong><\/h5>\n\n\n\n<p class=\"has-text-align-center\"><a href=\"https:\/\/pigouille.com\/WP\/formulaire-de-contact\/\"><strong>Envoyez nous un message<\/strong><\/a><br><\/p>\n\n\n\n<div class=\"wp-block-columns is-layout-flex wp-container-core-columns-is-layout-28f84493 wp-block-columns-is-layout-flex\">\n<div class=\"wp-block-column is-layout-flow wp-block-column-is-layout-flow\" style=\"flex-basis:15%\"><\/div>\n\n\n\n<div class=\"wp-block-column is-layout-flow wp-block-column-is-layout-flow\" style=\"flex-basis:70%\">\n<figure class=\"wp-block-image size-full\"><img loading=\"lazy\" decoding=\"async\" width=\"137\" height=\"18\" src=\"https:\/\/pigouille.com\/WP\/wp-content\/uploads\/2025\/04\/Tel-Francoise.jpg\" alt=\"\" class=\"wp-image-18088\"\/><\/figure>\n<\/div>\n\n\n\n<div class=\"wp-block-column is-layout-flow wp-block-column-is-layout-flow\" style=\"flex-basis:15%\"><\/div>\n<\/div>\n<\/div><\/div>\n\n\n\n<div class=\"wp-block-qubely-wrapper qubely-block-50e4bd\"><div class=\"qubely-block-wrapper-block \"><\/div><\/div>\n\n\n\n<div class=\"wp-block-qubely-wrapper qubely-block-c49e1b\"><div class=\"qubely-block-wrapper-block \">\n<p class=\"has-text-align-left has-small-font-size\"><strong><a href=\"http:\/\/www.meteofrance.com\/previsions-meteo-france\/landeda\/29870\"><strong>\u2022 La m\u00e9t\u00e9o \u00e0 Landeda<\/strong><\/a><br><a href=\"http:\/\/www.windguru.cz\/fr\/index.php?sc=48440\"><strong>\u2022 WINDGURU : M\u00e9t\u00e9o<br>marine \u00e0 l&rsquo;Aber Wrac&rsquo;h<\/strong><\/a><br><a href=\"https:\/\/www.ventusky.com\/?lang=fr\"><strong>\u2022 VENTUSKY : Carte de pr\u00e9vision m\u00e9t\u00e9o<\/strong><\/a><br><a href=\"http:\/\/maree.info\/74\"><strong>\u2022 Horaire des mar\u00e9es<\/strong><\/a><br><a href=\"http:\/\/www.visugpx.com\/editgpx\/\"><strong>\u2022 Plusieurs choix de cartes. Un onglet se d\u00e9ploie en cliquant \u00e0 droite sur<br>\u00ab\u00a0Cartes\u00a0\u00bb<\/strong><\/a><\/p>\n<p class=\"has-small-font-size\"><a href=\"http:\/\/www.geoportail.gouv.fr\/accueil?c=-4.613415264648437,48.61230391762653&amp;z=0.00008583068847489914&amp;l=ORTHOIMAGERY.ORTHOPHOTOS::GEOPORTAIL:OGC:WMTS%281%29&amp;l=Ifremer%20-%20Oc%C3%A9an%20Indien%281%29&amp;l=GEOGRAPHICALGRIDSYSTEMS.COASTALMAPS::GEOPORTAIL:OGC:WMTS%281%29&amp;permalink=yes\"><strong>\u2022 Le portail des territoires et des citoyens-GEOPORTAIL<\/strong><\/a><br><\/p>\n<\/div><\/div>\n<\/div>\n\n\n\n<div class=\"wp-block-column is-layout-flow wp-block-column-is-layout-flow\" style=\"flex-basis:60%\">\n<div class=\"wp-block-qubely-wrapper qubely-block-733d87\"><div class=\"qubely-block-wrapper-block \">\n<div class=\"wp-block-columns is-layout-flex wp-container-core-columns-is-layout-a452a019 wp-block-columns-is-layout-flex\" style=\"padding-right:0;padding-left:0\">\n<div class=\"wp-block-column is-layout-flow wp-block-column-is-layout-flow\" style=\"flex-basis:80%\">\n<p><\/p>\n\n\n\n<p><\/p>\n\n\n\n<h3 class=\"wp-block-heading has-text-align-center\"><br>Bienvenue sur<\/h3>\n\n\n\n<h3 class=\"wp-block-heading has-text-align-center\">le site de l&rsquo;association Martine<\/h3>\n\n\n\n<p class=\"has-text-align-center\"><br><strong>Martine est un cotre go\u00e9monier construit en 1971<\/strong><\/p>\n\n\n\n<p><br><\/p>\n\n\n\n<p class=\"has-text-align-center\"><strong><span style=\"color: #b9402f;\" data=\"#b9402f\" class=\"qubely-text-has-color\">L\u2019association MARTINE cr\u00e9\u00e9e en 2002 a pour but de<br>Sauvegarder et de mettre en valeur le patrimoine maritime et culturel <\/span><\/strong><\/p>\n\n\n\n<p class=\"has-text-align-center\"><strong><span style=\"color: #b9402f;\" data=\"#b9402f\" class=\"qubely-text-has-color\">des Abers<\/span>.<\/strong><\/p>\n\n\n\n<p class=\"has-text-align-center\"><strong><span style=\"color: #b9402f;\" data=\"#b9402f\" class=\"qubely-text-has-color\">En octobre 2013, Martine a obtenu le label<br><a href=\"http:\/\/www.patrimoine-maritime-fluvial.org\/navires-du-patrimoine\/navires-bip-search\/martine\/\" target=\"_blank\" rel=\"noreferrer noopener\">Bateau d\u2019Int\u00e9r\u00eat Patrimonial<\/a><br>d\u00e9livr\u00e9 par la Fondation du Patrimoine Maritime et Fluvial.<\/span><\/strong><br><br><\/p>\n\n\n\n<div class=\"wp-block-columns is-layout-flex wp-container-core-columns-is-layout-28f84493 wp-block-columns-is-layout-flex\">\n<div class=\"wp-block-column is-layout-flow wp-block-column-is-layout-flow\" style=\"flex-basis:20%\"><\/div>\n\n\n\n<div class=\"wp-block-column is-layout-flow wp-block-column-is-layout-flow\" style=\"flex-basis:60%\">\n<figure class=\"wp-block-video\"><video height=\"480\" style=\"aspect-ratio: 854 \/ 480;\" width=\"854\" controls src=\"https:\/\/pigouille.com\/WP\/wp-content\/uploads\/2021\/05\/FILM_goemonier_MARTINE.mp4\"><\/video><\/figure>\n<\/div>\n\n\n\n<div class=\"wp-block-column is-layout-flow wp-block-column-is-layout-flow\" style=\"flex-basis:20%\"><\/div>\n<\/div>\n\n\n\n<p class=\"has-text-align-center\"><br><strong><em>Dans le sillage de nos anc\u00eatres pour faire vivre des savoir-faire marins<\/em><\/strong><\/p>\n\n\n\n<p class=\"has-text-align-center\"><strong><em>DEGEMER MAT E BOURZH !<br>Bienvenue \u00e0 bord !<\/em><\/strong><\/p>\n<\/div>\n\n\n\n<div class=\"wp-block-column is-layout-flow wp-block-column-is-layout-flow\" style=\"flex-basis:20%\">\n<div class=\"wp-block-columns is-layout-flex wp-container-core-columns-is-layout-28f84493 wp-block-columns-is-layout-flex\">\n<div class=\"wp-block-column is-layout-flow wp-block-column-is-layout-flow\">\n<figure class=\"wp-block-image size-full\"><img loading=\"lazy\" decoding=\"async\" width=\"326\" height=\"522\" src=\"https:\/\/pigouille.com\/WP\/wp-content\/uploads\/2025\/06\/Fest-Deiz-Marin.jpg\" alt=\"\" class=\"wp-image-18525\" srcset=\"https:\/\/pigouille.com\/WP\/wp-content\/uploads\/2025\/06\/Fest-Deiz-Marin.jpg 326w, https:\/\/pigouille.com\/WP\/wp-content\/uploads\/2025\/06\/Fest-Deiz-Marin-187x300.jpg 187w\" sizes=\"auto, (max-width: 326px) 100vw, 326px\" \/><\/figure>\n<\/div>\n<\/div>\n\n\n\n<div class=\"wp-block-qubely-wrapper qubely-block-be65f8\"><div class=\"qubely-block-wrapper-block \">\n<h6 class=\"wp-block-heading has-text-align-center\"><strong>Participation  de Martine au Fest Deiz Marin le 14 Juillet 2025.<\/strong><\/h6>\n<\/div><\/div>\n\n\n\n<div class=\"wp-block-columns is-layout-flex wp-container-core-columns-is-layout-28f84493 wp-block-columns-is-layout-flex\">\n<div class=\"wp-block-column is-layout-flow wp-block-column-is-layout-flow\">\n<figure class=\"wp-block-image size-full\"><img loading=\"lazy\" decoding=\"async\" width=\"263\" height=\"142\" src=\"https:\/\/pigouille.com\/WP\/wp-content\/uploads\/2024\/04\/1-Label-BIP-Martine-1.jpg\" alt=\"\" class=\"wp-image-15476\"\/><\/figure>\n<\/div>\n<\/div>\n\n\n\n<div class=\"wp-block-qubely-wrapper qubely-block-410c23\"><div class=\"qubely-block-wrapper-block \">\n<p class=\"has-text-align-left has-small-font-size\">\u2022 <strong><font color=\"#b9402f\"> Le 20 F\u00e9vrier 2019, l&rsquo;association a \u00e9t\u00e9 reconnue d\u2019<strong>INTERET GENERAL<\/strong> et \u00e0 ce titre elle est habilit\u00e9e \u00e0 d\u00e9livrer des re\u00e7us fiscaux.<br><em>Article 200 et 238 bis du CGI<\/em><\/font><\/strong><\/p>\n<\/div><\/div>\n\n\n\n<div class=\"wp-block-columns is-layout-flex wp-container-core-columns-is-layout-28f84493 wp-block-columns-is-layout-flex\">\n<div class=\"wp-block-column is-layout-flow wp-block-column-is-layout-flow\" style=\"flex-basis:100%\"><\/div>\n<\/div>\n\n\n\n<div class=\"wp-block-columns is-layout-flex wp-container-core-columns-is-layout-28f84493 wp-block-columns-is-layout-flex\">\n<div class=\"wp-block-column is-layout-flow wp-block-column-is-layout-flow\">\n<figure class=\"wp-block-image size-full\"><img loading=\"lazy\" decoding=\"async\" width=\"567\" height=\"608\" src=\"https:\/\/pigouille.com\/WP\/wp-content\/uploads\/2021\/05\/logo-Martine.png\" alt=\"\" class=\"wp-image-662\" srcset=\"https:\/\/pigouille.com\/WP\/wp-content\/uploads\/2021\/05\/logo-Martine.png 567w, https:\/\/pigouille.com\/WP\/wp-content\/uploads\/2021\/05\/logo-Martine-280x300.png 280w\" sizes=\"auto, (max-width: 567px) 100vw, 567px\" \/><\/figure>\n<\/div>\n<\/div>\n<\/div>\n<\/div>\n<\/div><\/div>\n<\/div>\n<\/div>\n<\/div><\/div>\n","protected":false},"excerpt":{"rendered":"","protected":false},"author":1,"featured_media":0,"parent":0,"menu_order":0,"comment_status":"closed","ping_status":"closed","template":"","meta":{"qubely_global_settings":"","qubely_interactions":"","footnotes":""},"class_list":["post-15392","page","type-page","status-publish","hentry"],"blocksy_meta":[],"yoast_head":"<!-- This site is optimized with the Yoast SEO plugin v27.3 - https:\/\/yoast.com\/product\/yoast-seo-wordpress\/ -->\n<title>Accueil - Pigouille Site de Association Martine Goemoniers<\/title>\n<meta name=\"robots\" content=\"index, follow, max-snippet:-1, max-image-preview:large, max-video-preview:-1\" \/>\n<link rel=\"canonical\" href=\"https:\/\/pigouille.com\/WP\/\" \/>\n<meta property=\"og:locale\" content=\"fr_FR\" \/>\n<meta property=\"og:type\" content=\"article\" \/>\n<meta property=\"og:title\" content=\"Accueil - Pigouille Site de Association Martine Goemoniers\" \/>\n<meta property=\"og:url\" content=\"https:\/\/pigouille.com\/WP\/\" \/>\n<meta property=\"og:site_name\" content=\"Pigouille Site de Association Martine Goemoniers\" \/>\n<meta property=\"article:modified_time\" content=\"2026-01-28T22:35:32+00:00\" \/>\n<meta property=\"og:image\" content=\"https:\/\/pigouille.com\/WP\/wp-content\/uploads\/2025\/04\/Tel-Francoise.jpg\" \/>\n<meta name=\"twitter:card\" content=\"summary_large_image\" \/>\n<meta name=\"twitter:label1\" content=\"Dur\u00e9e de lecture estim\u00e9e\" \/>\n\t<meta name=\"twitter:data1\" content=\"3 minutes\" \/>\n<script type=\"application\/ld+json\" class=\"yoast-schema-graph\">{\"@context\":\"https:\\\/\\\/schema.org\",\"@graph\":[{\"@type\":\"WebPage\",\"@id\":\"https:\\\/\\\/pigouille.com\\\/WP\\\/\",\"url\":\"https:\\\/\\\/pigouille.com\\\/WP\\\/\",\"name\":\"Accueil - Pigouille Site de Association Martine Goemoniers\",\"isPartOf\":{\"@id\":\"https:\\\/\\\/pigouille.com\\\/WP\\\/#website\"},\"primaryImageOfPage\":{\"@id\":\"https:\\\/\\\/pigouille.com\\\/WP\\\/#primaryimage\"},\"image\":{\"@id\":\"https:\\\/\\\/pigouille.com\\\/WP\\\/#primaryimage\"},\"thumbnailUrl\":\"https:\\\/\\\/pigouille.com\\\/WP\\\/wp-content\\\/uploads\\\/2025\\\/04\\\/Tel-Francoise.jpg\",\"datePublished\":\"2024-04-20T07:46:19+00:00\",\"dateModified\":\"2026-01-28T22:35:32+00:00\",\"breadcrumb\":{\"@id\":\"https:\\\/\\\/pigouille.com\\\/WP\\\/#breadcrumb\"},\"inLanguage\":\"fr-FR\",\"potentialAction\":[{\"@type\":\"ReadAction\",\"target\":[\"https:\\\/\\\/pigouille.com\\\/WP\\\/\"]}]},{\"@type\":\"ImageObject\",\"inLanguage\":\"fr-FR\",\"@id\":\"https:\\\/\\\/pigouille.com\\\/WP\\\/#primaryimage\",\"url\":\"https:\\\/\\\/pigouille.com\\\/WP\\\/wp-content\\\/uploads\\\/2025\\\/04\\\/Tel-Francoise.jpg\",\"contentUrl\":\"https:\\\/\\\/pigouille.com\\\/WP\\\/wp-content\\\/uploads\\\/2025\\\/04\\\/Tel-Francoise.jpg\",\"width\":137,\"height\":18},{\"@type\":\"BreadcrumbList\",\"@id\":\"https:\\\/\\\/pigouille.com\\\/WP\\\/#breadcrumb\",\"itemListElement\":[{\"@type\":\"ListItem\",\"position\":1,\"name\":\"Accueil\",\"item\":\"https:\\\/\\\/pigouille.com\\\/WP\\\/\"},{\"@type\":\"ListItem\",\"position\":2,\"name\":\"Accueil\"}]},{\"@type\":\"WebSite\",\"@id\":\"https:\\\/\\\/pigouille.com\\\/WP\\\/#website\",\"url\":\"https:\\\/\\\/pigouille.com\\\/WP\\\/\",\"name\":\"Pigouille Site de Association Martine Goemoniers\",\"description\":\"Cotre Goemonier \u00e0 Landeda\",\"publisher\":{\"@id\":\"https:\\\/\\\/pigouille.com\\\/WP\\\/#organization\"},\"potentialAction\":[{\"@type\":\"SearchAction\",\"target\":{\"@type\":\"EntryPoint\",\"urlTemplate\":\"https:\\\/\\\/pigouille.com\\\/WP\\\/?s={search_term_string}\"},\"query-input\":{\"@type\":\"PropertyValueSpecification\",\"valueRequired\":true,\"valueName\":\"search_term_string\"}}],\"inLanguage\":\"fr-FR\"},{\"@type\":\"Organization\",\"@id\":\"https:\\\/\\\/pigouille.com\\\/WP\\\/#organization\",\"name\":\"Pigouille Site de Association Martine Goemoniers\",\"url\":\"https:\\\/\\\/pigouille.com\\\/WP\\\/\",\"logo\":{\"@type\":\"ImageObject\",\"inLanguage\":\"fr-FR\",\"@id\":\"https:\\\/\\\/pigouille.com\\\/WP\\\/#\\\/schema\\\/logo\\\/image\\\/\",\"url\":\"https:\\\/\\\/pigouille.com\\\/WP\\\/wp-content\\\/uploads\\\/2021\\\/03\\\/Logo_M.png\",\"contentUrl\":\"https:\\\/\\\/pigouille.com\\\/WP\\\/wp-content\\\/uploads\\\/2021\\\/03\\\/Logo_M.png\",\"width\":52,\"height\":48,\"caption\":\"Pigouille Site de Association Martine Goemoniers\"},\"image\":{\"@id\":\"https:\\\/\\\/pigouille.com\\\/WP\\\/#\\\/schema\\\/logo\\\/image\\\/\"}}]}<\/script>\n<!-- \/ Yoast SEO plugin. -->","yoast_head_json":{"title":"Accueil - Pigouille Site de Association Martine Goemoniers","robots":{"index":"index","follow":"follow","max-snippet":"max-snippet:-1","max-image-preview":"max-image-preview:large","max-video-preview":"max-video-preview:-1"},"canonical":"https:\/\/pigouille.com\/WP\/","og_locale":"fr_FR","og_type":"article","og_title":"Accueil - Pigouille Site de Association Martine Goemoniers","og_url":"https:\/\/pigouille.com\/WP\/","og_site_name":"Pigouille Site de Association Martine Goemoniers","article_modified_time":"2026-01-28T22:35:32+00:00","og_image":[{"url":"https:\/\/pigouille.com\/WP\/wp-content\/uploads\/2025\/04\/Tel-Francoise.jpg","type":"","width":"","height":""}],"twitter_card":"summary_large_image","twitter_misc":{"Dur\u00e9e de lecture estim\u00e9e":"3 minutes"},"schema":{"@context":"https:\/\/schema.org","@graph":[{"@type":"WebPage","@id":"https:\/\/pigouille.com\/WP\/","url":"https:\/\/pigouille.com\/WP\/","name":"Accueil - Pigouille Site de Association Martine Goemoniers","isPartOf":{"@id":"https:\/\/pigouille.com\/WP\/#website"},"primaryImageOfPage":{"@id":"https:\/\/pigouille.com\/WP\/#primaryimage"},"image":{"@id":"https:\/\/pigouille.com\/WP\/#primaryimage"},"thumbnailUrl":"https:\/\/pigouille.com\/WP\/wp-content\/uploads\/2025\/04\/Tel-Francoise.jpg","datePublished":"2024-04-20T07:46:19+00:00","dateModified":"2026-01-28T22:35:32+00:00","breadcrumb":{"@id":"https:\/\/pigouille.com\/WP\/#breadcrumb"},"inLanguage":"fr-FR","potentialAction":[{"@type":"ReadAction","target":["https:\/\/pigouille.com\/WP\/"]}]},{"@type":"ImageObject","inLanguage":"fr-FR","@id":"https:\/\/pigouille.com\/WP\/#primaryimage","url":"https:\/\/pigouille.com\/WP\/wp-content\/uploads\/2025\/04\/Tel-Francoise.jpg","contentUrl":"https:\/\/pigouille.com\/WP\/wp-content\/uploads\/2025\/04\/Tel-Francoise.jpg","width":137,"height":18},{"@type":"BreadcrumbList","@id":"https:\/\/pigouille.com\/WP\/#breadcrumb","itemListElement":[{"@type":"ListItem","position":1,"name":"Accueil","item":"https:\/\/pigouille.com\/WP\/"},{"@type":"ListItem","position":2,"name":"Accueil"}]},{"@type":"WebSite","@id":"https:\/\/pigouille.com\/WP\/#website","url":"https:\/\/pigouille.com\/WP\/","name":"Pigouille Site de Association Martine Goemoniers","description":"Cotre Goemonier \u00e0 Landeda","publisher":{"@id":"https:\/\/pigouille.com\/WP\/#organization"},"potentialAction":[{"@type":"SearchAction","target":{"@type":"EntryPoint","urlTemplate":"https:\/\/pigouille.com\/WP\/?s={search_term_string}"},"query-input":{"@type":"PropertyValueSpecification","valueRequired":true,"valueName":"search_term_string"}}],"inLanguage":"fr-FR"},{"@type":"Organization","@id":"https:\/\/pigouille.com\/WP\/#organization","name":"Pigouille Site de Association Martine Goemoniers","url":"https:\/\/pigouille.com\/WP\/","logo":{"@type":"ImageObject","inLanguage":"fr-FR","@id":"https:\/\/pigouille.com\/WP\/#\/schema\/logo\/image\/","url":"https:\/\/pigouille.com\/WP\/wp-content\/uploads\/2021\/03\/Logo_M.png","contentUrl":"https:\/\/pigouille.com\/WP\/wp-content\/uploads\/2021\/03\/Logo_M.png","width":52,"height":48,"caption":"Pigouille Site de Association Martine Goemoniers"},"image":{"@id":"https:\/\/pigouille.com\/WP\/#\/schema\/logo\/image\/"}}]}},"_links":{"self":[{"href":"https:\/\/pigouille.com\/WP\/wp-json\/wp\/v2\/pages\/15392","targetHints":{"allow":["GET"]}}],"collection":[{"href":"https:\/\/pigouille.com\/WP\/wp-json\/wp\/v2\/pages"}],"about":[{"href":"https:\/\/pigouille.com\/WP\/wp-json\/wp\/v2\/types\/page"}],"author":[{"embeddable":true,"href":"https:\/\/pigouille.com\/WP\/wp-json\/wp\/v2\/users\/1"}],"replies":[{"embeddable":true,"href":"https:\/\/pigouille.com\/WP\/wp-json\/wp\/v2\/comments?post=15392"}],"version-history":[{"count":186,"href":"https:\/\/pigouille.com\/WP\/wp-json\/wp\/v2\/pages\/15392\/revisions"}],"predecessor-version":[{"id":19639,"href":"https:\/\/pigouille.com\/WP\/wp-json\/wp\/v2\/pages\/15392\/revisions\/19639"}],"wp:attachment":[{"href":"https:\/\/pigouille.com\/WP\/wp-json\/wp\/v2\/media?parent=15392"}],"curies":[{"name":"wp","href":"https:\/\/api.w.org\/{rel}","templated":true}]}}