{"id":12037,"date":"2023-02-09T00:22:24","date_gmt":"2023-02-08T23:22:24","guid":{"rendered":"https:\/\/pigouille.com\/WP\/diaporama-hivernage-jean-rene-2022-2\/"},"modified":"2024-04-20T10:05:06","modified_gmt":"2024-04-20T08:05:06","slug":"diaporama-martine_fatiguee","status":"publish","type":"page","link":"https:\/\/pigouille.com\/WP\/diaporama-martine_fatiguee\/","title":{"rendered":"DIAPORAMA : Martine fatigu\u00e9e"},"content":{"rendered":"\n<div class=\"wp-block-qubely-wrapper qubely-block-4a6356\"><div class=\"qubely-block-wrapper-block \">\n<div class=\"wp-block-columns is-layout-flex wp-container-core-columns-is-layout-28f84493 wp-block-columns-is-layout-flex\">\n<div class=\"wp-block-column is-layout-flow wp-block-column-is-layout-flow\" style=\"flex-basis:90%\">\n<p style=\"font-size:clamp(18.959px, 1.185rem + ((1vw - 3.2px) * 0.863), 30px);\"><strong><font color=\"#b9402f\">DIAPORAMA<\/font> : Mauvaise nouvelle lors du chantier du 18 d\u00e9cembre 2022 : Martine est bien fatigu\u00e9e <\/strong><\/p>\n<\/div>\n\n\n\n<div class=\"wp-block-column is-layout-flow wp-block-column-is-layout-flow\" style=\"flex-basis:10%\">\n<figure class=\"wp-block-image is-resized\"><a href=\"javascript:history.back()\"><img loading=\"lazy\" decoding=\"async\" width=\"48\" height=\"48\" src=\"https:\/\/pigouille.com\/WP\/wp-content\/uploads\/2021\/03\/close5.png\" alt=\"Retour \u00e0 la page pr\u00e9c\u00e9dente\" class=\"wp-image-18\" style=\"width:30px;height:30px\" title=\"Retour \u00e0 la page pr\u00e9c\u00e9dente\"\/><\/a><\/figure>\n<\/div>\n<\/div>\n<\/div><\/div>\n\n\n\n<div class=\"wp-block-qubely-wrapper qubely-block-10724f\"><div class=\"qubely-block-wrapper-block \">\n<p class=\"has-text-align-center\" style=\"font-size:clamp(14px, 0.875rem + ((1vw - 3.2px) * 0.313), 18px);\"><\/p>\n\n\n\n<p><strong>MARTINE a connu une premi\u00e8re grosse remise en \u00e9tat en 2002. Ces travaux concernaient surtout les \u0153uvres mortes. Aujourd\u2019hui, apr\u00e8s 50 ans de navigation, c\u2019est une partie des \u0153uvres vives qui est touch\u00e9e.<br><br>Il faut remplacer principalement :<\/strong><\/p>\n\n\n\n<figure class=\"wp-block-table\"><table><tbody><tr><td>Une grande partie des membrures &nbsp;&nbsp;<br>2 bord\u00e9s d\u2019\u00e9chouage et 4 bord\u00e9s avec \u00e9tuvage<br>L\u2019\u00e9tambot<br>Inspecter la coque<br>Mat\u00e9riaux<\/td><td>6000\u20ac<br>2500\u20ac<br>2000\u20ac<br>1500\u20ac<br>5000\u20ac<\/td><\/tr><\/tbody><\/table><\/figure>\n\n\n\n<p><em><strong>Membrure et \u00e9tambot<\/strong> font partie du squelette du bateau, les <strong>bord\u00e9es&nbsp;<\/strong>quant \u00e0 elles font partie de son habillage.<\/em><br><strong>Ces travaux demandent donc la mise \u00e0 nu de la coque<\/strong>.<\/p>\n\n\n\n<div class=\"wp-block-columns is-layout-flex wp-container-core-columns-is-layout-28f84493 wp-block-columns-is-layout-flex\">\n<div class=\"wp-block-column is-layout-flow wp-block-column-is-layout-flow\"><\/div>\n<\/div>\n\n\n\n<p><\/p>\n\n\n\n<p><\/p>\n\n\n\n<h5 class=\"wp-block-heading has-text-align-center\"><strong>En positionnant la souris sur une image vous en arr\u00eaterez le d\u00e9filement<br>Vous pouvez \u00e9galement laisser la souris sur l&rsquo;image et utiliser les fl\u00e8ches \u00e0 droite (ou \u00e0 gauche) de la photo pour faire avancer (ou reculer) le diaporama<\/strong><\/h5>\n\n\n\n<p class=\"has-text-align-center\" style=\"font-size:clamp(14px, 0.875rem + ((1vw - 3.2px) * 0.313), 18px);\"><br><br><\/p>\n\n\n<div class=\"n2-section-smartslider fitvidsignore  n2_clear\" data-ssid=\"171\"><div id=\"n2-ss-171-align\" class=\"n2-ss-align\"><div class=\"n2-padding\"><div id=\"n2-ss-171\" data-creator=\"Smart Slider 3\" data-responsive=\"auto\" class=\"n2-ss-slider n2-ow n2-has-hover n2notransition  \"><div class=\"n2-ss-slider-wrapper-inside\">\n        <div class=\"n2-ss-slider-1 n2_ss__touch_element n2-ow\">\n            <div class=\"n2-ss-slider-2 n2-ow\">\n                                                <div class=\"n2-ss-slider-3 n2-ow\">\n\n                    <div class=\"n2-ss-slide-backgrounds n2-ow-all\"><div class=\"n2-ss-slide-background\" data-public-id=\"1\" data-mode=\"fill\"><div class=\"n2-ss-slide-background-image\" data-blur=\"0\" data-opacity=\"100\" data-x=\"50\" data-y=\"50\" data-alt=\"\" data-title=\"\"><picture class=\"skip-lazy\" data-skip-lazy=\"1\"><img decoding=\"async\" src=\"\/\/pigouille.com\/WP\/wp-content\/uploads\/2023\/02\/IMG_1001.jpg\" alt=\"\" title=\"\" loading=\"lazy\" class=\"skip-lazy\" data-skip-lazy=\"1\"><\/picture><\/div><div data-color=\"RGBA(255,255,255,0)\" style=\"background-color: RGBA(255,255,255,0);\" class=\"n2-ss-slide-background-color\"><\/div><\/div><div class=\"n2-ss-slide-background\" data-public-id=\"2\" data-mode=\"fill\" aria-hidden=\"true\"><div class=\"n2-ss-slide-background-image\" data-blur=\"0\" data-opacity=\"100\" data-x=\"50\" data-y=\"50\" data-alt=\"\" data-title=\"\"><picture class=\"skip-lazy\" data-skip-lazy=\"1\"><img decoding=\"async\" src=\"\/\/pigouille.com\/WP\/wp-content\/uploads\/2023\/02\/IMG_1005.jpg\" alt=\"\" title=\"\" loading=\"lazy\" class=\"skip-lazy\" data-skip-lazy=\"1\"><\/picture><\/div><div data-color=\"RGBA(255,255,255,0)\" style=\"background-color: RGBA(255,255,255,0);\" class=\"n2-ss-slide-background-color\"><\/div><\/div><div class=\"n2-ss-slide-background\" data-public-id=\"3\" data-mode=\"fill\" aria-hidden=\"true\"><div class=\"n2-ss-slide-background-image\" data-blur=\"0\" data-opacity=\"100\" data-x=\"50\" data-y=\"50\" data-alt=\"\" data-title=\"\"><picture class=\"skip-lazy\" data-skip-lazy=\"1\"><img decoding=\"async\" src=\"\/\/pigouille.com\/WP\/wp-content\/uploads\/2023\/02\/IMG_1006.jpg\" alt=\"\" title=\"\" loading=\"lazy\" class=\"skip-lazy\" data-skip-lazy=\"1\"><\/picture><\/div><div data-color=\"RGBA(255,255,255,0)\" style=\"background-color: RGBA(255,255,255,0);\" class=\"n2-ss-slide-background-color\"><\/div><\/div><div class=\"n2-ss-slide-background\" data-public-id=\"4\" data-mode=\"fill\" aria-hidden=\"true\"><div class=\"n2-ss-slide-background-image\" data-blur=\"0\" data-opacity=\"100\" data-x=\"50\" data-y=\"50\" data-alt=\"\" data-title=\"\"><picture class=\"skip-lazy\" data-skip-lazy=\"1\"><img decoding=\"async\" src=\"\/\/pigouille.com\/WP\/wp-content\/uploads\/2023\/02\/IMG_1007.jpg\" alt=\"\" title=\"\" loading=\"lazy\" class=\"skip-lazy\" data-skip-lazy=\"1\"><\/picture><\/div><div data-color=\"RGBA(255,255,255,0)\" style=\"background-color: RGBA(255,255,255,0);\" class=\"n2-ss-slide-background-color\"><\/div><\/div><div class=\"n2-ss-slide-background\" data-public-id=\"5\" data-mode=\"fill\" aria-hidden=\"true\"><div class=\"n2-ss-slide-background-image\" data-blur=\"0\" data-opacity=\"100\" data-x=\"50\" data-y=\"50\" data-alt=\"\" data-title=\"\"><picture class=\"skip-lazy\" data-skip-lazy=\"1\"><img decoding=\"async\" src=\"\/\/pigouille.com\/WP\/wp-content\/uploads\/2023\/02\/IMG_2012.jpg\" alt=\"\" title=\"\" loading=\"lazy\" class=\"skip-lazy\" data-skip-lazy=\"1\"><\/picture><\/div><div data-color=\"RGBA(255,255,255,0)\" style=\"background-color: RGBA(255,255,255,0);\" class=\"n2-ss-slide-background-color\"><\/div><\/div><div class=\"n2-ss-slide-background\" data-public-id=\"6\" data-mode=\"fill\" aria-hidden=\"true\"><div class=\"n2-ss-slide-background-image\" data-blur=\"0\" data-opacity=\"100\" data-x=\"50\" data-y=\"50\" data-alt=\"\" data-title=\"\"><picture class=\"skip-lazy\" data-skip-lazy=\"1\"><img decoding=\"async\" src=\"\/\/pigouille.com\/WP\/wp-content\/uploads\/2023\/02\/IMG_2024.jpg\" alt=\"\" title=\"\" loading=\"lazy\" class=\"skip-lazy\" data-skip-lazy=\"1\"><\/picture><\/div><div data-color=\"RGBA(255,255,255,0)\" style=\"background-color: RGBA(255,255,255,0);\" class=\"n2-ss-slide-background-color\"><\/div><\/div><div class=\"n2-ss-slide-background\" data-public-id=\"7\" data-mode=\"fill\" aria-hidden=\"true\"><div class=\"n2-ss-slide-background-image\" data-blur=\"0\" data-opacity=\"100\" data-x=\"50\" data-y=\"50\" data-alt=\"\" data-title=\"\"><picture class=\"skip-lazy\" data-skip-lazy=\"1\"><img decoding=\"async\" src=\"\/\/pigouille.com\/WP\/wp-content\/uploads\/2023\/02\/IMG_2025.jpg\" alt=\"\" title=\"\" loading=\"lazy\" class=\"skip-lazy\" data-skip-lazy=\"1\"><\/picture><\/div><div data-color=\"RGBA(255,255,255,0)\" style=\"background-color: RGBA(255,255,255,0);\" class=\"n2-ss-slide-background-color\"><\/div><\/div><div class=\"n2-ss-slide-background\" data-public-id=\"8\" data-mode=\"fill\" aria-hidden=\"true\"><div class=\"n2-ss-slide-background-image\" data-blur=\"0\" data-opacity=\"100\" data-x=\"50\" data-y=\"50\" data-alt=\"\" data-title=\"\"><picture class=\"skip-lazy\" data-skip-lazy=\"1\"><img decoding=\"async\" src=\"\/\/pigouille.com\/WP\/wp-content\/uploads\/2023\/02\/IMG_2027.jpg\" alt=\"\" title=\"\" loading=\"lazy\" class=\"skip-lazy\" data-skip-lazy=\"1\"><\/picture><\/div><div data-color=\"RGBA(255,255,255,0)\" style=\"background-color: RGBA(255,255,255,0);\" class=\"n2-ss-slide-background-color\"><\/div><\/div><\/div>                    <div class=\"n2-ss-slider-4 n2-ow\">\n                        <svg xmlns=\"http:\/\/www.w3.org\/2000\/svg\" viewBox=\"0 0 900 600\" data-related-device=\"desktopPortrait\" class=\"n2-ow n2-ss-preserve-size n2-ss-preserve-size--slider n2-ss-slide-limiter\"><\/svg><div data-first=\"1\" data-slide-duration=\"0\" data-id=\"6619\" data-slide-public-id=\"1\" data-title=\"IMG_1001\" class=\"n2-ss-slide n2-ow  n2-ss-slide-6619\"><div role=\"note\" class=\"n2-ss-slide--focus\" tabindex=\"-1\">IMG_1001<\/div><div class=\"n2-ss-layers-container n2-ss-slide-limiter n2-ow\"><div class=\"n2-ss-layer n2-ow n-uc-xg077152l78H\" data-sstype=\"slide\" data-pm=\"default\"><\/div><\/div><\/div><div data-slide-duration=\"0\" data-id=\"6620\" data-slide-public-id=\"2\" aria-hidden=\"true\" data-title=\"IMG_1005\" class=\"n2-ss-slide n2-ow  n2-ss-slide-6620\"><div role=\"note\" class=\"n2-ss-slide--focus\" tabindex=\"-1\">IMG_1005<\/div><div class=\"n2-ss-layers-container n2-ss-slide-limiter n2-ow\"><div class=\"n2-ss-layer n2-ow n-uc-iWFEWq870ZPn\" data-sstype=\"slide\" data-pm=\"default\"><\/div><\/div><\/div><div data-slide-duration=\"0\" data-id=\"6621\" data-slide-public-id=\"3\" aria-hidden=\"true\" data-title=\"IMG_1006\" class=\"n2-ss-slide n2-ow  n2-ss-slide-6621\"><div role=\"note\" class=\"n2-ss-slide--focus\" tabindex=\"-1\">IMG_1006<\/div><div class=\"n2-ss-layers-container n2-ss-slide-limiter n2-ow\"><div class=\"n2-ss-layer n2-ow n-uc-ij5ASJMhNoRC\" data-sstype=\"slide\" data-pm=\"default\"><\/div><\/div><\/div><div data-slide-duration=\"0\" data-id=\"6622\" data-slide-public-id=\"4\" aria-hidden=\"true\" data-title=\"IMG_1007\" class=\"n2-ss-slide n2-ow  n2-ss-slide-6622\"><div role=\"note\" class=\"n2-ss-slide--focus\" tabindex=\"-1\">IMG_1007<\/div><div class=\"n2-ss-layers-container n2-ss-slide-limiter n2-ow\"><div class=\"n2-ss-layer n2-ow n-uc-oBade1uL9Trj\" data-sstype=\"slide\" data-pm=\"default\"><\/div><\/div><\/div><div data-slide-duration=\"0\" data-id=\"6623\" data-slide-public-id=\"5\" aria-hidden=\"true\" data-title=\"IMG_2012\" class=\"n2-ss-slide n2-ow  n2-ss-slide-6623\"><div role=\"note\" class=\"n2-ss-slide--focus\" tabindex=\"-1\">IMG_2012<\/div><div class=\"n2-ss-layers-container n2-ss-slide-limiter n2-ow\"><div class=\"n2-ss-layer n2-ow n-uc-A3IOVunbUjoD\" data-sstype=\"slide\" data-pm=\"default\"><\/div><\/div><\/div><div data-slide-duration=\"0\" data-id=\"6624\" data-slide-public-id=\"6\" aria-hidden=\"true\" data-title=\"IMG_2024\" class=\"n2-ss-slide n2-ow  n2-ss-slide-6624\"><div role=\"note\" class=\"n2-ss-slide--focus\" tabindex=\"-1\">IMG_2024<\/div><div class=\"n2-ss-layers-container n2-ss-slide-limiter n2-ow\"><div class=\"n2-ss-layer n2-ow n-uc-4PK2z6xLw5rf\" data-sstype=\"slide\" data-pm=\"default\"><\/div><\/div><\/div><div data-slide-duration=\"0\" data-id=\"6625\" data-slide-public-id=\"7\" aria-hidden=\"true\" data-title=\"IMG_2025\" class=\"n2-ss-slide n2-ow  n2-ss-slide-6625\"><div role=\"note\" class=\"n2-ss-slide--focus\" tabindex=\"-1\">IMG_2025<\/div><div class=\"n2-ss-layers-container n2-ss-slide-limiter n2-ow\"><div class=\"n2-ss-layer n2-ow n-uc-dmhSrzwNMcqW\" data-sstype=\"slide\" data-pm=\"default\"><\/div><\/div><\/div><div data-slide-duration=\"0\" data-id=\"6626\" data-slide-public-id=\"8\" aria-hidden=\"true\" data-title=\"IMG_2027\" class=\"n2-ss-slide n2-ow  n2-ss-slide-6626\"><div role=\"note\" class=\"n2-ss-slide--focus\" tabindex=\"-1\">IMG_2027<\/div><div class=\"n2-ss-layers-container n2-ss-slide-limiter n2-ow\"><div class=\"n2-ss-layer n2-ow n-uc-mChceYrcBezr\" data-sstype=\"slide\" data-pm=\"default\"><\/div><\/div><\/div>                    <\/div>\n\n                                    <\/div>\n            <\/div>\n        <\/div>\n        <div class=\"n2-ss-slider-controls n2-ss-slider-controls-absolute-left-center\"><div style=\"--widget-offset:15px;\" class=\"n2-ss-widget nextend-arrow n2-ow-all nextend-arrow-previous  nextend-arrow-animated-fade\" data-hide-mobileportrait=\"1\" id=\"n2-ss-171-arrow-previous\" role=\"button\" aria-label=\"previous arrow\" tabindex=\"0\"><img loading=\"lazy\" decoding=\"async\" width=\"32\" height=\"32\" class=\"skip-lazy\" data-skip-lazy=\"1\" src=\"data:image\/svg+xml;base64,PHN2ZyB3aWR0aD0iMzIiIGhlaWdodD0iMzIiIHZpZXdCb3g9IjAgMCAzMiAzMiIgeG1sbnM9Imh0dHA6Ly93d3cudzMub3JnLzIwMDAvc3ZnIj4KICAgIDxwYXRoIGQ9Ik0xMS40MzMgMTUuOTkyTDIyLjY5IDUuNzEyYy4zOTMtLjM5LjM5My0xLjAzIDAtMS40Mi0uMzkzLS4zOS0xLjAzLS4zOS0xLjQyMyAwbC0xMS45OCAxMC45NGMtLjIxLjIxLS4zLjQ5LS4yODUuNzYtLjAxNS4yOC4wNzUuNTYuMjg0Ljc3bDExLjk4IDEwLjk0Yy4zOTMuMzkgMS4wMy4zOSAxLjQyNCAwIC4zOTMtLjQuMzkzLTEuMDMgMC0xLjQybC0xMS4yNTctMTAuMjkiCiAgICAgICAgICBmaWxsPSIjZmZmZmZmIiBvcGFjaXR5PSIwLjgiIGZpbGwtcnVsZT0iZXZlbm9kZCIvPgo8L3N2Zz4=\" alt=\"previous arrow\"><\/div><\/div><div class=\"n2-ss-slider-controls n2-ss-slider-controls-absolute-right-center\"><div style=\"--widget-offset:15px;\" class=\"n2-ss-widget nextend-arrow n2-ow-all nextend-arrow-next  nextend-arrow-animated-fade\" data-hide-mobileportrait=\"1\" id=\"n2-ss-171-arrow-next\" role=\"button\" aria-label=\"next arrow\" tabindex=\"0\"><img loading=\"lazy\" decoding=\"async\" width=\"32\" height=\"32\" class=\"skip-lazy\" data-skip-lazy=\"1\" src=\"data:image\/svg+xml;base64,PHN2ZyB3aWR0aD0iMzIiIGhlaWdodD0iMzIiIHZpZXdCb3g9IjAgMCAzMiAzMiIgeG1sbnM9Imh0dHA6Ly93d3cudzMub3JnLzIwMDAvc3ZnIj4KICAgIDxwYXRoIGQ9Ik0xMC43MjIgNC4yOTNjLS4zOTQtLjM5LTEuMDMyLS4zOS0xLjQyNyAwLS4zOTMuMzktLjM5MyAxLjAzIDAgMS40MmwxMS4yODMgMTAuMjgtMTEuMjgzIDEwLjI5Yy0uMzkzLjM5LS4zOTMgMS4wMiAwIDEuNDIuMzk1LjM5IDEuMDMzLjM5IDEuNDI3IDBsMTIuMDA3LTEwLjk0Yy4yMS0uMjEuMy0uNDkuMjg0LS43Ny4wMTQtLjI3LS4wNzYtLjU1LS4yODYtLjc2TDEwLjcyIDQuMjkzeiIKICAgICAgICAgIGZpbGw9IiNmZmZmZmYiIG9wYWNpdHk9IjAuOCIgZmlsbC1ydWxlPSJldmVub2RkIi8+Cjwvc3ZnPg==\" alt=\"next arrow\"><\/div><\/div><\/div><\/div><ss3-loader><\/ss3-loader><\/div><\/div><div class=\"n2_clear\"><\/div><\/div><\/div><\/div>\n","protected":false},"excerpt":{"rendered":"","protected":false},"author":1,"featured_media":0,"parent":0,"menu_order":0,"comment_status":"closed","ping_status":"closed","template":"","meta":{"qubely_global_settings":"","qubely_interactions":"","footnotes":""},"class_list":["post-12037","page","type-page","status-publish","hentry"],"blocksy_meta":{"styles_descriptor":{"styles":{"desktop":"","tablet":"","mobile":""},"google_fonts":[],"version":6}},"yoast_head":"<!-- This site is optimized with the Yoast SEO plugin v27.3 - https:\/\/yoast.com\/product\/yoast-seo-wordpress\/ -->\n<title>DIAPORAMA : Martine fatigu\u00e9e - Pigouille Site de Association Martine Goemoniers<\/title>\n<meta name=\"robots\" content=\"index, follow, max-snippet:-1, max-image-preview:large, max-video-preview:-1\" \/>\n<link rel=\"canonical\" href=\"https:\/\/pigouille.com\/WP\/diaporama-martine_fatiguee\/\" \/>\n<meta property=\"og:locale\" content=\"fr_FR\" \/>\n<meta property=\"og:type\" content=\"article\" \/>\n<meta property=\"og:title\" content=\"DIAPORAMA : Martine fatigu\u00e9e - Pigouille Site de Association Martine Goemoniers\" \/>\n<meta property=\"og:url\" content=\"https:\/\/pigouille.com\/WP\/diaporama-martine_fatiguee\/\" \/>\n<meta property=\"og:site_name\" content=\"Pigouille Site de Association Martine Goemoniers\" \/>\n<meta property=\"article:modified_time\" content=\"2024-04-20T08:05:06+00:00\" \/>\n<meta property=\"og:image\" content=\"https:\/\/pigouille.com\/WP\/wp-content\/uploads\/2021\/03\/close5.png\" \/>\n<meta name=\"twitter:card\" content=\"summary_large_image\" \/>\n<meta name=\"twitter:label1\" content=\"Dur\u00e9e de lecture estim\u00e9e\" \/>\n\t<meta name=\"twitter:data1\" content=\"1 minute\" \/>\n<script type=\"application\/ld+json\" class=\"yoast-schema-graph\">{\"@context\":\"https:\\\/\\\/schema.org\",\"@graph\":[{\"@type\":\"WebPage\",\"@id\":\"https:\\\/\\\/pigouille.com\\\/WP\\\/diaporama-martine_fatiguee\\\/\",\"url\":\"https:\\\/\\\/pigouille.com\\\/WP\\\/diaporama-martine_fatiguee\\\/\",\"name\":\"DIAPORAMA : Martine fatigu\u00e9e - Pigouille Site de Association Martine Goemoniers\",\"isPartOf\":{\"@id\":\"https:\\\/\\\/pigouille.com\\\/WP\\\/#website\"},\"primaryImageOfPage\":{\"@id\":\"https:\\\/\\\/pigouille.com\\\/WP\\\/diaporama-martine_fatiguee\\\/#primaryimage\"},\"image\":{\"@id\":\"https:\\\/\\\/pigouille.com\\\/WP\\\/diaporama-martine_fatiguee\\\/#primaryimage\"},\"thumbnailUrl\":\"https:\\\/\\\/pigouille.com\\\/WP\\\/wp-content\\\/uploads\\\/2021\\\/03\\\/close5.png\",\"datePublished\":\"2023-02-08T23:22:24+00:00\",\"dateModified\":\"2024-04-20T08:05:06+00:00\",\"breadcrumb\":{\"@id\":\"https:\\\/\\\/pigouille.com\\\/WP\\\/diaporama-martine_fatiguee\\\/#breadcrumb\"},\"inLanguage\":\"fr-FR\",\"potentialAction\":[{\"@type\":\"ReadAction\",\"target\":[\"https:\\\/\\\/pigouille.com\\\/WP\\\/diaporama-martine_fatiguee\\\/\"]}]},{\"@type\":\"ImageObject\",\"inLanguage\":\"fr-FR\",\"@id\":\"https:\\\/\\\/pigouille.com\\\/WP\\\/diaporama-martine_fatiguee\\\/#primaryimage\",\"url\":\"https:\\\/\\\/pigouille.com\\\/WP\\\/wp-content\\\/uploads\\\/2021\\\/03\\\/close5.png\",\"contentUrl\":\"https:\\\/\\\/pigouille.com\\\/WP\\\/wp-content\\\/uploads\\\/2021\\\/03\\\/close5.png\",\"width\":48,\"height\":48},{\"@type\":\"BreadcrumbList\",\"@id\":\"https:\\\/\\\/pigouille.com\\\/WP\\\/diaporama-martine_fatiguee\\\/#breadcrumb\",\"itemListElement\":[{\"@type\":\"ListItem\",\"position\":1,\"name\":\"Accueil\",\"item\":\"https:\\\/\\\/pigouille.com\\\/WP\\\/\"},{\"@type\":\"ListItem\",\"position\":2,\"name\":\"DIAPORAMA : Martine fatigu\u00e9e\"}]},{\"@type\":\"WebSite\",\"@id\":\"https:\\\/\\\/pigouille.com\\\/WP\\\/#website\",\"url\":\"https:\\\/\\\/pigouille.com\\\/WP\\\/\",\"name\":\"Pigouille Site de Association Martine Goemoniers\",\"description\":\"Cotre Goemonier \u00e0 Landeda\",\"publisher\":{\"@id\":\"https:\\\/\\\/pigouille.com\\\/WP\\\/#organization\"},\"potentialAction\":[{\"@type\":\"SearchAction\",\"target\":{\"@type\":\"EntryPoint\",\"urlTemplate\":\"https:\\\/\\\/pigouille.com\\\/WP\\\/?s={search_term_string}\"},\"query-input\":{\"@type\":\"PropertyValueSpecification\",\"valueRequired\":true,\"valueName\":\"search_term_string\"}}],\"inLanguage\":\"fr-FR\"},{\"@type\":\"Organization\",\"@id\":\"https:\\\/\\\/pigouille.com\\\/WP\\\/#organization\",\"name\":\"Pigouille Site de Association Martine Goemoniers\",\"url\":\"https:\\\/\\\/pigouille.com\\\/WP\\\/\",\"logo\":{\"@type\":\"ImageObject\",\"inLanguage\":\"fr-FR\",\"@id\":\"https:\\\/\\\/pigouille.com\\\/WP\\\/#\\\/schema\\\/logo\\\/image\\\/\",\"url\":\"https:\\\/\\\/pigouille.com\\\/WP\\\/wp-content\\\/uploads\\\/2021\\\/03\\\/Logo_M.png\",\"contentUrl\":\"https:\\\/\\\/pigouille.com\\\/WP\\\/wp-content\\\/uploads\\\/2021\\\/03\\\/Logo_M.png\",\"width\":52,\"height\":48,\"caption\":\"Pigouille Site de Association Martine Goemoniers\"},\"image\":{\"@id\":\"https:\\\/\\\/pigouille.com\\\/WP\\\/#\\\/schema\\\/logo\\\/image\\\/\"}}]}<\/script>\n<!-- \/ Yoast SEO plugin. -->","yoast_head_json":{"title":"DIAPORAMA : Martine fatigu\u00e9e - Pigouille Site de Association Martine Goemoniers","robots":{"index":"index","follow":"follow","max-snippet":"max-snippet:-1","max-image-preview":"max-image-preview:large","max-video-preview":"max-video-preview:-1"},"canonical":"https:\/\/pigouille.com\/WP\/diaporama-martine_fatiguee\/","og_locale":"fr_FR","og_type":"article","og_title":"DIAPORAMA : Martine fatigu\u00e9e - Pigouille Site de Association Martine Goemoniers","og_url":"https:\/\/pigouille.com\/WP\/diaporama-martine_fatiguee\/","og_site_name":"Pigouille Site de Association Martine Goemoniers","article_modified_time":"2024-04-20T08:05:06+00:00","og_image":[{"url":"https:\/\/pigouille.com\/WP\/wp-content\/uploads\/2021\/03\/close5.png","type":"","width":"","height":""}],"twitter_card":"summary_large_image","twitter_misc":{"Dur\u00e9e de lecture estim\u00e9e":"1 minute"},"schema":{"@context":"https:\/\/schema.org","@graph":[{"@type":"WebPage","@id":"https:\/\/pigouille.com\/WP\/diaporama-martine_fatiguee\/","url":"https:\/\/pigouille.com\/WP\/diaporama-martine_fatiguee\/","name":"DIAPORAMA : Martine fatigu\u00e9e - Pigouille Site de Association Martine Goemoniers","isPartOf":{"@id":"https:\/\/pigouille.com\/WP\/#website"},"primaryImageOfPage":{"@id":"https:\/\/pigouille.com\/WP\/diaporama-martine_fatiguee\/#primaryimage"},"image":{"@id":"https:\/\/pigouille.com\/WP\/diaporama-martine_fatiguee\/#primaryimage"},"thumbnailUrl":"https:\/\/pigouille.com\/WP\/wp-content\/uploads\/2021\/03\/close5.png","datePublished":"2023-02-08T23:22:24+00:00","dateModified":"2024-04-20T08:05:06+00:00","breadcrumb":{"@id":"https:\/\/pigouille.com\/WP\/diaporama-martine_fatiguee\/#breadcrumb"},"inLanguage":"fr-FR","potentialAction":[{"@type":"ReadAction","target":["https:\/\/pigouille.com\/WP\/diaporama-martine_fatiguee\/"]}]},{"@type":"ImageObject","inLanguage":"fr-FR","@id":"https:\/\/pigouille.com\/WP\/diaporama-martine_fatiguee\/#primaryimage","url":"https:\/\/pigouille.com\/WP\/wp-content\/uploads\/2021\/03\/close5.png","contentUrl":"https:\/\/pigouille.com\/WP\/wp-content\/uploads\/2021\/03\/close5.png","width":48,"height":48},{"@type":"BreadcrumbList","@id":"https:\/\/pigouille.com\/WP\/diaporama-martine_fatiguee\/#breadcrumb","itemListElement":[{"@type":"ListItem","position":1,"name":"Accueil","item":"https:\/\/pigouille.com\/WP\/"},{"@type":"ListItem","position":2,"name":"DIAPORAMA : Martine fatigu\u00e9e"}]},{"@type":"WebSite","@id":"https:\/\/pigouille.com\/WP\/#website","url":"https:\/\/pigouille.com\/WP\/","name":"Pigouille Site de Association Martine Goemoniers","description":"Cotre Goemonier \u00e0 Landeda","publisher":{"@id":"https:\/\/pigouille.com\/WP\/#organization"},"potentialAction":[{"@type":"SearchAction","target":{"@type":"EntryPoint","urlTemplate":"https:\/\/pigouille.com\/WP\/?s={search_term_string}"},"query-input":{"@type":"PropertyValueSpecification","valueRequired":true,"valueName":"search_term_string"}}],"inLanguage":"fr-FR"},{"@type":"Organization","@id":"https:\/\/pigouille.com\/WP\/#organization","name":"Pigouille Site de Association Martine Goemoniers","url":"https:\/\/pigouille.com\/WP\/","logo":{"@type":"ImageObject","inLanguage":"fr-FR","@id":"https:\/\/pigouille.com\/WP\/#\/schema\/logo\/image\/","url":"https:\/\/pigouille.com\/WP\/wp-content\/uploads\/2021\/03\/Logo_M.png","contentUrl":"https:\/\/pigouille.com\/WP\/wp-content\/uploads\/2021\/03\/Logo_M.png","width":52,"height":48,"caption":"Pigouille Site de Association Martine Goemoniers"},"image":{"@id":"https:\/\/pigouille.com\/WP\/#\/schema\/logo\/image\/"}}]}},"_links":{"self":[{"href":"https:\/\/pigouille.com\/WP\/wp-json\/wp\/v2\/pages\/12037","targetHints":{"allow":["GET"]}}],"collection":[{"href":"https:\/\/pigouille.com\/WP\/wp-json\/wp\/v2\/pages"}],"about":[{"href":"https:\/\/pigouille.com\/WP\/wp-json\/wp\/v2\/types\/page"}],"author":[{"embeddable":true,"href":"https:\/\/pigouille.com\/WP\/wp-json\/wp\/v2\/users\/1"}],"replies":[{"embeddable":true,"href":"https:\/\/pigouille.com\/WP\/wp-json\/wp\/v2\/comments?post=12037"}],"version-history":[{"count":51,"href":"https:\/\/pigouille.com\/WP\/wp-json\/wp\/v2\/pages\/12037\/revisions"}],"predecessor-version":[{"id":15401,"href":"https:\/\/pigouille.com\/WP\/wp-json\/wp\/v2\/pages\/12037\/revisions\/15401"}],"wp:attachment":[{"href":"https:\/\/pigouille.com\/WP\/wp-json\/wp\/v2\/media?parent=12037"}],"curies":[{"name":"wp","href":"https:\/\/api.w.org\/{rel}","templated":true}]}}